{"id":12895,"date":"2016-02-12T11:38:11","date_gmt":"2016-02-12T10:38:11","guid":{"rendered":"http:\/\/krakow-guide.se\/?page_id=12895\/?page_id=12895"},"modified":"2025-12-13T19:20:11","modified_gmt":"2025-12-13T18:20:11","slug":"universitet","status":"publish","type":"page","link":"https:\/\/krakowzwiedzanie.pl\/sv\/universitet\/","title":{"rendered":"Universitet"},"content":{"rendered":"<div class=\"wpb-content-wrapper\"><p>[vc_row type=&#8221;full-width-section&#8221; css=&#8221;.vc_custom_1422813723719{margin-bottom: 0px !important;border-top-width: 1px !important;border-bottom-width: 1px !important;padding-top: 93px !important;padding-bottom: 50px !important;background-color: #f9fafb !important;border-top-color: #ecf0f1 !important;border-top-style: solid !important;border-bottom-color: #ecf0f1 !important;border-bottom-style: solid !important;}&#8221;][vc_column width=&#8221;1\/2&#8243; css=&#8221;.vc_custom_1422813718196{padding-bottom: 49px !important;}&#8221;][vc_custom_heading text=&#8221;Universitet&#8221; font_container=&#8221;tag:h2|font_size:36|text_align:left&#8221; google_fonts=&#8221;font_family:Lato%3A100%2C100italic%2C300%2C300italic%2Cregular%2Citalic%2C700%2C700italic%2C900%2C900italic|font_style:300%20light%20regular%3A300%3Anormal&#8221; css=&#8221;.vc_custom_1451300360566{margin-bottom: 15px !important;}&#8221;][vc_custom_heading text=&#8221;K\u00e4nna den ovanliga st\u00e4ningen av medeltida universitetet&#8221; font_container=&#8221;tag:h2|font_size:36|text_align:left&#8221; google_fonts=&#8221;font_family:Lato%3A100%2C100italic%2C300%2C300italic%2Cregular%2Citalic%2C700%2C700italic%2C900%2C900italic|font_style:700%20bold%20regular%3A700%3Anormal&#8221; css=&#8221;.vc_custom_1451300461838{margin-bottom: 18px !important;}&#8221;][vc_column_text css=&#8221;.vc_custom_1451300618195{margin-bottom: 18px !important;}&#8221;]Vi inbjuder att bes\u00f6ka verkligen en enast\u00e5ende del av Gamla stan. Universitetet i Krak\u00f3w \u00e4r den \u00e4ldsta i Polen och den \u00e4ndra i Centraleuropa. Den f\u00f6rsta studium generale (i medeltiden namnet f\u00f6r ett universitet) grundades av kungen <strong>Kasimir den Store<\/strong> 1364, men efter hans d\u00f6d f\u00f6rf\u00e4ll. Universitetets renoverades i \u00e5r 1400 under Wladyslaw Jagiello (d\u00e4rf\u00f6r heter det Jagiellonski universitetet). Sedan dess \u00e4r universitetet i n\u00e4rheten av Stor torget, mellan Anna och Golebia gatan.<\/p>\n<p>N\u00e4r man \u00e4r i Krak\u00f3w b\u00f6r man ocks\u00e5 se universitetet \u2013 s\u00e5 att man kan s\u00e4ga, att man s\u00e5g allt. V\u00e5ra guidar visar er quarterets charm \u2013 b\u00f6rja med <strong>Collegium Maius<\/strong>, den \u00e4ldsta universitetets byggnade. Under den korta promenaden som slutar vid <strong>Collegium Novum<\/strong> ber\u00e4ttar vi olika historier \u2013 om universitetet och personer som studerade h\u00e4r (fr\u00e5n Nicolaus Copernicus till Johannes Paul II.) Du kommer att f\u00f6rtrollas med ro, allvaret och v\u00e4rdighet. Se platsen som formar intelektuella identitet av Krak\u00f3w![\/vc_column_text]\n<!-- lists --><div class=\"rd_list_1_alt rd_list_left\"><style type='text\/css'> @font-face{font-family: 'fa'; src:url('https:\/\/krakowzwiedzanie.pl\/wp-content\/themes\/thefox\/includes\/4k-icons\/icons\/4k-icons-pack02\/icons\/fonts\/fa.eot'); src:url('https:\/\/krakowzwiedzanie.pl\/wp-content\/themes\/thefox\/includes\/4k-icons\/icons\/4k-icons-pack02\/icons\/fonts\/fa.eot?#iefix') format('embedded-opentype'), url('https:\/\/krakowzwiedzanie.pl\/wp-content\/themes\/thefox\/includes\/4k-icons\/icons\/4k-icons-pack02\/icons\/fonts\/fa.woff') format('woff'), url('https:\/\/krakowzwiedzanie.pl\/wp-content\/themes\/thefox\/includes\/4k-icons\/icons\/4k-icons-pack02\/icons\/fonts\/fa.ttf') format('truetype'), url('https:\/\/krakowzwiedzanie.pl\/wp-content\/themes\/thefox\/includes\/4k-icons\/icons\/4k-icons-pack02\/icons\/fonts\/fa.svg#oi') format('svg'); font-weight: normal; font-style: normal;}#rand_399b5tzplgj02w0y8suz .fa-check-circle:before{font-family: 'fa'; font-weight: normal; font-style: normal;}#rand_399b5tzplgj02w0y8suz .fa-check-circle:before{content: \"\\f058\";}<\/style>\n<style type=\"text\/css\" >.rd_list_1 .list_item_ctn { border-color:#ecf0f1}.rd_list_1 #rand_399b5tzplgj02w0y8suz .list_icn i,.rd_list_1_alt #rand_399b5tzplgj02w0y8suz .list_icn i{color:#1abc9c;}.rd_list_2 #rand_399b5tzplgj02w0y8suz:after{background:#5a5d6b;}.rd_list_2 #rand_399b5tzplgj02w0y8suz .list_icn i{color:#1abc9c;}.rd_list_3 #rand_399b5tzplgj02w0y8suz .list_icn,.rd_list_5 #rand_399b5tzplgj02w0y8suz .list_icn,.rd_list_6 #rand_399b5tzplgj02w0y8suz .list_icn{background:#1abc9c;}.rd_list_4 #rand_399b5tzplgj02w0y8suz{background:#1abc9c;}#rand_399b5tzplgj02w0y8suz h3{color:#2c3e50;}#rand_399b5tzplgj02w0y8suz p{color:#5a5d6b;}.rd_list_7 #rand_399b5tzplgj02w0y8suz .list_icn{color:#1abc9c;}<\/style><div class=\"list_item_ctn\" id=\"rand_399b5tzplgj02w0y8suz\"><div class=\"list_icn\"><i class=\"fa-check-circle\"><\/i><\/div><div class=\"list_desc\"><p>Guided tour in English, German, Swedish, Russian, French, Spanish, Italian or Polish<br \/>\n<\/p><\/div><\/div><style type='text\/css'> @font-face{font-family: 'fa'; src:url('https:\/\/krakowzwiedzanie.pl\/wp-content\/themes\/thefox\/includes\/4k-icons\/icons\/4k-icons-pack02\/icons\/fonts\/fa.eot'); src:url('https:\/\/krakowzwiedzanie.pl\/wp-content\/themes\/thefox\/includes\/4k-icons\/icons\/4k-icons-pack02\/icons\/fonts\/fa.eot?#iefix') format('embedded-opentype'), url('https:\/\/krakowzwiedzanie.pl\/wp-content\/themes\/thefox\/includes\/4k-icons\/icons\/4k-icons-pack02\/icons\/fonts\/fa.woff') format('woff'), url('https:\/\/krakowzwiedzanie.pl\/wp-content\/themes\/thefox\/includes\/4k-icons\/icons\/4k-icons-pack02\/icons\/fonts\/fa.ttf') format('truetype'), url('https:\/\/krakowzwiedzanie.pl\/wp-content\/themes\/thefox\/includes\/4k-icons\/icons\/4k-icons-pack02\/icons\/fonts\/fa.svg#oi') format('svg'); font-weight: normal; font-style: normal;}#rand_rslrv9r6p3sgp7bnrb2y .fa-check-circle:before{font-family: 'fa'; font-weight: normal; font-style: normal;}#rand_rslrv9r6p3sgp7bnrb2y .fa-check-circle:before{content: \"\\f058\";}<\/style>\n<style type=\"text\/css\" >.rd_list_1 .list_item_ctn { border-color:#ecf0f1}.rd_list_1 #rand_rslrv9r6p3sgp7bnrb2y .list_icn i,.rd_list_1_alt #rand_rslrv9r6p3sgp7bnrb2y .list_icn i{color:#1abc9c;}.rd_list_2 #rand_rslrv9r6p3sgp7bnrb2y:after{background:#5a5d6b;}.rd_list_2 #rand_rslrv9r6p3sgp7bnrb2y .list_icn i{color:#1abc9c;}.rd_list_3 #rand_rslrv9r6p3sgp7bnrb2y .list_icn,.rd_list_5 #rand_rslrv9r6p3sgp7bnrb2y .list_icn,.rd_list_6 #rand_rslrv9r6p3sgp7bnrb2y .list_icn{background:#1abc9c;}.rd_list_4 #rand_rslrv9r6p3sgp7bnrb2y{background:#1abc9c;}#rand_rslrv9r6p3sgp7bnrb2y h3{color:#2c3e50;}#rand_rslrv9r6p3sgp7bnrb2y p{color:#5a5d6b;}.rd_list_7 #rand_rslrv9r6p3sgp7bnrb2y .list_icn{color:#1abc9c;}<\/style><div class=\"list_item_ctn\" id=\"rand_rslrv9r6p3sgp7bnrb2y\"><div class=\"list_icn\"><i class=\"fa-check-circle\"><\/i><\/div><div class=\"list_desc\"><p>Tour adjusted to the age, interest and needs. Your anticipation will be our top priority!<\/p><\/div><\/div><style type='text\/css'> @font-face{font-family: 'fa'; src:url('https:\/\/krakowzwiedzanie.pl\/wp-content\/themes\/thefox\/includes\/4k-icons\/icons\/4k-icons-pack02\/icons\/fonts\/fa.eot'); src:url('https:\/\/krakowzwiedzanie.pl\/wp-content\/themes\/thefox\/includes\/4k-icons\/icons\/4k-icons-pack02\/icons\/fonts\/fa.eot?#iefix') format('embedded-opentype'), url('https:\/\/krakowzwiedzanie.pl\/wp-content\/themes\/thefox\/includes\/4k-icons\/icons\/4k-icons-pack02\/icons\/fonts\/fa.woff') format('woff'), url('https:\/\/krakowzwiedzanie.pl\/wp-content\/themes\/thefox\/includes\/4k-icons\/icons\/4k-icons-pack02\/icons\/fonts\/fa.ttf') format('truetype'), url('https:\/\/krakowzwiedzanie.pl\/wp-content\/themes\/thefox\/includes\/4k-icons\/icons\/4k-icons-pack02\/icons\/fonts\/fa.svg#oi') format('svg'); font-weight: normal; font-style: normal;}#rand_dchtqoytqivir9mlirwl .fa-check-circle:before{font-family: 'fa'; font-weight: normal; font-style: normal;}#rand_dchtqoytqivir9mlirwl .fa-check-circle:before{content: \"\\f058\";}<\/style>\n<style type=\"text\/css\" >.rd_list_1 .list_item_ctn { border-color:#ecf0f1}.rd_list_1 #rand_dchtqoytqivir9mlirwl .list_icn i,.rd_list_1_alt #rand_dchtqoytqivir9mlirwl .list_icn i{color:#1abc9c;}.rd_list_2 #rand_dchtqoytqivir9mlirwl:after{background:#5a5d6b;}.rd_list_2 #rand_dchtqoytqivir9mlirwl .list_icn i{color:#1abc9c;}.rd_list_3 #rand_dchtqoytqivir9mlirwl .list_icn,.rd_list_5 #rand_dchtqoytqivir9mlirwl .list_icn,.rd_list_6 #rand_dchtqoytqivir9mlirwl .list_icn{background:#1abc9c;}.rd_list_4 #rand_dchtqoytqivir9mlirwl{background:#1abc9c;}#rand_dchtqoytqivir9mlirwl h3{color:#2c3e50;}#rand_dchtqoytqivir9mlirwl p{color:#5a5d6b;}.rd_list_7 #rand_dchtqoytqivir9mlirwl .list_icn{color:#1abc9c;}<\/style><div class=\"list_item_ctn\" id=\"rand_dchtqoytqivir9mlirwl\"><div class=\"list_icn\"><i class=\"fa-check-circle\"><\/i><\/div><div class=\"list_desc\"><p>Duration: 2-4 h, depending on the selected option of sightseeing<\/p><\/div><\/div><style type='text\/css'> @font-face{font-family: 'fa'; src:url('https:\/\/krakowzwiedzanie.pl\/wp-content\/themes\/thefox\/includes\/4k-icons\/icons\/4k-icons-pack02\/icons\/fonts\/fa.eot'); src:url('https:\/\/krakowzwiedzanie.pl\/wp-content\/themes\/thefox\/includes\/4k-icons\/icons\/4k-icons-pack02\/icons\/fonts\/fa.eot?#iefix') format('embedded-opentype'), url('https:\/\/krakowzwiedzanie.pl\/wp-content\/themes\/thefox\/includes\/4k-icons\/icons\/4k-icons-pack02\/icons\/fonts\/fa.woff') format('woff'), url('https:\/\/krakowzwiedzanie.pl\/wp-content\/themes\/thefox\/includes\/4k-icons\/icons\/4k-icons-pack02\/icons\/fonts\/fa.ttf') format('truetype'), url('https:\/\/krakowzwiedzanie.pl\/wp-content\/themes\/thefox\/includes\/4k-icons\/icons\/4k-icons-pack02\/icons\/fonts\/fa.svg#oi') format('svg'); font-weight: normal; font-style: normal;}#rand_byf3d7jtehogs2lm7tjt .fa-check-circle:before{font-family: 'fa'; font-weight: normal; font-style: normal;}#rand_byf3d7jtehogs2lm7tjt .fa-check-circle:before{content: \"\\f058\";}<\/style>\n<style type=\"text\/css\" >.rd_list_1 .list_item_ctn { border-color:#ecf0f1}.rd_list_1 #rand_byf3d7jtehogs2lm7tjt .list_icn i,.rd_list_1_alt #rand_byf3d7jtehogs2lm7tjt .list_icn i{color:#1abc9c;}.rd_list_2 #rand_byf3d7jtehogs2lm7tjt:after{background:#5a5d6b;}.rd_list_2 #rand_byf3d7jtehogs2lm7tjt .list_icn i{color:#1abc9c;}.rd_list_3 #rand_byf3d7jtehogs2lm7tjt .list_icn,.rd_list_5 #rand_byf3d7jtehogs2lm7tjt .list_icn,.rd_list_6 #rand_byf3d7jtehogs2lm7tjt .list_icn{background:#1abc9c;}.rd_list_4 #rand_byf3d7jtehogs2lm7tjt{background:#1abc9c;}#rand_byf3d7jtehogs2lm7tjt h3{color:#2c3e50;}#rand_byf3d7jtehogs2lm7tjt p{color:#5a5d6b;}.rd_list_7 #rand_byf3d7jtehogs2lm7tjt .list_icn{color:#1abc9c;}<\/style><div class=\"list_item_ctn\" id=\"rand_byf3d7jtehogs2lm7tjt\"><div class=\"list_icn\"><i class=\"fa-check-circle\"><\/i><\/div><div class=\"list_desc\"><p>Possible break for lunch. Dinner packages on offer<\/p><\/div><\/div><style type='text\/css'> @font-face{font-family: 'fa'; src:url('https:\/\/krakowzwiedzanie.pl\/wp-content\/themes\/thefox\/includes\/4k-icons\/icons\/4k-icons-pack02\/icons\/fonts\/fa.eot'); src:url('https:\/\/krakowzwiedzanie.pl\/wp-content\/themes\/thefox\/includes\/4k-icons\/icons\/4k-icons-pack02\/icons\/fonts\/fa.eot?#iefix') format('embedded-opentype'), url('https:\/\/krakowzwiedzanie.pl\/wp-content\/themes\/thefox\/includes\/4k-icons\/icons\/4k-icons-pack02\/icons\/fonts\/fa.woff') format('woff'), url('https:\/\/krakowzwiedzanie.pl\/wp-content\/themes\/thefox\/includes\/4k-icons\/icons\/4k-icons-pack02\/icons\/fonts\/fa.ttf') format('truetype'), url('https:\/\/krakowzwiedzanie.pl\/wp-content\/themes\/thefox\/includes\/4k-icons\/icons\/4k-icons-pack02\/icons\/fonts\/fa.svg#oi') format('svg'); font-weight: normal; font-style: normal;}#rand_ukwrbzckyjhc85iqwec6 .fa-check-circle:before{font-family: 'fa'; font-weight: normal; font-style: normal;}#rand_ukwrbzckyjhc85iqwec6 .fa-check-circle:before{content: \"\\f058\";}<\/style>\n<style type=\"text\/css\" >.rd_list_1 .list_item_ctn { border-color:#ecf0f1}.rd_list_1 #rand_ukwrbzckyjhc85iqwec6 .list_icn i,.rd_list_1_alt #rand_ukwrbzckyjhc85iqwec6 .list_icn i{color:#1abc9c;}.rd_list_2 #rand_ukwrbzckyjhc85iqwec6:after{background:#5a5d6b;}.rd_list_2 #rand_ukwrbzckyjhc85iqwec6 .list_icn i{color:#1abc9c;}.rd_list_3 #rand_ukwrbzckyjhc85iqwec6 .list_icn,.rd_list_5 #rand_ukwrbzckyjhc85iqwec6 .list_icn,.rd_list_6 #rand_ukwrbzckyjhc85iqwec6 .list_icn{background:#1abc9c;}.rd_list_4 #rand_ukwrbzckyjhc85iqwec6{background:#1abc9c;}#rand_ukwrbzckyjhc85iqwec6 h3{color:#2c3e50;}#rand_ukwrbzckyjhc85iqwec6 p{color:#5a5d6b;}.rd_list_7 #rand_ukwrbzckyjhc85iqwec6 .list_icn{color:#1abc9c;}<\/style><div class=\"list_item_ctn\" id=\"rand_ukwrbzckyjhc85iqwec6\"><div class=\"list_icn\"><i class=\"fa-check-circle\"><\/i><\/div><div class=\"list_desc\"><p>Licensed Krakow guide with excellent knowledge and sense of humour<\/p><\/div><\/div><style type='text\/css'> @font-face{font-family: 'fa'; src:url('https:\/\/krakowzwiedzanie.pl\/wp-content\/themes\/thefox\/includes\/4k-icons\/icons\/4k-icons-pack02\/icons\/fonts\/fa.eot'); src:url('https:\/\/krakowzwiedzanie.pl\/wp-content\/themes\/thefox\/includes\/4k-icons\/icons\/4k-icons-pack02\/icons\/fonts\/fa.eot?#iefix') format('embedded-opentype'), url('https:\/\/krakowzwiedzanie.pl\/wp-content\/themes\/thefox\/includes\/4k-icons\/icons\/4k-icons-pack02\/icons\/fonts\/fa.woff') format('woff'), url('https:\/\/krakowzwiedzanie.pl\/wp-content\/themes\/thefox\/includes\/4k-icons\/icons\/4k-icons-pack02\/icons\/fonts\/fa.ttf') format('truetype'), url('https:\/\/krakowzwiedzanie.pl\/wp-content\/themes\/thefox\/includes\/4k-icons\/icons\/4k-icons-pack02\/icons\/fonts\/fa.svg#oi') format('svg'); font-weight: normal; font-style: normal;}#rand_gcfuhmlm7srsgl4pv2cd .fa-check-circle:before{font-family: 'fa'; font-weight: normal; font-style: normal;}#rand_gcfuhmlm7srsgl4pv2cd .fa-check-circle:before{content: \"\\f058\";}<\/style>\n<style type=\"text\/css\" >.rd_list_1 .list_item_ctn { border-color:#ecf0f1}.rd_list_1 #rand_gcfuhmlm7srsgl4pv2cd .list_icn i,.rd_list_1_alt #rand_gcfuhmlm7srsgl4pv2cd .list_icn i{color:#1abc9c;}.rd_list_2 #rand_gcfuhmlm7srsgl4pv2cd:after{background:#5a5d6b;}.rd_list_2 #rand_gcfuhmlm7srsgl4pv2cd .list_icn i{color:#1abc9c;}.rd_list_3 #rand_gcfuhmlm7srsgl4pv2cd .list_icn,.rd_list_5 #rand_gcfuhmlm7srsgl4pv2cd .list_icn,.rd_list_6 #rand_gcfuhmlm7srsgl4pv2cd .list_icn{background:#1abc9c;}.rd_list_4 #rand_gcfuhmlm7srsgl4pv2cd{background:#1abc9c;}#rand_gcfuhmlm7srsgl4pv2cd h3{color:#2c3e50;}#rand_gcfuhmlm7srsgl4pv2cd p{color:#5a5d6b;}.rd_list_7 #rand_gcfuhmlm7srsgl4pv2cd .list_icn{color:#1abc9c;}<\/style><div class=\"list_item_ctn\" id=\"rand_gcfuhmlm7srsgl4pv2cd\"><div class=\"list_icn\"><i class=\"fa-check-circle\"><\/i><\/div><div class=\"list_desc\"><p>Starting point: the corner of St. Anne\u2019s and Jagiello\u0144ska streets<\/p><\/div><\/div><\/div>\r\n\r\n<!-- lists END-->\n[\/vc_column][vc_column width=&#8221;1\/2&#8243; css=&#8221;.vc_custom_1422813713213{padding-top: 6px !important;padding-bottom: 49px !important;}&#8221;][vc_single_image image=&#8221;9139&#8243; img_size=&#8221;500&#215;650&#8243; alignment=&#8221;right&#8221; style=&#8221;vc_box_outline&#8221; onclick=&#8221;img_link_large&#8221; hover_effect=&#8221;img_zoom_effect&#8221; el_class=&#8221;prettyphoto&#8221;][\/vc_column][\/vc_row][vc_row css=&#8221;.vc_custom_1422891257866{margin-bottom: 0px !important;padding-top: 94px !important;padding-bottom: 100px !important;}&#8221;][vc_column][vc_custom_heading text=&#8221;University District <strong>Itinerary<\/strong>&#8221; font_container=&#8221;tag:h2|font_size:36|text_align:center&#8221; google_fonts=&#8221;font_family:Lato%3A100%2C100italic%2C300%2C300italic%2Cregular%2Citalic%2C700%2C700italic%2C900%2C900italic|font_style:300%20light%20regular%3A300%3Anormal&#8221; css=&#8221;.vc_custom_1441081977488{margin-bottom: 66px !important;}&#8221;]<style type=\"text\/css\" >#tle_ynjfrdp1e8f6wdng4p35 .v_line{background: #27efd2; background: -moz-linear-gradient(top, #27efd2 1%, #22c8f3 100%); background: -webkit-gradient(linear, left top, left bottom, color-stop(1%,#27efd2), color-stop(100%,#22c8f3)); background: -webkit-linear-gradient(top, #27efd2 1%,#22c8f3 100%); background: -o-linear-gradient(top, #27efd2 1%,#22c8f3 100%); background: -ms-linear-gradient(top, #27efd2 1%,#22c8f3 100%); background: linear-gradient(to bottom, #27efd2 1%,#22c8f3 100%); filter: progid:DXImageTransform.Microsoft.gradient( startColorstr=\"#27efd2\", endColorstr=\"#22c8f3\",GradientType=0 );}#tle_ynjfrdp1e8f6wdng4p35 .event_img{border-color:#ecf0f1;}#tle_ynjfrdp1e8f6wdng4p35 .event_info h2{color:#2c3e50;}#tle_ynjfrdp1e8f6wdng4p35 .event_info p{color:#5a5d6b;}#tle_ynjfrdp1e8f6wdng4p35 span.timeline_event_date_ctn:nth-of-type(odd) .timeline_event_date,#tle_ynjfrdp1e8f6wdng4p35 span.timeline_event_date_ctn:nth-of-type(odd) h2{background:#ffffff; color:#5a5d6b;}#tle_ynjfrdp1e8f6wdng4p35 span.timeline_event_date_ctn:nth-of-type(even) .timeline_event_date,#tle_ynjfrdp1e8f6wdng4p35 span.timeline_event_date_ctn:nth-of-type(even) h2{background:#ffffff; color:#2c3e50;}#tle_ynjfrdp1e8f6wdng4p35 div.timeline_event:nth-of-type(even):after {color:#1abc9c;}#tle_ynjfrdp1e8f6wdng4p35 div.timeline_event:nth-of-type(odd):before {color:#21c2f8;}#tle_ynjfrdp1e8f6wdng4p35 {margin-top:0px; margin-bottom:0px; }<\/style>\n<!-- Timeline Event --><div class=\"timeline_event_ctn  clearfix\" id=\"tle_ynjfrdp1e8f6wdng4p35\"><div class=\"v_line\"><\/div><span class=\"timeline_event_date_ctn\"><div class=\"timeline_event_date\"><h2>START<\/h2><\/div><\/span><div class=\"timeline_event rda_bounceInLeft\"><div class=\"event_img\"><img decoding=\"async\" class=\"\" src=\"https:\/\/krakowzwiedzanie.pl\/wp-content\/uploads\/2015\/09\/kolegiata-sw-anny-250x250.jpg\" width=\"250\" height=\"250\" alt=\"St. Anne\u2019s street and the Academic Collegiate\" title=\"\" \/><\/div><div class=\"event_triangle\"><\/div><div class=\"event_info\"><h2>St. Anne\u2019s street and the Academic Collegiate<\/h2><p>Until the 15th century the street was called \u2018Jewish street\u2019, because it leads to the Jewish quarter functioning right here. At the end of the street you can see the magnificent Baroque church of St. Anne designed in the 17<sup>th<\/sup> century by the Dutch architect Tylman van Gameren in a place of ruined, Gothic collegiate.<\/p><\/div><\/div><div class=\"timeline_event rda_bounceInRight\"><div class=\"event_img\"><img decoding=\"async\" class=\"\" src=\"https:\/\/krakowzwiedzanie.pl\/wp-content\/uploads\/2014\/12\/universitydistrict-250x250.jpg\" width=\"250\" height=\"250\" alt=\"Collegium Maius\" title=\"\" \/><\/div><div class=\"event_triangle\"><\/div><div class=\"event_info\"><h2>Collegium Maius<\/h2><p>The oldest building of the University. A beautiful Gothic College, which housed the Faculty of Philosophy. From the Middle Ages there were both lecture halls and professors\u2019 flats. We will see a wonderful courtyard surrounded by arcaded galleries. Magical atmosphere of this place is hard to describe. You can literally feel the intellectual effort of generations of scholars.\u00a0Magical atmosphere of this place is hard to describe. You can literally feel the intellectual effort of generations of scholars.<\/p><\/div><\/div><div class=\"timeline_event rda_bounceInLeft\"><div class=\"event_img\"><img decoding=\"async\" class=\"\" src=\"https:\/\/krakowzwiedzanie.pl\/wp-content\/uploads\/2014\/12\/universitydistrict-250x250.jpg\" width=\"250\" height=\"250\" alt=\"Collegium Maius\" title=\"\" \/><\/div><div class=\"event_triangle\"><\/div><div class=\"event_info\"><h2>Building of the Polish Philology Faculty<\/h2><p>We will walk between noble Colleges of the University (Colllege of Hugo Ko\u0142\u0142\u0105taj, <em>Collegium Phisicum<\/em>, <em>Collegium Minus<\/em>) and next to the so-called professorial garden to the building of the Polish Philology Faculty on Go\u0142\u0119bia Street. Why is it so important? Karol Wojty\u0142a, the future pope John Paul II studied here.<\/p><\/div><\/div><div class=\"timeline_event rda_bounceInRight\"><div class=\"event_img\"><img decoding=\"async\" class=\"\" src=\"https:\/\/krakowzwiedzanie.pl\/wp-content\/uploads\/2015\/07\/jagiellonian-university-collegium-maius-250x250.jpg\" width=\"250\" height=\"250\" alt=\"Collegium Novum\" title=\"\" \/><\/div><div class=\"event_triangle\"><\/div><div class=\"event_info\"><h2>Collegium Novum<\/h2><p>Our last stop. The 19the century college built in a place of ruined medieval dormitory. Nowadays, this beautiful, monumental building is an administrative heart of the University. Nearby, on the square between the College and the Institute of History stands a statue of Nicolaus Copernicus, probably the most famous graduate of the Krakow Academy.<\/p><\/div><\/div><span class=\"timeline_event_date_ctn\"><div class=\"timeline_event_date\"><h2>END<\/h2><\/div><\/span><\/div>\r\n\r\n<!-- Timeline Event END-->\n[\/vc_column][\/vc_row][vc_row type=&#8221;full-width-section&#8221; css=&#8221;.vc_custom_1436961495518{padding-top: 30px !important;padding-bottom: 30px !important;background-color: #ecf0f1 !important;}&#8221;][vc_column][vc_column_text]<\/p>\n\r\n            \r\n            \r\n            \r\n            <a name='map6'><\/a>\r\n            \r\n            \r\n            \r\n            \r\n            <div class=\"wpgmza_map \"  id=\"wpgmza_map_6\" style=\"display:block; overflow:auto; width:100%; height:600px; float:left;\" data-settings='{\"id\":\"6\",\"map_title\":\"University district\",\"map_width\":\"100\",\"map_height\":\"600\",\"map_start_lat\":\"50.061455\",\"map_start_lng\":\"19.933635\",\"map_start_location\":\"50.06145538655647,19.933635288360605\",\"map_start_zoom\":\"17\",\"default_marker\":\"http:\\\/\\\/krakowzwiedzanie.pl\\\/wp-content\\\/uploads\\\/2015\\\/07\\\/arch.png\",\"type\":\"1\",\"alignment\":\"1\",\"directions_enabled\":\"0\",\"styling_enabled\":\"0\",\"styling_json\":\"\",\"active\":\"0\",\"kml\":\"\",\"bicycle\":\"0\",\"traffic\":\"0\",\"dbox\":\"1\",\"dbox_width\":\"250\",\"listmarkers\":\"0\",\"listmarkers_advanced\":\"0\",\"filterbycat\":\"0\",\"ugm_enabled\":\"0\",\"ugm_category_enabled\":\"0\",\"fusion\":\"\",\"map_width_type\":\"\\\\%\",\"map_height_type\":\"px\",\"mass_marker_support\":\"1\",\"ugm_access\":\"0\",\"order_markers_by\":\"1\",\"order_markers_choice\":\"2\",\"show_user_location\":\"2\",\"default_to\":\"\",\"other_settings\":{\"store_locator_enabled\":2,\"wpgmza_store_locator_restrict\":\"\",\"store_locator_distance\":2,\"store_locator_bounce\":1,\"store_locator_hide_before_search\":2,\"store_locator_use_their_location\":2,\"store_locator_name_search\":2,\"store_locator_category\":2,\"store_locator_query_string\":\"ZIP \\\/ Address:\",\"store_locator_name_string\":\"Title \\\/ Description:\",\"wpgmza_dbox_width_type\":\"px\",\"map_max_zoom\":\"3\",\"sl_stroke_color\":\"FF0000\",\"sl_stroke_opacity\":\"0.25\",\"sl_fill_color\":\"FF0000\",\"sl_fill_opacity\":\"0.15\",\"click_open_link\":2,\"weather_layer\":2,\"weather_layer_temp_type\":1,\"cloud_layer\":2,\"transport_layer\":0,\"wpgmza_iw_type\":\"\",\"list_markers_by\":\"0\",\"push_in_map\":\"\",\"push_in_map_placement\":\"9\",\"wpgmza_push_in_map_width\":\"\",\"wpgmza_push_in_map_height\":\"\",\"shortcodeAttributes\":{\"id\":\"6\"}}}' data-map-id='6' data-shortcode-attributes='{\"id\":\"6\"}'> <\/div>\r\n            \r\n               \r\n        \n<p>[\/vc_column_text][\/vc_column][\/vc_row]<\/p>\n<\/div>","protected":false},"excerpt":{"rendered":"<p>[vc_row type=&#8221;full-width-section&#8221; css=&#8221;.vc_custom_1422813723719{margin-bottom: 0px !important;border-top-width: 1px !important;border-bottom-width: 1px !important;padding-top: 93px !important;padding-bottom: 50px !important;background-color: #f9fafb !important;border-top-color: #ecf0f1 !important;border-top-style: solid !important;border-bottom-color: #ecf0f1 !important;border-bottom-style: solid !important;}&#8221;][vc_column width=&#8221;1\/2&#8243; css=&#8221;.vc_custom_1422813718196{padding-bottom: 49px !important;}&#8221;][vc_custom_heading text=&#8221;Universitet&#8221; font_container=&#8221;tag:h2|font_size:36|text_align:left&#8221; google_fonts=&#8221;font_family:Lato%3A100%2C100italic%2C300%2C300italic%2Cregular%2Citalic%2C700%2C700italic%2C900%2C900italic|font_style:300%20light%20regular%3A300%3Anormal&#8221; css=&#8221;.vc_custom_1451300360566{margin-bottom: 15px !important;}&#8221;][vc_custom_heading text=&#8221;K\u00e4nna den ovanliga st\u00e4ningen av medeltida universitetet&#8221; font_container=&#8221;tag:h2|font_size:36|text_align:left&#8221; google_fonts=&#8221;font_family:Lato%3A100%2C100italic%2C300%2C300italic%2Cregular%2Citalic%2C700%2C700italic%2C900%2C900italic|font_style:700%20bold%20regular%3A700%3Anormal&#8221; css=&#8221;.vc_custom_1451300461838{margin-bottom: 18px !important;}&#8221;][vc_column_text css=&#8221;.vc_custom_1451300618195{margin-bottom: 18px !important;}&#8221;]Vi inbjuder att bes\u00f6ka verkligen en enast\u00e5ende del<br \/><a href=\"https:\/\/krakowzwiedzanie.pl\/sv\/universitet\/\" class=\"more\">Read more<\/a><\/p>\n","protected":false},"author":1,"featured_media":9139,"parent":0,"menu_order":0,"comment_status":"closed","ping_status":"closed","template":"","meta":{"footnotes":""},"class_list":["post-12895","page","type-page","status-publish","has-post-thumbnail","hentry"],"_links":{"self":[{"href":"https:\/\/krakowzwiedzanie.pl\/sv\/wp-json\/wp\/v2\/pages\/12895","targetHints":{"allow":["GET"]}}],"collection":[{"href":"https:\/\/krakowzwiedzanie.pl\/sv\/wp-json\/wp\/v2\/pages"}],"about":[{"href":"https:\/\/krakowzwiedzanie.pl\/sv\/wp-json\/wp\/v2\/types\/page"}],"author":[{"embeddable":true,"href":"https:\/\/krakowzwiedzanie.pl\/sv\/wp-json\/wp\/v2\/users\/1"}],"replies":[{"embeddable":true,"href":"https:\/\/krakowzwiedzanie.pl\/sv\/wp-json\/wp\/v2\/comments?post=12895"}],"version-history":[{"count":0,"href":"https:\/\/krakowzwiedzanie.pl\/sv\/wp-json\/wp\/v2\/pages\/12895\/revisions"}],"wp:featuredmedia":[{"embeddable":true,"href":"https:\/\/krakowzwiedzanie.pl\/sv\/wp-json\/wp\/v2\/media\/9139"}],"wp:attachment":[{"href":"https:\/\/krakowzwiedzanie.pl\/sv\/wp-json\/wp\/v2\/media?parent=12895"}],"curies":[{"name":"wp","href":"https:\/\/api.w.org\/{rel}","templated":true}]}}