{"id":8764,"date":"2015-08-10T14:40:38","date_gmt":"2015-08-10T12:40:38","guid":{"rendered":"http:\/\/cracovieguide.fr\/?page_id=8764"},"modified":"2020-04-20T20:45:07","modified_gmt":"2020-04-20T18:45:07","slug":"contactez-nous","status":"publish","type":"page","link":"https:\/\/krakowzwiedzanie.pl\/fr\/contactez-nous\/","title":{"rendered":"Contactez-nous"},"content":{"rendered":"<div class=\"wpb-content-wrapper\"><p>[vc_row css=\u00a0\u00bb.vc_custom_1422955894896{margin-bottom: 0px !important;padding-top: 93px !important;padding-bottom: 55px !important;}\u00a0\u00bb parallax_background=\u00a0\u00bb\u00a0\u00bb][vc_column width=\u00a0\u00bb1\/2&Prime; css=\u00a0\u00bb.vc_custom_1422955914236{margin-bottom: 50px !important;}\u00a0\u00bb]<style type=\"text\/css\" >#rd_1hz6msxm68ikp5kejdwu .wpcf7,#rd_1hz6msxm68ikp5kejdwu input:not([type=submit]):not([type=checkbox]),#rd_1hz6msxm68ikp5kejdwu textarea,#rd_1hz6msxm68ikp5kejdwu .wpcf7 select,#rd_1hz6msxm68ikp5kejdwu .wpcf7 input[type=\"checkbox\"]:checked{color:#2c3e50;}#rd_1hz6msxm68ikp5kejdwu .wpcf7 input[type=\"checkbox\"]{background:rgba(0,0,0,0); color:rgba(0,0,0,0);}#rd_1hz6msxm68ikp5kejdwu .wpcf7 {font-weight:bold;}#rd_1hz6msxm68ikp5kejdwu .wpcf7 input[type=submit]{font-size:15px; font-weight:900; border-radius:2px; padding:11px 15px; letter-spacing: 0.5px; margin-top:3px;}#rd_1hz6msxm68ikp5kejdwu .wpcf7 input[type=submit]:hover {background:#00cced; color:#ffffff !important;}#rd_1hz6msxm68ikp5kejdwu .wpcf7 input:not([type=submit]):not([type=checkbox]),#rd_1hz6msxm68ikp5kejdwu textarea,#rd_1hz6msxm68ikp5kejdwu .wpcf7 select{border-radius:5px;}#rd_1hz6msxm68ikp5kejdwu .wpcf7 input:not([type=submit]),#rd_1hz6msxm68ikp5kejdwu textarea,#rd_1hz6msxm68ikp5kejdwu .wpcf7 input[type=submit],#rd_1hz6msxm68ikp5kejdwu .wpcf7 select{margin-top:3px;}#rd_1hz6msxm68ikp5kejdwu p{margin-bottom:23px;}#rd_1hz6msxm68ikp5kejdwu .wpcf7 input:not([type=submit]):not([type=checkbox]),#rd_1hz6msxm68ikp5kejdwu .wpcf7  textarea,#rd_1hz6msxm68ikp5kejdwu .wpcf7 select{border:1px solid #ebeef1; background:#ffffff;}#rd_1hz6msxm68ikp5kejdwu .wpcf7 input[type=submit]{background:#1abc9c; color:#ffffff !important;}<\/style><div id=\"rd_1hz6msxm68ikp5kejdwu\" class=\"\">\n<div class=\"wpcf7 no-js\" id=\"wpcf7-f3976-o1\" lang=\"en-US\" dir=\"ltr\" data-wpcf7-id=\"3976\">\n<div class=\"screen-reader-response\"><p role=\"status\" aria-live=\"polite\" aria-atomic=\"true\"><\/p> <ul><\/ul><\/div>\n<form action=\"\/fr\/wp-json\/wp\/v2\/pages\/8764#wpcf7-f3976-o1\" method=\"post\" class=\"wpcf7-form init\" aria-label=\"Contact form\" novalidate=\"novalidate\" data-status=\"init\">\n<fieldset class=\"hidden-fields-container\"><input type=\"hidden\" name=\"_wpcf7\" value=\"3976\" \/><input type=\"hidden\" name=\"_wpcf7_version\" value=\"6.1.4\" \/><input type=\"hidden\" name=\"_wpcf7_locale\" value=\"en_US\" \/><input type=\"hidden\" name=\"_wpcf7_unit_tag\" value=\"wpcf7-f3976-o1\" \/><input type=\"hidden\" name=\"_wpcf7_container_post\" value=\"0\" \/><input type=\"hidden\" name=\"_wpcf7_posted_data_hash\" value=\"\" \/><input type=\"hidden\" name=\"_cf7a__timestamp\" value=\"7Jl0TaClypoJaw7iClbxGQ==\" \/><input type=\"hidden\" name=\"_cf7a_version\" value=\"1.0\" \/><input type=\"hidden\" name=\"_cf7a_address\" value=\"H\/t6Qe9QZPI6KFM0cFrgIg==\" \/><input type=\"hidden\" name=\"_cf7a_referer\" value=\"FFLiumTMCCOYYSi8vMH9lQ==\" \/><input type=\"hidden\" name=\"_cf7a_protocol\" value=\"tu1xeobRkvYVfZwata4SQQ==\" \/><input type=\"hidden\" name=\"_cf7a_bot_fingerprint\" value=\"7Jl0TaClypoJaw7iClbxGQ==\" \/><input type=\"hidden\" name=\"_cf7a_bot_fingerprint_extras\" \/><input type=\"hidden\" name=\"_cf7a_append_on_submit\" \/>\n<\/fieldset>\n<p><strong>NAME *<\/strong><br \/>\n<span class=\"wpcf7-form-control-wrap\" data-name=\"your-name\"><input type=\"text\" name=\"name\" value=\"\" autocomplete=\"fill\" class=\"fit-the-fullspace\" aria-hidden=\"true\" tabindex=\"-1\" \/><input size=\"40\" maxlength=\"400\" class=\"wpcf7-form-control wpcf7-text wpcf7-validates-as-required\" aria-required=\"true\" aria-invalid=\"false\" placeholder=\"Name\" value=\"\" type=\"text\" name=\"your-name\" \/><\/span>\n<\/p>\n<p><strong>EMAIL *<\/strong><br \/>\n<span class=\"wpcf7-form-control-wrap\" data-name=\"your-email\"><input size=\"40\" maxlength=\"400\" class=\"wpcf7-form-control wpcf7-email wpcf7-validates-as-required wpcf7-text wpcf7-validates-as-email\" aria-required=\"true\" aria-invalid=\"false\" placeholder=\"Email\" value=\"\" type=\"email\" name=\"your-email\" \/><\/span>\n<\/p>\n<p><strong>SUBJECT *<\/strong><br \/>\n<span class=\"wpcf7-form-control-wrap\" data-name=\"your-subject\"><input type=\"text\" name=\"address\" value=\"\" autocomplete=\"fill\" class=\"fit-the-fullspace\" aria-hidden=\"true\" tabindex=\"-1\" \/><input size=\"40\" maxlength=\"400\" class=\"wpcf7-form-control wpcf7-text wpcf7-validates-as-required\" aria-required=\"true\" aria-invalid=\"false\" placeholder=\"Subject\" value=\"\" type=\"text\" name=\"your-subject\" \/><\/span>\n<\/p>\n<p><strong>HOW CAN I HELP *<\/strong><br \/>\n<span class=\"wpcf7-form-control-wrap\" data-name=\"your-message\"><textarea cols=\"40\" rows=\"10\" maxlength=\"2000\" class=\"wpcf7-form-control wpcf7-textarea\" aria-invalid=\"false\" placeholder=\"Message\" name=\"your-message\"><\/textarea><\/span>\n<\/p>\n<div id=\"cf7sr-69e63ab76ed83\" class=\"cf7sr-g-recaptcha\" data-theme=\"light\" data-type=\"image\" data-size=\"normal\" data-sitekey=\"6Lddj-YUAAAAAPnZMYh7QJ5JELv7lX5IiPuPjQXG\"><\/div><span class=\"wpcf7-form-control-wrap cf7sr-recaptcha\" data-name=\"cf7sr-recaptcha\"><input type=\"hidden\" name=\"cf7sr-recaptcha\" value=\"\" class=\"wpcf7-form-control\"><\/span>\n<\/p>\n<p><input class=\"wpcf7-form-control wpcf7-submit has-spinner\" type=\"submit\" value=\"Send\" \/>\n<\/p><div class=\"wpcf7-response-output\" aria-hidden=\"true\"><\/div>\n<\/form>\n<\/div>\n<\/div>[\/vc_column][vc_column width=\u00a0\u00bb1\/2&Prime; css=\u00a0\u00bb.vc_custom_1422955906136{margin-bottom: 50px !important;}\u00a0\u00bb][vc_custom_heading text=\u00a0\u00bbNous serons enchant\u00e9s de vous rencontrer!\u00a0\u00bb font_container=\u00a0\u00bbtag:h2|font_size:30|text_align:left\u00a0\u00bb google_fonts=\u00a0\u00bbfont_family:Lato%3A100%2C100italic%2C300%2C300italic%2Cregular%2Citalic%2C700%2C700italic%2C900%2C900italic|font_style:400%20regular%3A400%3Anormal\u00a0\u00bb css=\u00a0\u00bb.vc_custom_1439210267812{margin-bottom: 17px !important;}\u00a0\u00bb][vc_column_text]Aimeriez-vous r\u00e9server nos services? Avez-vous des questions ou des doutes? \u00c9crivez- ou t\u00e9l\u00e9phonez-nous et nous allons r\u00e9pondonre \u00e0 tous votre questions. Nous attendons avec impatience![\/vc_column_text][vc_custom_heading text=\u00a0\u00bbCoordonn\u00e9es\u00a0\u00bb font_container=\u00a0\u00bbtag:h2|font_size:30|text_align:left\u00a0\u00bb google_fonts=\u00a0\u00bbfont_family:Lato%3A100%2C100italic%2C300%2C300italic%2Cregular%2Citalic%2C700%2C700italic%2C900%2C900italic|font_style:400%20regular%3A400%3Anormal\u00a0\u00bb css=\u00a0\u00bb.vc_custom_1439210292646{margin-bottom: 12px !important;}\u00a0\u00bb][vc_custom_heading text=\u00a0\u00bbBUSINESS HOURS\u00a0\u00bb font_container=\u00a0\u00bbtag:h2|font_size:14|text_align:left\u00a0\u00bb google_fonts=\u00a0\u00bbfont_family:Lato%3A100%2C100italic%2C300%2C300italic%2Cregular%2Citalic%2C700%2C700italic%2C900%2C900italic|font_style:900%20bold%20regular%3A900%3Anormal\u00a0\u00bb css=\u00a0\u00bb.vc_custom_1422955105261{margin-bottom: 0px !important;}\u00a0\u00bb][vc_column_text css=\u00a0\u00bb.vc_custom_1437383573657{margin-bottom: 11px !important;}\u00a0\u00bb]Our support Hotline is available 24 Hours a day.[\/vc_column_text][vc_custom_heading text=\u00a0\u00bbEMAIL\u00a0\u00bb font_container=\u00a0\u00bbtag:h2|font_size:14|text_align:left\u00a0\u00bb google_fonts=\u00a0\u00bbfont_family:Lato%3A100%2C100italic%2C300%2C300italic%2Cregular%2Citalic%2C700%2C700italic%2C900%2C900italic|font_style:900%20bold%20regular%3A900%3Anormal\u00a0\u00bb css=\u00a0\u00bb.vc_custom_1422955276144{margin-bottom: 0px !important;}\u00a0\u00bb][vc_column_text css=\u00a0\u00bb.vc_custom_1437383559171{margin-bottom: 11px !important;}\u00a0\u00bb]<a href=\"mailto:info@krakowzwiedzanie.pl\">info@krakowzwiedzanie.pl<\/a>[\/vc_column_text][vc_custom_heading text=\u00a0\u00bbCELLPHONE\u00a0\u00bb font_container=\u00a0\u00bbtag:h2|font_size:14|text_align:left\u00a0\u00bb google_fonts=\u00a0\u00bbfont_family:Lato%3A100%2C100italic%2C300%2C300italic%2Cregular%2Citalic%2C700%2C700italic%2C900%2C900italic|font_style:900%20bold%20regular%3A900%3Anormal\u00a0\u00bb css=\u00a0\u00bb.vc_custom_1422955289482{margin-bottom: 0px !important;}\u00a0\u00bb][vc_column_text css=\u00a0\u00bb.vc_custom_1437383536700{margin-bottom: 11px !important;}\u00a0\u00bb]+48 500 820 533<br \/>\n+48 532 555 180[\/vc_column_text][\/vc_column][\/vc_row]<\/p>\n<\/div>","protected":false},"excerpt":{"rendered":"<p>[vc_row css=\u00a0\u00bb.vc_custom_1422955894896{margin-bottom: 0px !important;padding-top: 93px !important;padding-bottom: 55px !important;}\u00a0\u00bb parallax_background=\u00a0\u00bb\u00a0\u00bb][vc_column width=\u00a0\u00bb1\/2&Prime; css=\u00a0\u00bb.vc_custom_1422955914236{margin-bottom: 50px !important;}\u00a0\u00bb][\/vc_column][vc_column width=\u00a0\u00bb1\/2&Prime; css=\u00a0\u00bb.vc_custom_1422955906136{margin-bottom: 50px !important;}\u00a0\u00bb][vc_custom_heading text=\u00a0\u00bbNous serons enchant\u00e9s de vous rencontrer!\u00a0\u00bb font_container=\u00a0\u00bbtag:h2|font_size:30|text_align:left\u00a0\u00bb google_fonts=\u00a0\u00bbfont_family:Lato%3A100%2C100italic%2C300%2C300italic%2Cregular%2Citalic%2C700%2C700italic%2C900%2C900italic|font_style:400%20regular%3A400%3Anormal\u00a0\u00bb css=\u00a0\u00bb.vc_custom_1439210267812{margin-bottom: 17px !important;}\u00a0\u00bb][vc_column_text]Aimeriez-vous r\u00e9server nos services? Avez-vous des questions ou des doutes? \u00c9crivez- ou t\u00e9l\u00e9phonez-nous et nous allons r\u00e9pondonre \u00e0 tous votre questions. Nous attendons avec impatience![\/vc_column_text][vc_custom_heading text=\u00a0\u00bbCoordonn\u00e9es\u00a0\u00bb font_container=\u00a0\u00bbtag:h2|font_size:30|text_align:left\u00a0\u00bb google_fonts=\u00a0\u00bbfont_family:Lato%3A100%2C100italic%2C300%2C300italic%2Cregular%2Citalic%2C700%2C700italic%2C900%2C900italic|font_style:400%20regular%3A400%3Anormal\u00a0\u00bb<br \/><a href=\"https:\/\/krakowzwiedzanie.pl\/fr\/contactez-nous\/\" class=\"more\">Read more<\/a><\/p>\n","protected":false},"author":1,"featured_media":0,"parent":0,"menu_order":0,"comment_status":"closed","ping_status":"open","template":"","meta":{"footnotes":""},"class_list":["post-8764","page","type-page","status-publish","hentry"],"_links":{"self":[{"href":"https:\/\/krakowzwiedzanie.pl\/fr\/wp-json\/wp\/v2\/pages\/8764","targetHints":{"allow":["GET"]}}],"collection":[{"href":"https:\/\/krakowzwiedzanie.pl\/fr\/wp-json\/wp\/v2\/pages"}],"about":[{"href":"https:\/\/krakowzwiedzanie.pl\/fr\/wp-json\/wp\/v2\/types\/page"}],"author":[{"embeddable":true,"href":"https:\/\/krakowzwiedzanie.pl\/fr\/wp-json\/wp\/v2\/users\/1"}],"replies":[{"embeddable":true,"href":"https:\/\/krakowzwiedzanie.pl\/fr\/wp-json\/wp\/v2\/comments?post=8764"}],"version-history":[{"count":0,"href":"https:\/\/krakowzwiedzanie.pl\/fr\/wp-json\/wp\/v2\/pages\/8764\/revisions"}],"wp:attachment":[{"href":"https:\/\/krakowzwiedzanie.pl\/fr\/wp-json\/wp\/v2\/media?parent=8764"}],"curies":[{"name":"wp","href":"https:\/\/api.w.org\/{rel}","templated":true}]}}