{"id":8728,"date":"2015-08-10T11:38:45","date_gmt":"2015-08-10T09:38:45","guid":{"rendered":"http:\/\/guiacracovia.es\/?page_id=8728"},"modified":"2015-09-09T12:06:26","modified_gmt":"2015-09-09T10:06:26","slug":"nuestro-equipo","status":"publish","type":"page","link":"https:\/\/krakowzwiedzanie.pl\/es\/nuestro-equipo\/","title":{"rendered":"Nuestro Equipo"},"content":{"rendered":"<div class=\"wpb-content-wrapper\"><p>[vc_row type=\u00bbfull-width-section\u00bb css=\u00bb.vc_custom_1438001921336{margin-bottom: 0px !important;padding-bottom: 100px !important;background-color: #f9fafb !important;}\u00bb][vc_column]<style type=\"text\/css\" >#rp_s2g383zc7gxa7rq0mzqe .rd_staff_p01 .member-info{color:#5a5d6b; background:#ffffff;}#rp_s2g383zc7gxa7rq0mzqe .rd_staff_p01 .member-info h3 a{color:#2c3e50;}#rp_s2g383zc7gxa7rq0mzqe .rd_staff_p01 .member-info h3 a:hover{color:#1abc9c !important;}#rp_s2g383zc7gxa7rq0mzqe .rd_staff_p01 .member-social-links a{color:#5a5d6b !important;}#rp_s2g383zc7gxa7rq0mzqe .rd_staff_p01 .member-social-links a:hover{color:#1abc9c !important;}#rp_s2g383zc7gxa7rq0mzqe .rd_staff_p01 .member_desc{color:#5a5d6b; background:#ffffff; border-top:1px solid #eeeff0;}#rp_s2g383zc7gxa7rq0mzqe .staff_post_ctn{ border:1px solid #eeeff0;}<\/style><script>\r\n\r\n\r\n\r\njQuery.noConflict();\r\n\r\njQuery(document).ready(function($){\r\n\r\n\"use strict\";\r\n\r\n $(window).load(function(){\r\n\t\t\t\t\t\t\t   $(\".filter_s2g383zc7gxa7rq0mzqe .staffoptionset li a\").each(function() {\r\n\r\n\t\t\t\t\t\t\t\tvar filter_class = $(this).attr('data-option-value');\r\n\t\t\t\t\t\t\t\t if ($('#rp_s2g383zc7gxa7rq0mzqe').find(filter_class).length) { \/\/ implies *not* zero\r\n\t\t\t\t\t\t\t\t$(this).parent('li').show();\r\n\t\t\t\t\t\t\t\t }else{\r\n\t\t\t\t\t\t\t\t$(this).parent('li').hide();\r\n\t\t\t\t\t\t\t\t }\r\n\t\t\t\t\t\t\t\t});\r\n\r\n\r\n\r\n\r\n$('.masonry_ctn').isotope({\r\n  \/\/ options\r\n  itemSelector : '.staff_post',\r\n  layoutMode : 'masonry'\r\n});\r\n\r\n\r\n});});\r\n\r\n\r\n<\/script>\r\n\r\n<div class=\"rd_staff_posts_ctn masonry_ctn blog_4_col type01\" id=\"rp_s2g383zc7gxa7rq0mzqe\">\r\n\r\n<div data-category=\"sf_guide-es \" class=\"staff_post rd_staff_p01 ajax_post sf_guide-es \">\r\n\r\n\r\n      <div class=\"staff_post_ctn\">\r\n\r\n\r\n         <div class=\"member-photo s_effect\">\r\n\r\n    <div class=\"bw-wrapper\">       <a href=\"https:\/\/krakowzwiedzanie.pl\/es\/guide\/marcin-dzierwa\/\" target=\"_blank\"><img decoding=\"async\" width=\"570\" height=\"570\" src=\"https:\/\/krakowzwiedzanie.pl\/wp-content\/uploads\/2014\/12\/user-250x250-570x570.jpg\" class=\"attachment-staff_tn size-staff_tn wp-post-image\" alt=\"\" title=\"\" srcset=\"https:\/\/krakowzwiedzanie.pl\/wp-content\/uploads\/2014\/12\/user-250x250-570x570.jpg 570w, https:\/\/krakowzwiedzanie.pl\/wp-content\/uploads\/2014\/12\/user-250x250-150x150.jpg 150w, https:\/\/krakowzwiedzanie.pl\/wp-content\/uploads\/2014\/12\/user-250x250-768x768.jpg 768w, https:\/\/krakowzwiedzanie.pl\/wp-content\/uploads\/2014\/12\/user-250x250-266x266.jpg 266w, https:\/\/krakowzwiedzanie.pl\/wp-content\/uploads\/2014\/12\/user-250x250-300x300.jpg 300w, https:\/\/krakowzwiedzanie.pl\/wp-content\/uploads\/2014\/12\/user-250x250-115x115.jpg 115w, https:\/\/krakowzwiedzanie.pl\/wp-content\/uploads\/2014\/12\/user-250x250.jpg 250w\" sizes=\"(max-width: 570px) 100vw, 570px\" \/>  <\/a>\r\n\r\n    <\/div>\r\n\r\n  <\/div>\r\n\r\n  <div class=\"member-info\">\r\n\r\n    <h3><a href=\"https:\/\/krakowzwiedzanie.pl\/es\/guide\/marcin-dzierwa\/\" target=\"_blank\">Marcin Dzierwa<\/a><\/h3>\r\n\r\n    <span class=\"position\" >Guia<\/span>\r\n\r\n  <div class=\"member-social-links\">\r\n\r\n                                                                                                                                                <div id=\"member_email\"> <a  target=\"_blank\" href=\"mailto:info@krakowzwiedzanie.pl\"  ><i class=\"fa fa-envelope-o\"><\/i><\/a><\/div>\r\n            <\/div>\r\n\r\n  <\/div>\r\n\r\n    <div class=\"member_desc\">Gu\u00eda en espa\u00f1ol e ingl\u00e9s. Siempre lleno de energ\u00eda y con una sonrisa. Durante las visitas sabe encontrar el equilibrio perfecto entre lo informativo y lo divertido....<\/div>\r\n\r\n\r\n<\/div>\r\n<\/div>\r\n\r\n\r\n<div data-category=\"sf_guide-es \" class=\"staff_post rd_staff_p01 ajax_post sf_guide-es \">\r\n\r\n\r\n      <div class=\"staff_post_ctn\">\r\n\r\n\r\n         <div class=\"member-photo s_effect\">\r\n\r\n    <div class=\"bw-wrapper\">       <a href=\"https:\/\/krakowzwiedzanie.pl\/es\/guide\/marta-pacholczyk-dzierwa\/\" target=\"_blank\"><img decoding=\"async\" width=\"570\" height=\"570\" src=\"https:\/\/krakowzwiedzanie.pl\/wp-content\/uploads\/2015\/08\/marta-pacholczyk-570x570.jpg\" class=\"attachment-staff_tn size-staff_tn wp-post-image\" alt=\"Przewodnik po Krakowie - Marta Pacholczyk\" title=\"\" srcset=\"https:\/\/krakowzwiedzanie.pl\/wp-content\/uploads\/2015\/08\/marta-pacholczyk.jpg 570w, https:\/\/krakowzwiedzanie.pl\/wp-content\/uploads\/2015\/08\/marta-pacholczyk-150x150.jpg 150w, https:\/\/krakowzwiedzanie.pl\/wp-content\/uploads\/2015\/08\/marta-pacholczyk-300x300.jpg 300w, https:\/\/krakowzwiedzanie.pl\/wp-content\/uploads\/2015\/08\/marta-pacholczyk-768x768.jpg 768w, https:\/\/krakowzwiedzanie.pl\/wp-content\/uploads\/2015\/08\/marta-pacholczyk-60x60.jpg 60w\" sizes=\"(max-width: 570px) 100vw, 570px\" \/>  <\/a>\r\n\r\n    <\/div>\r\n\r\n  <\/div>\r\n\r\n  <div class=\"member-info\">\r\n\r\n    <h3><a href=\"https:\/\/krakowzwiedzanie.pl\/es\/guide\/marta-pacholczyk-dzierwa\/\" target=\"_blank\">Marta Pacholczyk &#8211; Dzierwa<\/a><\/h3>\r\n\r\n    <span class=\"position\" >Guia<\/span>\r\n\r\n  <div class=\"member-social-links\">\r\n\r\n                                                                                                                                                <div id=\"member_email\"> <a  target=\"_blank\" href=\"mailto:info@krakowzwiedzanie.pl\"  ><i class=\"fa fa-envelope-o\"><\/i><\/a><\/div>\r\n            <\/div>\r\n\r\n  <\/div>\r\n\r\n    <div class=\"member_desc\">Gu\u00eda en franc\u00e9s e ingl\u00e9s. Crea una experiencia \u00fanica para cada visitante. Cuida mucho los detalles y siempre hace la visita interesante y muy divertida....<\/div>\r\n\r\n\r\n<\/div>\r\n<\/div>\r\n\r\n\r\n<div data-category=\"\" class=\"staff_post rd_staff_p01 ajax_post \">\r\n\r\n\r\n      <div class=\"staff_post_ctn\">\r\n\r\n\r\n         <div class=\"member-photo s_effect\">\r\n\r\n    <div class=\"bw-wrapper\">       <a href=\"https:\/\/krakowzwiedzanie.pl\/es\/guide\/bozena-jarka\/\" target=\"_blank\"><img decoding=\"async\" width=\"570\" height=\"570\" src=\"https:\/\/krakowzwiedzanie.pl\/wp-content\/uploads\/2014\/12\/user-250x250-570x570.jpg\" class=\"attachment-staff_tn size-staff_tn wp-post-image\" alt=\"\" title=\"\" srcset=\"https:\/\/krakowzwiedzanie.pl\/wp-content\/uploads\/2014\/12\/user-250x250-570x570.jpg 570w, https:\/\/krakowzwiedzanie.pl\/wp-content\/uploads\/2014\/12\/user-250x250-150x150.jpg 150w, https:\/\/krakowzwiedzanie.pl\/wp-content\/uploads\/2014\/12\/user-250x250-768x768.jpg 768w, https:\/\/krakowzwiedzanie.pl\/wp-content\/uploads\/2014\/12\/user-250x250-266x266.jpg 266w, https:\/\/krakowzwiedzanie.pl\/wp-content\/uploads\/2014\/12\/user-250x250-300x300.jpg 300w, https:\/\/krakowzwiedzanie.pl\/wp-content\/uploads\/2014\/12\/user-250x250-115x115.jpg 115w, https:\/\/krakowzwiedzanie.pl\/wp-content\/uploads\/2014\/12\/user-250x250.jpg 250w\" sizes=\"(max-width: 570px) 100vw, 570px\" \/>  <\/a>\r\n\r\n    <\/div>\r\n\r\n  <\/div>\r\n\r\n  <div class=\"member-info\">\r\n\r\n    <h3><a href=\"https:\/\/krakowzwiedzanie.pl\/es\/guide\/bozena-jarka\/\" target=\"_blank\">Bozena Jarka<\/a><\/h3>\r\n\r\n    <span class=\"position\" >Guia<\/span>\r\n\r\n  <div class=\"member-social-links\">\r\n\r\n                                                                                                                                                <div id=\"member_email\"> <a  target=\"_blank\" href=\"mailto:info@krakowzwiedzanie.pl\"  ><i class=\"fa fa-envelope-o\"><\/i><\/a><\/div>\r\n            <\/div>\r\n\r\n  <\/div>\r\n\r\n    <div class=\"member_desc\">Gu\u00eda en ingl\u00e9s y alem\u00e1n. Tiene un don de narrar y seguramente le dir\u00e1 las historias m\u00e1s fascinantes sobre Cracovia y sus habitantes....<\/div>\r\n\r\n\r\n<\/div>\r\n<\/div>\r\n\r\n\r\n<div data-category=\"sf_account-es \" class=\"staff_post rd_staff_p01 ajax_post sf_account-es \">\r\n\r\n\r\n      <div class=\"staff_post_ctn\">\r\n\r\n\r\n         <div class=\"member-photo s_effect\">\r\n\r\n    <div class=\"bw-wrapper\">       <a href=\"https:\/\/krakowzwiedzanie.pl\/es\/guide\/marta-szymoniak\/\" target=\"_blank\"><img decoding=\"async\" width=\"570\" height=\"570\" src=\"https:\/\/krakowzwiedzanie.pl\/wp-content\/uploads\/2015\/08\/marta-szymoniak-570x570.jpg\" class=\"attachment-staff_tn size-staff_tn wp-post-image\" alt=\"\" title=\"\" srcset=\"https:\/\/krakowzwiedzanie.pl\/wp-content\/uploads\/2015\/08\/marta-szymoniak-570x570.jpg 570w, https:\/\/krakowzwiedzanie.pl\/wp-content\/uploads\/2015\/08\/marta-szymoniak-150x150.jpg 150w, https:\/\/krakowzwiedzanie.pl\/wp-content\/uploads\/2015\/08\/marta-szymoniak-300x300.jpg 300w, https:\/\/krakowzwiedzanie.pl\/wp-content\/uploads\/2015\/08\/marta-szymoniak-768x768.jpg 768w, https:\/\/krakowzwiedzanie.pl\/wp-content\/uploads\/2015\/08\/marta-szymoniak-266x266.jpg 266w, https:\/\/krakowzwiedzanie.pl\/wp-content\/uploads\/2015\/08\/marta-szymoniak-32x32.jpg 32w, https:\/\/krakowzwiedzanie.pl\/wp-content\/uploads\/2015\/08\/marta-szymoniak-103x103.jpg 103w, https:\/\/krakowzwiedzanie.pl\/wp-content\/uploads\/2015\/08\/marta-szymoniak-96x96.jpg 96w, https:\/\/krakowzwiedzanie.pl\/wp-content\/uploads\/2015\/08\/marta-szymoniak.jpg 560w\" sizes=\"(max-width: 570px) 100vw, 570px\" \/>  <\/a>\r\n\r\n    <\/div>\r\n\r\n  <\/div>\r\n\r\n  <div class=\"member-info\">\r\n\r\n    <h3><a href=\"https:\/\/krakowzwiedzanie.pl\/es\/guide\/marta-szymoniak\/\" target=\"_blank\">Marta Szymoniak<\/a><\/h3>\r\n\r\n    <span class=\"position\" ><\/span>\r\n\r\n  <div class=\"member-social-links\">\r\n\r\n                                                                                                                                                <div id=\"member_email\"> <a  target=\"_blank\" href=\"mailto:info@krakowzwiedzanie.pl\"  ><i class=\"fa fa-envelope-o\"><\/i><\/a><\/div>\r\n            <\/div>\r\n\r\n  <\/div>\r\n\r\n    <div class=\"member_desc\">Marta es un ep\u00edtome de energ\u00eda y optimismo. Le ayudar\u00e1 a organizar sus visitas con una amabilidad hermosa y una sonrisa radiante en los labios....<\/div>\r\n\r\n\r\n<\/div>\r\n<\/div>\r\n\r\n\r\n<div data-category=\"sf_guide-es \" class=\"staff_post rd_staff_p01 ajax_post sf_guide-es \">\r\n\r\n\r\n      <div class=\"staff_post_ctn\">\r\n\r\n\r\n         <div class=\"member-photo s_effect\">\r\n\r\n    <div class=\"bw-wrapper\">       <a href=\"https:\/\/krakowzwiedzanie.pl\/es\/guide\/dominika-gas\/\" target=\"_blank\"><img decoding=\"async\" width=\"570\" height=\"570\" src=\"https:\/\/krakowzwiedzanie.pl\/wp-content\/uploads\/2015\/08\/Dominika-gas-570x570.jpg\" class=\"attachment-staff_tn size-staff_tn wp-post-image\" alt=\"\" title=\"\" srcset=\"https:\/\/krakowzwiedzanie.pl\/wp-content\/uploads\/2015\/08\/Dominika-gas-570x570.jpg 570w, https:\/\/krakowzwiedzanie.pl\/wp-content\/uploads\/2015\/08\/Dominika-gas-150x150.jpg 150w, https:\/\/krakowzwiedzanie.pl\/wp-content\/uploads\/2015\/08\/Dominika-gas-300x300.jpg 300w, https:\/\/krakowzwiedzanie.pl\/wp-content\/uploads\/2015\/08\/Dominika-gas-768x768.jpg 768w, https:\/\/krakowzwiedzanie.pl\/wp-content\/uploads\/2015\/08\/Dominika-gas-266x266.jpg 266w, https:\/\/krakowzwiedzanie.pl\/wp-content\/uploads\/2015\/08\/Dominika-gas.jpg 560w\" sizes=\"(max-width: 570px) 100vw, 570px\" \/>  <\/a>\r\n\r\n    <\/div>\r\n\r\n  <\/div>\r\n\r\n  <div class=\"member-info\">\r\n\r\n    <h3><a href=\"https:\/\/krakowzwiedzanie.pl\/es\/guide\/dominika-gas\/\" target=\"_blank\">Dominika Gas<\/a><\/h3>\r\n\r\n    <span class=\"position\" >Guia<\/span>\r\n\r\n  <div class=\"member-social-links\">\r\n\r\n                                                                                                                                                <div id=\"member_email\"> <a  target=\"_blank\" href=\"mailto:info@krakowzwiedzanie.pl\"  ><i class=\"fa fa-envelope-o\"><\/i><\/a><\/div>\r\n            <\/div>\r\n\r\n  <\/div>\r\n\r\n    <div class=\"member_desc\">Gu\u00eda en ingl\u00e9s. Dominika le dir\u00e1 miles de an\u00e9cdotas pintorescas sobre Cracovia. Nadie sabe tanto de los secretos de la ciudad....<\/div>\r\n\r\n\r\n<\/div>\r\n<\/div>\r\n\r\n\r\n<div data-category=\"sf_guide-es \" class=\"staff_post rd_staff_p01 ajax_post sf_guide-es \">\r\n\r\n\r\n      <div class=\"staff_post_ctn\">\r\n\r\n\r\n         <div class=\"member-photo s_effect\">\r\n\r\n    <div class=\"bw-wrapper\">       <a href=\"https:\/\/krakowzwiedzanie.pl\/es\/guide\/joanna-switala\/\" target=\"_blank\"><img decoding=\"async\" width=\"570\" height=\"570\" src=\"https:\/\/krakowzwiedzanie.pl\/wp-content\/uploads\/2015\/08\/joanna-switala-570x570.jpg\" class=\"attachment-staff_tn size-staff_tn wp-post-image\" alt=\"\" title=\"\" srcset=\"https:\/\/krakowzwiedzanie.pl\/wp-content\/uploads\/2015\/08\/joanna-switala-570x570.jpg 570w, https:\/\/krakowzwiedzanie.pl\/wp-content\/uploads\/2015\/08\/joanna-switala-150x150.jpg 150w, https:\/\/krakowzwiedzanie.pl\/wp-content\/uploads\/2015\/08\/joanna-switala-300x300.jpg 300w, https:\/\/krakowzwiedzanie.pl\/wp-content\/uploads\/2015\/08\/joanna-switala-768x768.jpg 768w, https:\/\/krakowzwiedzanie.pl\/wp-content\/uploads\/2015\/08\/joanna-switala-266x266.jpg 266w, https:\/\/krakowzwiedzanie.pl\/wp-content\/uploads\/2015\/08\/joanna-switala-115x115.jpg 115w, https:\/\/krakowzwiedzanie.pl\/wp-content\/uploads\/2015\/08\/joanna-switala-60x60.jpg 60w, https:\/\/krakowzwiedzanie.pl\/wp-content\/uploads\/2015\/08\/joanna-switala.jpg 560w\" sizes=\"(max-width: 570px) 100vw, 570px\" \/>  <\/a>\r\n\r\n    <\/div>\r\n\r\n  <\/div>\r\n\r\n  <div class=\"member-info\">\r\n\r\n    <h3><a href=\"https:\/\/krakowzwiedzanie.pl\/es\/guide\/joanna-switala\/\" target=\"_blank\">Joanna \u015awita\u0142a<\/a><\/h3>\r\n\r\n    <span class=\"position\" >Guia<\/span>\r\n\r\n  <div class=\"member-social-links\">\r\n\r\n                                                                                                                                                <div id=\"member_email\"> <a  target=\"_blank\" href=\"mailto:info@krakowzwiedzanie.pl\"  ><i class=\"fa fa-envelope-o\"><\/i><\/a><\/div>\r\n            <\/div>\r\n\r\n  <\/div>\r\n\r\n    <div class=\"member_desc\">Gu\u00eda en ingl\u00e9s y sueco. Su sentido del humor y sus conocimientos hacen todo el tour una aventura inolvidable....<\/div>\r\n\r\n\r\n<\/div>\r\n<\/div>\r\n\r\n\r\n\r\n\r\n\r\n<\/div>\r\n[\/vc_column][\/vc_row]<\/p>\n<\/div>","protected":false},"excerpt":{"rendered":"<p>[vc_row type=\u00bbfull-width-section\u00bb css=\u00bb.vc_custom_1438001921336{margin-bottom: 0px !important;padding-bottom: 100px !important;background-color: #f9fafb !important;}\u00bb][vc_column][\/vc_column][\/vc_row]<br \/><a href=\"https:\/\/krakowzwiedzanie.pl\/es\/guide\/joanna-switala\/\" class=\"more\">Read more<\/a><\/p>\n","protected":false},"author":1,"featured_media":0,"parent":0,"menu_order":0,"comment_status":"closed","ping_status":"open","template":"","meta":{"footnotes":""},"class_list":["post-8728","page","type-page","status-publish","hentry"],"_links":{"self":[{"href":"https:\/\/krakowzwiedzanie.pl\/es\/wp-json\/wp\/v2\/pages\/8728","targetHints":{"allow":["GET"]}}],"collection":[{"href":"https:\/\/krakowzwiedzanie.pl\/es\/wp-json\/wp\/v2\/pages"}],"about":[{"href":"https:\/\/krakowzwiedzanie.pl\/es\/wp-json\/wp\/v2\/types\/page"}],"author":[{"embeddable":true,"href":"https:\/\/krakowzwiedzanie.pl\/es\/wp-json\/wp\/v2\/users\/1"}],"replies":[{"embeddable":true,"href":"https:\/\/krakowzwiedzanie.pl\/es\/wp-json\/wp\/v2\/comments?post=8728"}],"version-history":[{"count":0,"href":"https:\/\/krakowzwiedzanie.pl\/es\/wp-json\/wp\/v2\/pages\/8728\/revisions"}],"wp:attachment":[{"href":"https:\/\/krakowzwiedzanie.pl\/es\/wp-json\/wp\/v2\/media?parent=8728"}],"curies":[{"name":"wp","href":"https:\/\/api.w.org\/{rel}","templated":true}]}}