{"id":8589,"date":"2015-08-06T12:23:28","date_gmt":"2015-08-06T10:23:28","guid":{"rendered":"http:\/\/guiacracovia.es\/?page_id=8589"},"modified":"2015-08-19T14:12:31","modified_gmt":"2015-08-19T12:12:31","slug":"visitas-a-la-colina-de-wawel","status":"publish","type":"page","link":"https:\/\/krakowzwiedzanie.pl\/es\/visitas-a-la-colina-de-wawel\/","title":{"rendered":"Visitas a la Colina de Wawel"},"content":{"rendered":"<div class=\"wpb-content-wrapper\"><p>[vc_row css=\u00bb.vc_custom_1422813723719{margin-bottom: 0px !important;border-top-width: 1px !important;border-bottom-width: 1px !important;padding-top: 93px !important;padding-bottom: 50px !important;background-color: #f9fafb !important;border-top-color: #ecf0f1 !important;border-top-style: solid !important;border-bottom-color: #ecf0f1 !important;border-bottom-style: solid !important;}\u00bb parallax_background=\u00bb\u00bb video_background=\u00bb\u00bb overlay=\u00bb\u00bb overlay_color=\u00bb#ffffff\u00bb i_select=\u00bb\u00bb i_bg_color=\u00bb#ffffff\u00bb i_color=\u00bb#21c2f8&#8243; a_select=\u00bb\u00bb a_bg_color=\u00bb#ffffff\u00bb type=\u00bbfull-width-section\u00bb][vc_column width=\u00bb1\/2&#8243; css=\u00bb.vc_custom_1422813718196{padding-bottom: 49px !important;}\u00bb][vc_custom_heading text=\u00bbVisitas a la Colina de Wawel \u00bb font_container=\u00bbtag:h2|font_size:36|text_align:left\u00bb google_fonts=\u00bbfont_family:Lato%3A100%2C100italic%2C300%2C300italic%2Cregular%2Citalic%2C700%2C700italic%2C900%2C900italic|font_style:300%20light%20regular%3A300%3Anormal\u00bb css=\u00bb.vc_custom_1438856439632{margin-bottom: 15px !important;}\u00bb][vc_custom_heading text=\u00bbA thousand years of Polish history in one unusual place\u00bb font_container=\u00bbtag:h2|font_size:36|text_align:left\u00bb google_fonts=\u00bbfont_family:Lato%3A100%2C100italic%2C300%2C300italic%2Cregular%2Citalic%2C700%2C700italic%2C900%2C900italic|font_style:700%20bold%20regular%3A700%3Anormal\u00bb css=\u00bb.vc_custom_1437379104449{margin-bottom: 18px !important;}\u00bb][vc_column_text css=\u00bb.vc_custom_1437141732276{margin-bottom: 18px !important;}\u00bb]<\/p>\n<p class=\"ParyskiszykEmilii\"><strong>Wawel Hill<\/strong>, one of the most important places in our history, plays a significant role in Polish consciousness. From the reign of Prince Casimir the Restorer (<strong>11th century<\/strong>) Wawel was the seat of Polish monarchs. In the Wawel Castle they have solved the most crucial political issues and live their personal dramas. <strong>The royal court<\/strong> attracted the greatest artists and enlightened minds. Polish Kings were crowned and buried in the <strong>Wawel Cathedral<\/strong>.<\/p>\n<p class=\"ParyskiszykEmilii\">We would like to invite you to a place, that will enchant you with its rich history and and almost mystical atmosphere. This tour is a unique opportunity to marvel at the first-class architecture of different eras &#8211; from the early Middle Ages to the nineteenth century \u2013 and hear the most fascinating stories associated with <strong>the Wawel Hill<\/strong>.<\/p>\n<p class=\"ParyskiszykEmilii\">During our walk we will explore the interior of the Cathedral. For a small fee we could also see royal tombs and ascend the tower, where in the sixteenth century famous <strong>Sigismund Bell<\/strong> was suspended. Finally, the courtyard of the Wawel castle with its beautiful Renaissance colonnade will remain in Your memory for a long time.<\/p>\n<p class=\"ParyskiszykEmilii\">Do You want to experience a thousand years of history in one visit? Our tour is for You!<\/p>\n<p>[\/vc_column_text]\n<!-- lists --><div class=\"rd_list_1_alt rd_list_left\"><style type='text\/css'> @font-face{font-family: 'fa'; src:url('https:\/\/krakowzwiedzanie.pl\/wp-content\/themes\/thefox\/includes\/4k-icons\/icons\/4k-icons-pack02\/icons\/fonts\/fa.eot'); src:url('https:\/\/krakowzwiedzanie.pl\/wp-content\/themes\/thefox\/includes\/4k-icons\/icons\/4k-icons-pack02\/icons\/fonts\/fa.eot?#iefix') format('embedded-opentype'), url('https:\/\/krakowzwiedzanie.pl\/wp-content\/themes\/thefox\/includes\/4k-icons\/icons\/4k-icons-pack02\/icons\/fonts\/fa.woff') format('woff'), url('https:\/\/krakowzwiedzanie.pl\/wp-content\/themes\/thefox\/includes\/4k-icons\/icons\/4k-icons-pack02\/icons\/fonts\/fa.ttf') format('truetype'), url('https:\/\/krakowzwiedzanie.pl\/wp-content\/themes\/thefox\/includes\/4k-icons\/icons\/4k-icons-pack02\/icons\/fonts\/fa.svg#oi') format('svg'); font-weight: normal; font-style: normal;}#rand_rjxlxgle55r2momxaonr .fa-check-circle:before{font-family: 'fa'; font-weight: normal; font-style: normal;}#rand_rjxlxgle55r2momxaonr .fa-check-circle:before{content: \"\\f058\";}<\/style>\n<style type=\"text\/css\" >.rd_list_1 .list_item_ctn { border-color:#ecf0f1}.rd_list_1 #rand_rjxlxgle55r2momxaonr .list_icn i,.rd_list_1_alt #rand_rjxlxgle55r2momxaonr .list_icn i{color:#1abc9c;}.rd_list_2 #rand_rjxlxgle55r2momxaonr:after{background:#5a5d6b;}.rd_list_2 #rand_rjxlxgle55r2momxaonr .list_icn i{color:#1abc9c;}.rd_list_3 #rand_rjxlxgle55r2momxaonr .list_icn,.rd_list_5 #rand_rjxlxgle55r2momxaonr .list_icn,.rd_list_6 #rand_rjxlxgle55r2momxaonr .list_icn{background:#1abc9c;}.rd_list_4 #rand_rjxlxgle55r2momxaonr{background:#1abc9c;}#rand_rjxlxgle55r2momxaonr h3{color:#2c3e50;}#rand_rjxlxgle55r2momxaonr p{color:#5a5d6b;}.rd_list_7 #rand_rjxlxgle55r2momxaonr .list_icn{color:#1abc9c;}<\/style><div class=\"list_item_ctn\" id=\"rand_rjxlxgle55r2momxaonr\"><div class=\"list_icn\"><i class=\"fa-check-circle\"><\/i><\/div><div class=\"list_desc\"><p>Visitas guiadas en espa\u00f1ol, ingl\u00e9s, franc\u00e9s, sueco, alem\u00e1n y polaco<\/p><\/div><\/div><style type='text\/css'> @font-face{font-family: 'fa'; src:url('https:\/\/krakowzwiedzanie.pl\/wp-content\/themes\/thefox\/includes\/4k-icons\/icons\/4k-icons-pack02\/icons\/fonts\/fa.eot'); src:url('https:\/\/krakowzwiedzanie.pl\/wp-content\/themes\/thefox\/includes\/4k-icons\/icons\/4k-icons-pack02\/icons\/fonts\/fa.eot?#iefix') format('embedded-opentype'), url('https:\/\/krakowzwiedzanie.pl\/wp-content\/themes\/thefox\/includes\/4k-icons\/icons\/4k-icons-pack02\/icons\/fonts\/fa.woff') format('woff'), url('https:\/\/krakowzwiedzanie.pl\/wp-content\/themes\/thefox\/includes\/4k-icons\/icons\/4k-icons-pack02\/icons\/fonts\/fa.ttf') format('truetype'), url('https:\/\/krakowzwiedzanie.pl\/wp-content\/themes\/thefox\/includes\/4k-icons\/icons\/4k-icons-pack02\/icons\/fonts\/fa.svg#oi') format('svg'); font-weight: normal; font-style: normal;}#rand_355w4jik3r3nt3u3i34e .fa-check-circle:before{font-family: 'fa'; font-weight: normal; font-style: normal;}#rand_355w4jik3r3nt3u3i34e .fa-check-circle:before{content: \"\\f058\";}<\/style>\n<style type=\"text\/css\" >.rd_list_1 .list_item_ctn { border-color:#ecf0f1}.rd_list_1 #rand_355w4jik3r3nt3u3i34e .list_icn i,.rd_list_1_alt #rand_355w4jik3r3nt3u3i34e .list_icn i{color:#1abc9c;}.rd_list_2 #rand_355w4jik3r3nt3u3i34e:after{background:#5a5d6b;}.rd_list_2 #rand_355w4jik3r3nt3u3i34e .list_icn i{color:#1abc9c;}.rd_list_3 #rand_355w4jik3r3nt3u3i34e .list_icn,.rd_list_5 #rand_355w4jik3r3nt3u3i34e .list_icn,.rd_list_6 #rand_355w4jik3r3nt3u3i34e .list_icn{background:#1abc9c;}.rd_list_4 #rand_355w4jik3r3nt3u3i34e{background:#1abc9c;}#rand_355w4jik3r3nt3u3i34e h3{color:#2c3e50;}#rand_355w4jik3r3nt3u3i34e p{color:#5a5d6b;}.rd_list_7 #rand_355w4jik3r3nt3u3i34e .list_icn{color:#1abc9c;}<\/style><div class=\"list_item_ctn\" id=\"rand_355w4jik3r3nt3u3i34e\"><div class=\"list_icn\"><i class=\"fa-check-circle\"><\/i><\/div><div class=\"list_desc\"><p>Los tours adaptados a la edad, el inter\u00e9s y las necesidades. \u00a1Su gusto es nuestra prioridad principal!<\/p><\/div><\/div><style type='text\/css'> @font-face{font-family: 'fa'; src:url('https:\/\/krakowzwiedzanie.pl\/wp-content\/themes\/thefox\/includes\/4k-icons\/icons\/4k-icons-pack02\/icons\/fonts\/fa.eot'); src:url('https:\/\/krakowzwiedzanie.pl\/wp-content\/themes\/thefox\/includes\/4k-icons\/icons\/4k-icons-pack02\/icons\/fonts\/fa.eot?#iefix') format('embedded-opentype'), url('https:\/\/krakowzwiedzanie.pl\/wp-content\/themes\/thefox\/includes\/4k-icons\/icons\/4k-icons-pack02\/icons\/fonts\/fa.woff') format('woff'), url('https:\/\/krakowzwiedzanie.pl\/wp-content\/themes\/thefox\/includes\/4k-icons\/icons\/4k-icons-pack02\/icons\/fonts\/fa.ttf') format('truetype'), url('https:\/\/krakowzwiedzanie.pl\/wp-content\/themes\/thefox\/includes\/4k-icons\/icons\/4k-icons-pack02\/icons\/fonts\/fa.svg#oi') format('svg'); font-weight: normal; font-style: normal;}#rand_m0979p1tm29vr1p30aaa .fa-check-circle:before{font-family: 'fa'; font-weight: normal; font-style: normal;}#rand_m0979p1tm29vr1p30aaa .fa-check-circle:before{content: \"\\f058\";}<\/style>\n<style type=\"text\/css\" >.rd_list_1 .list_item_ctn { border-color:#ecf0f1}.rd_list_1 #rand_m0979p1tm29vr1p30aaa .list_icn i,.rd_list_1_alt #rand_m0979p1tm29vr1p30aaa .list_icn i{color:#1abc9c;}.rd_list_2 #rand_m0979p1tm29vr1p30aaa:after{background:#5a5d6b;}.rd_list_2 #rand_m0979p1tm29vr1p30aaa .list_icn i{color:#1abc9c;}.rd_list_3 #rand_m0979p1tm29vr1p30aaa .list_icn,.rd_list_5 #rand_m0979p1tm29vr1p30aaa .list_icn,.rd_list_6 #rand_m0979p1tm29vr1p30aaa .list_icn{background:#1abc9c;}.rd_list_4 #rand_m0979p1tm29vr1p30aaa{background:#1abc9c;}#rand_m0979p1tm29vr1p30aaa h3{color:#2c3e50;}#rand_m0979p1tm29vr1p30aaa p{color:#5a5d6b;}.rd_list_7 #rand_m0979p1tm29vr1p30aaa .list_icn{color:#1abc9c;}<\/style><div class=\"list_item_ctn\" id=\"rand_m0979p1tm29vr1p30aaa\"><div class=\"list_icn\"><i class=\"fa-check-circle\"><\/i><\/div><div class=\"list_desc\"><p>Duraci\u00f3n depende de la opci\u00f3n elegida.<\/p><\/div><\/div><style type='text\/css'> @font-face{font-family: 'fa'; src:url('https:\/\/krakowzwiedzanie.pl\/wp-content\/themes\/thefox\/includes\/4k-icons\/icons\/4k-icons-pack02\/icons\/fonts\/fa.eot'); src:url('https:\/\/krakowzwiedzanie.pl\/wp-content\/themes\/thefox\/includes\/4k-icons\/icons\/4k-icons-pack02\/icons\/fonts\/fa.eot?#iefix') format('embedded-opentype'), url('https:\/\/krakowzwiedzanie.pl\/wp-content\/themes\/thefox\/includes\/4k-icons\/icons\/4k-icons-pack02\/icons\/fonts\/fa.woff') format('woff'), url('https:\/\/krakowzwiedzanie.pl\/wp-content\/themes\/thefox\/includes\/4k-icons\/icons\/4k-icons-pack02\/icons\/fonts\/fa.ttf') format('truetype'), url('https:\/\/krakowzwiedzanie.pl\/wp-content\/themes\/thefox\/includes\/4k-icons\/icons\/4k-icons-pack02\/icons\/fonts\/fa.svg#oi') format('svg'); font-weight: normal; font-style: normal;}#rand_lclaggz95ky149rirrxw .fa-check-circle:before{font-family: 'fa'; font-weight: normal; font-style: normal;}#rand_lclaggz95ky149rirrxw .fa-check-circle:before{content: \"\\f058\";}<\/style>\n<style type=\"text\/css\" >.rd_list_1 .list_item_ctn { border-color:#ecf0f1}.rd_list_1 #rand_lclaggz95ky149rirrxw .list_icn i,.rd_list_1_alt #rand_lclaggz95ky149rirrxw .list_icn i{color:#1abc9c;}.rd_list_2 #rand_lclaggz95ky149rirrxw:after{background:#5a5d6b;}.rd_list_2 #rand_lclaggz95ky149rirrxw .list_icn i{color:#1abc9c;}.rd_list_3 #rand_lclaggz95ky149rirrxw .list_icn,.rd_list_5 #rand_lclaggz95ky149rirrxw .list_icn,.rd_list_6 #rand_lclaggz95ky149rirrxw .list_icn{background:#1abc9c;}.rd_list_4 #rand_lclaggz95ky149rirrxw{background:#1abc9c;}#rand_lclaggz95ky149rirrxw h3{color:#2c3e50;}#rand_lclaggz95ky149rirrxw p{color:#5a5d6b;}.rd_list_7 #rand_lclaggz95ky149rirrxw .list_icn{color:#1abc9c;}<\/style><div class=\"list_item_ctn\" id=\"rand_lclaggz95ky149rirrxw\"><div class=\"list_icn\"><i class=\"fa-check-circle\"><\/i><\/div><div class=\"list_desc\"><p>Un descanso para el almuerzo\/cena es posible. Tenemos unas ofertas especiales de comida.<\/p><\/div><\/div><style type='text\/css'> @font-face{font-family: 'fa'; src:url('https:\/\/krakowzwiedzanie.pl\/wp-content\/themes\/thefox\/includes\/4k-icons\/icons\/4k-icons-pack02\/icons\/fonts\/fa.eot'); src:url('https:\/\/krakowzwiedzanie.pl\/wp-content\/themes\/thefox\/includes\/4k-icons\/icons\/4k-icons-pack02\/icons\/fonts\/fa.eot?#iefix') format('embedded-opentype'), url('https:\/\/krakowzwiedzanie.pl\/wp-content\/themes\/thefox\/includes\/4k-icons\/icons\/4k-icons-pack02\/icons\/fonts\/fa.woff') format('woff'), url('https:\/\/krakowzwiedzanie.pl\/wp-content\/themes\/thefox\/includes\/4k-icons\/icons\/4k-icons-pack02\/icons\/fonts\/fa.ttf') format('truetype'), url('https:\/\/krakowzwiedzanie.pl\/wp-content\/themes\/thefox\/includes\/4k-icons\/icons\/4k-icons-pack02\/icons\/fonts\/fa.svg#oi') format('svg'); font-weight: normal; font-style: normal;}#rand_ijbv5uh0mwimpw21724a .fa-check-circle:before{font-family: 'fa'; font-weight: normal; font-style: normal;}#rand_ijbv5uh0mwimpw21724a .fa-check-circle:before{content: \"\\f058\";}<\/style>\n<style type=\"text\/css\" >.rd_list_1 .list_item_ctn { border-color:#ecf0f1}.rd_list_1 #rand_ijbv5uh0mwimpw21724a .list_icn i,.rd_list_1_alt #rand_ijbv5uh0mwimpw21724a .list_icn i{color:#1abc9c;}.rd_list_2 #rand_ijbv5uh0mwimpw21724a:after{background:#5a5d6b;}.rd_list_2 #rand_ijbv5uh0mwimpw21724a .list_icn i{color:#1abc9c;}.rd_list_3 #rand_ijbv5uh0mwimpw21724a .list_icn,.rd_list_5 #rand_ijbv5uh0mwimpw21724a .list_icn,.rd_list_6 #rand_ijbv5uh0mwimpw21724a .list_icn{background:#1abc9c;}.rd_list_4 #rand_ijbv5uh0mwimpw21724a{background:#1abc9c;}#rand_ijbv5uh0mwimpw21724a h3{color:#2c3e50;}#rand_ijbv5uh0mwimpw21724a p{color:#5a5d6b;}.rd_list_7 #rand_ijbv5uh0mwimpw21724a .list_icn{color:#1abc9c;}<\/style><div class=\"list_item_ctn\" id=\"rand_ijbv5uh0mwimpw21724a\"><div class=\"list_icn\"><i class=\"fa-check-circle\"><\/i><\/div><div class=\"list_desc\"><p>Gu\u00edas profesionales con un conocimiento excelente y el sentido del humor que tienen un buen contacto con los ni\u00f1os.<\/p><\/div><\/div><style type='text\/css'> @font-face{font-family: 'fa'; src:url('https:\/\/krakowzwiedzanie.pl\/wp-content\/themes\/thefox\/includes\/4k-icons\/icons\/4k-icons-pack02\/icons\/fonts\/fa.eot'); src:url('https:\/\/krakowzwiedzanie.pl\/wp-content\/themes\/thefox\/includes\/4k-icons\/icons\/4k-icons-pack02\/icons\/fonts\/fa.eot?#iefix') format('embedded-opentype'), url('https:\/\/krakowzwiedzanie.pl\/wp-content\/themes\/thefox\/includes\/4k-icons\/icons\/4k-icons-pack02\/icons\/fonts\/fa.woff') format('woff'), url('https:\/\/krakowzwiedzanie.pl\/wp-content\/themes\/thefox\/includes\/4k-icons\/icons\/4k-icons-pack02\/icons\/fonts\/fa.ttf') format('truetype'), url('https:\/\/krakowzwiedzanie.pl\/wp-content\/themes\/thefox\/includes\/4k-icons\/icons\/4k-icons-pack02\/icons\/fonts\/fa.svg#oi') format('svg'); font-weight: normal; font-style: normal;}#rand_5ufevfy0uuxaya0kpjgt .fa-check-circle:before{font-family: 'fa'; font-weight: normal; font-style: normal;}#rand_5ufevfy0uuxaya0kpjgt .fa-check-circle:before{content: \"\\f058\";}<\/style>\n<style type=\"text\/css\" >.rd_list_1 .list_item_ctn { border-color:#ecf0f1}.rd_list_1 #rand_5ufevfy0uuxaya0kpjgt .list_icn i,.rd_list_1_alt #rand_5ufevfy0uuxaya0kpjgt .list_icn i{color:#1abc9c;}.rd_list_2 #rand_5ufevfy0uuxaya0kpjgt:after{background:#5a5d6b;}.rd_list_2 #rand_5ufevfy0uuxaya0kpjgt .list_icn i{color:#1abc9c;}.rd_list_3 #rand_5ufevfy0uuxaya0kpjgt .list_icn,.rd_list_5 #rand_5ufevfy0uuxaya0kpjgt .list_icn,.rd_list_6 #rand_5ufevfy0uuxaya0kpjgt .list_icn{background:#1abc9c;}.rd_list_4 #rand_5ufevfy0uuxaya0kpjgt{background:#1abc9c;}#rand_5ufevfy0uuxaya0kpjgt h3{color:#2c3e50;}#rand_5ufevfy0uuxaya0kpjgt p{color:#5a5d6b;}.rd_list_7 #rand_5ufevfy0uuxaya0kpjgt .list_icn{color:#1abc9c;}<\/style><div class=\"list_item_ctn\" id=\"rand_5ufevfy0uuxaya0kpjgt\"><div class=\"list_icn\"><i class=\"fa-check-circle\"><\/i><\/div><div class=\"list_desc\"><p>Punto de partida: La Guarida del Drag\u00f3n (\u00abSmocza Jama\u00bb)<\/p><\/div><\/div><\/div>\r\n\r\n<!-- lists END-->\n[\/vc_column][vc_column width=\u00bb1\/2&#8243; css=\u00bb.vc_custom_1422813713213{padding-top: 6px !important;padding-bottom: 49px !important;}\u00bb][vc_single_image image=\u00bb7787&#8243; alignment=\u00bbright\u00bb border_color=\u00bbgrey\u00bb img_link_large=\u00bbyes\u00bb img_link_target=\u00bb_self\u00bb img_size=\u00bb500&#215;650&#8243; hover_effect=\u00bbimg_zoom_effect\u00bb el_class=\u00bbprettyphoto\u00bb style=\u00bbvc_box_outline\u00bb][\/vc_column][\/vc_row][vc_row css=\u00bb.vc_custom_1422891257866{margin-bottom: 0px !important;padding-top: 94px !important;padding-bottom: 100px !important;}\u00bb parallax_background=\u00bb\u00bb video_background=\u00bb\u00bb overlay=\u00bb\u00bb overlay_color=\u00bb#ffffff\u00bb i_select=\u00bb\u00bb i_bg_color=\u00bb#ffffff\u00bb i_color=\u00bb#21c2f8&#8243; a_select=\u00bb\u00bb a_bg_color=\u00bb#ffffff\u00bb][vc_column width=\u00bb1\/1&#8243;][vc_custom_heading text=\u00bbWawel Hill <strong>Itinerary<\/strong>\u00bb font_container=\u00bbtag:h2|font_size:36|text_align:center\u00bb google_fonts=\u00bbfont_family:Lato%3A100%2C100italic%2C300%2C300italic%2Cregular%2Citalic%2C700%2C700italic%2C900%2C900italic|font_style:300%20light%20regular%3A300%3Anormal\u00bb css=\u00bb.vc_custom_1437142252082{margin-bottom: 66px !important;}\u00bb]<style type=\"text\/css\" >#tle_o6kgjlxakovprehjy2qg .v_line{background: #27efd2; background: -moz-linear-gradient(top, #27efd2 1%, #22c8f3 100%); background: -webkit-gradient(linear, left top, left bottom, color-stop(1%,#27efd2), color-stop(100%,#22c8f3)); background: -webkit-linear-gradient(top, #27efd2 1%,#22c8f3 100%); background: -o-linear-gradient(top, #27efd2 1%,#22c8f3 100%); background: -ms-linear-gradient(top, #27efd2 1%,#22c8f3 100%); background: linear-gradient(to bottom, #27efd2 1%,#22c8f3 100%); filter: progid:DXImageTransform.Microsoft.gradient( startColorstr=\"#27efd2\", endColorstr=\"#22c8f3\",GradientType=0 );}#tle_o6kgjlxakovprehjy2qg .event_img{border-color:#ecf0f1;}#tle_o6kgjlxakovprehjy2qg .event_info h2{color:#2c3e50;}#tle_o6kgjlxakovprehjy2qg .event_info p{color:#5a5d6b;}#tle_o6kgjlxakovprehjy2qg span.timeline_event_date_ctn:nth-of-type(odd) .timeline_event_date,#tle_o6kgjlxakovprehjy2qg span.timeline_event_date_ctn:nth-of-type(odd) h2{background:#ffffff; color:#5a5d6b;}#tle_o6kgjlxakovprehjy2qg span.timeline_event_date_ctn:nth-of-type(even) .timeline_event_date,#tle_o6kgjlxakovprehjy2qg span.timeline_event_date_ctn:nth-of-type(even) h2{background:#ffffff; color:#2c3e50;}#tle_o6kgjlxakovprehjy2qg div.timeline_event:nth-of-type(even):after {color:#1abc9c;}#tle_o6kgjlxakovprehjy2qg div.timeline_event:nth-of-type(odd):before {color:#21c2f8;}#tle_o6kgjlxakovprehjy2qg {margin-top:0px; margin-bottom:0px; }<\/style>\n<!-- Timeline Event --><div class=\"timeline_event_ctn  clearfix\" id=\"tle_o6kgjlxakovprehjy2qg\"><div class=\"v_line\"><\/div><span class=\"timeline_event_date_ctn\"><div class=\"timeline_event_date\"><h2>START<\/h2><\/div><\/span><div class=\"timeline_event rda_bounceInLeft\"><div class=\"event_img\"><img decoding=\"async\" class=\"\" src=\"https:\/\/krakowzwiedzanie.pl\/wp-content\/uploads\/2015\/07\/wawel-dragon-small-250x250.jpg\" width=\"250\" height=\"250\" alt=\"El Drag\u00f3n de Wawel\" title=\"\" \/><\/div><div class=\"event_triangle\"><\/div><div class=\"event_info\"><h2>La Guarida del Drag\u00f3n (``Smocza Jama``)<\/h2><p>\u00bfConoce la leyenda sobre el Drag\u00f3n de Wawel? Nuestras visitas empiezan delante de su m\u00edtica guarida &#8211; una cueva natural en la ladera de la Colina de Wawel.<\/p><\/div><\/div><div class=\"timeline_event rda_bounceInRight\"><div class=\"event_img\"><img decoding=\"async\" class=\"\" src=\"https:\/\/krakowzwiedzanie.pl\/wp-content\/uploads\/2015\/02\/wawel-castle-small-250x250.jpg\" width=\"250\" height=\"250\" alt=\"guia de cracovia - wawel\" title=\"wawel-castle-small\" \/><\/div><div class=\"event_triangle\"><\/div><div class=\"event_info\"><h2>La Colina de Wawel<\/h2><p>Un complejo extenso y pintoresco con una arquitectura fascinante de varias \u00e9pocas. Le queremos invitar a dar un paseo por esta hermosa colina que, a trav\u00e9s de los siglos, fue el centro de la vida pol\u00edtica, religiosa y art\u00edstica, no s\u00f3lo de Cracovia, pero tambi\u00e9n toda Polonia.<\/p><\/div><\/div><div class=\"timeline_event rda_bounceInLeft\"><div class=\"event_img\"><img decoding=\"async\" class=\"\" src=\"https:\/\/krakowzwiedzanie.pl\/wp-content\/uploads\/2014\/12\/wawelhill-250x250.jpg\" width=\"250\" height=\"250\" alt=\"La Catedral de Wawel\" title=\"\" \/><\/div><div class=\"event_triangle\"><\/div><div class=\"event_info\"><h2>La Catedral de Wawel<\/h2><p>La Catedral de Wawel puede ser intimidante por su esplendor y belleza. Aqu\u00ed es donde late el coraz\u00f3n de lo polaco. La Catedral ha sido un testigo de las coronaciones, bodas y funerales reales. En las criptas se encuentran las tumbas de los h\u00e9roes nacionales, unos poetas eminentes y, sobre todo, de los reyes &#8211; unas obras del arte de la clase m\u00e1s alta. \u00a1Hay una hip\u00f3tesis cient\u00edfica que atribuye la tumba del rey Vladislao II al Donatello! Una joya verdadera es la Capilla de Segismundo, dise\u00f1ada por el maestro italiano Bartolomeo Berecci en el estilo renacentista. Venga y descubra todos los tesoros y secretos de este templo extraordinario.<\/p><\/div><\/div><div class=\"timeline_event rda_bounceInRight\"><div class=\"event_img\"><img decoding=\"async\" class=\"\" src=\"https:\/\/krakowzwiedzanie.pl\/wp-content\/uploads\/2015\/07\/wawel-castle-courtyard-250x250.jpg\" width=\"250\" height=\"250\" alt=\"wawel-castle-courtyard\" title=\"wawel-castle-courtyard\" \/><\/div><div class=\"event_triangle\"><\/div><div class=\"event_info\"><h2>El Patio del Castillo de Wawel<\/h2><p>Le invitamos a un lugar digno de reyes. El Patio del Castillo de Wawel es sin duda uno de los lugares m\u00e1s bellos de Cracovia. Una arquitectura sutil -obra de los maestros italianos- le deleitar\u00e1 con su ligereza y con sus detalles.<\/p><\/div><\/div><span class=\"timeline_event_date_ctn\"><div class=\"timeline_event_date\"><h2>END<\/h2><\/div><\/span><\/div>\r\n\r\n<!-- Timeline Event END-->\n[\/vc_column][\/vc_row][vc_row][vc_column][vc_column_text]<br \/>\n[\/vc_column_text][\/vc_column][\/vc_row][vc_row parallax_background=\u00bb\u00bb video_background=\u00bb\u00bb overlay=\u00bb\u00bb overlay_color=\u00bb#ffffff\u00bb i_select=\u00bb\u00bb i_bg_color=\u00bb#ffffff\u00bb i_color=\u00bb#21c2f8&#8243; a_select=\u00bb\u00bb a_bg_color=\u00bb#ffffff\u00bb css=\u00bb.vc_custom_1436961495518{padding-top: 30px !important;padding-bottom: 30px !important;background-color: #ecf0f1 !important;}\u00bb type=\u00bbfull-width-section\u00bb][vc_column width=\u00bb1\/1&#8243; animation=\u00bb\u00bb][vc_column_text]\r\n            \r\n            \r\n            \r\n            <a name='map9'><\/a>\r\n            \r\n            \r\n            \r\n            \r\n            <div class=\"wpgmza_map \"  id=\"wpgmza_map_9\" style=\"display:block; overflow:auto; width:100%; height:600px; float:left;\" data-settings='{\"id\":\"9\",\"map_title\":\"Wawel Hill\",\"map_width\":\"100\",\"map_height\":\"600\",\"map_start_lat\":\"50.054399\",\"map_start_lng\":\"19.935374\",\"map_start_location\":\"50.054399474092875,19.935373571644522\",\"map_start_zoom\":\"17\",\"default_marker\":\"http:\\\/\\\/krakowzwiedzanie.pl\\\/wp-content\\\/uploads\\\/2015\\\/07\\\/arch.png\",\"type\":\"1\",\"alignment\":\"1\",\"directions_enabled\":\"0\",\"styling_enabled\":\"0\",\"styling_json\":\"\",\"active\":\"0\",\"kml\":\"\",\"bicycle\":\"0\",\"traffic\":\"0\",\"dbox\":\"1\",\"dbox_width\":\"250\",\"listmarkers\":\"0\",\"listmarkers_advanced\":\"0\",\"filterbycat\":\"0\",\"ugm_enabled\":\"0\",\"ugm_category_enabled\":\"0\",\"fusion\":\"\",\"map_width_type\":\"\\\\%\",\"map_height_type\":\"px\",\"mass_marker_support\":\"1\",\"ugm_access\":\"0\",\"order_markers_by\":\"1\",\"order_markers_choice\":\"2\",\"show_user_location\":\"2\",\"default_to\":\"\",\"other_settings\":{\"store_locator_enabled\":2,\"wpgmza_store_locator_restrict\":\"\",\"store_locator_distance\":2,\"store_locator_bounce\":1,\"store_locator_hide_before_search\":2,\"store_locator_use_their_location\":2,\"store_locator_name_search\":2,\"store_locator_category\":2,\"store_locator_query_string\":\"ZIP \\\/ Address:\",\"store_locator_name_string\":\"Title \\\/ Description:\",\"wpgmza_dbox_width_type\":\"px\",\"map_max_zoom\":\"3\",\"sl_stroke_color\":\"FF0000\",\"sl_stroke_opacity\":\"0.25\",\"sl_fill_color\":\"FF0000\",\"sl_fill_opacity\":\"0.15\",\"click_open_link\":2,\"weather_layer\":2,\"weather_layer_temp_type\":1,\"cloud_layer\":2,\"transport_layer\":0,\"wpgmza_iw_type\":\"\",\"list_markers_by\":\"0\",\"push_in_map\":\"\",\"push_in_map_placement\":\"9\",\"wpgmza_push_in_map_width\":\"\",\"wpgmza_push_in_map_height\":\"\",\"shortcodeAttributes\":{\"id\":\"9\"}}}' data-map-id='9' data-shortcode-attributes='{\"id\":\"9\"}'> <\/div>\r\n            \r\n               \r\n        [\/vc_column_text][\/vc_column][\/vc_row]<\/p>\n<\/div>","protected":false},"excerpt":{"rendered":"<p>[vc_row css=\u00bb.vc_custom_1422813723719{margin-bottom: 0px !important;border-top-width: 1px !important;border-bottom-width: 1px !important;padding-top: 93px !important;padding-bottom: 50px !important;background-color: #f9fafb !important;border-top-color: #ecf0f1 !important;border-top-style: solid !important;border-bottom-color: #ecf0f1 !important;border-bottom-style: solid !important;}\u00bb parallax_background=\u00bb\u00bb video_background=\u00bb\u00bb overlay=\u00bb\u00bb overlay_color=\u00bb#ffffff\u00bb i_select=\u00bb\u00bb i_bg_color=\u00bb#ffffff\u00bb i_color=\u00bb#21c2f8&#8243; a_select=\u00bb\u00bb a_bg_color=\u00bb#ffffff\u00bb type=\u00bbfull-width-section\u00bb][vc_column width=\u00bb1\/2&#8243; css=\u00bb.vc_custom_1422813718196{padding-bottom: 49px !important;}\u00bb][vc_custom_heading text=\u00bbVisitas a la Colina de Wawel \u00bb font_container=\u00bbtag:h2|font_size:36|text_align:left\u00bb google_fonts=\u00bbfont_family:Lato%3A100%2C100italic%2C300%2C300italic%2Cregular%2Citalic%2C700%2C700italic%2C900%2C900italic|font_style:300%20light%20regular%3A300%3Anormal\u00bb css=\u00bb.vc_custom_1438856439632{margin-bottom: 15px !important;}\u00bb][vc_custom_heading text=\u00bbA thousand years of Polish history in<br \/><a href=\"https:\/\/krakowzwiedzanie.pl\/es\/visitas-a-la-colina-de-wawel\/\" class=\"more\">Read more<\/a><\/p>\n","protected":false},"author":1,"featured_media":8332,"parent":0,"menu_order":0,"comment_status":"closed","ping_status":"closed","template":"","meta":{"footnotes":""},"class_list":["post-8589","page","type-page","status-publish","has-post-thumbnail","hentry"],"_links":{"self":[{"href":"https:\/\/krakowzwiedzanie.pl\/es\/wp-json\/wp\/v2\/pages\/8589","targetHints":{"allow":["GET"]}}],"collection":[{"href":"https:\/\/krakowzwiedzanie.pl\/es\/wp-json\/wp\/v2\/pages"}],"about":[{"href":"https:\/\/krakowzwiedzanie.pl\/es\/wp-json\/wp\/v2\/types\/page"}],"author":[{"embeddable":true,"href":"https:\/\/krakowzwiedzanie.pl\/es\/wp-json\/wp\/v2\/users\/1"}],"replies":[{"embeddable":true,"href":"https:\/\/krakowzwiedzanie.pl\/es\/wp-json\/wp\/v2\/comments?post=8589"}],"version-history":[{"count":0,"href":"https:\/\/krakowzwiedzanie.pl\/es\/wp-json\/wp\/v2\/pages\/8589\/revisions"}],"wp:featuredmedia":[{"embeddable":true,"href":"https:\/\/krakowzwiedzanie.pl\/es\/wp-json\/wp\/v2\/media\/8332"}],"wp:attachment":[{"href":"https:\/\/krakowzwiedzanie.pl\/es\/wp-json\/wp\/v2\/media?parent=8589"}],"curies":[{"name":"wp","href":"https:\/\/api.w.org\/{rel}","templated":true}]}}