{"id":10965,"date":"2016-02-12T10:49:11","date_gmt":"2016-02-12T09:49:11","guid":{"rendered":"http:\/\/guiacracovia.es\/?page_id=10965"},"modified":"2025-12-13T19:24:07","modified_gmt":"2025-12-13T18:24:07","slug":"el-barrio-universitario","status":"publish","type":"page","link":"https:\/\/krakowzwiedzanie.pl\/es\/el-barrio-universitario\/","title":{"rendered":"El Barrio Universitario"},"content":{"rendered":"<div class=\"wpb-content-wrapper\"><p>[vc_row type=\u00bbfull-width-section\u00bb css=\u00bb.vc_custom_1422813723719{margin-bottom: 0px !important;border-top-width: 1px !important;border-bottom-width: 1px !important;padding-top: 93px !important;padding-bottom: 50px !important;background-color: #f9fafb !important;border-top-color: #ecf0f1 !important;border-top-style: solid !important;border-bottom-color: #ecf0f1 !important;border-bottom-style: solid !important;}\u00bb][vc_column width=\u00bb1\/2&#8243; css=\u00bb.vc_custom_1422813718196{padding-bottom: 49px !important;}\u00bb][vc_custom_heading text=\u00bbEl Barrio Universitario\u00bb font_container=\u00bbtag:h2|font_size:36|text_align:left\u00bb google_fonts=\u00bbfont_family:Lato%3A100%2C100italic%2C300%2C300italic%2Cregular%2Citalic%2C700%2C700italic%2C900%2C900italic|font_style:300%20light%20regular%3A300%3Anormal\u00bb css=\u00bb.vc_custom_1444223881620{margin-bottom: 15px !important;}\u00bb][vc_custom_heading text=\u00bb\u00a1Siente el ambiente \u00fanico de la universidad medieval!\u00bb font_container=\u00bbtag:h2|font_size:36|text_align:left\u00bb google_fonts=\u00bbfont_family:Lato%3A100%2C100italic%2C300%2C300italic%2Cregular%2Citalic%2C700%2C700italic%2C900%2C900italic|font_style:700%20bold%20regular%3A700%3Anormal\u00bb css=\u00bb.vc_custom_1444223909986{margin-bottom: 18px !important;}\u00bb][vc_column_text css=\u00bb.vc_custom_1444224120864{margin-bottom: 18px !important;}\u00bb]<strong>Le invitamos a visitar una parte muy especial del Casco Antiguo. La Universidad de Cracovia es la m\u00e1s antigua de Polonia y una de las m\u00e1s antiguas en esta parte de Europa.<\/strong><\/p>\n<p>El primer \u00abstudium generale\u00bb (que quiere decir \u00abuniversidad\u00bb en lat\u00edn) fue fundado por el rey Casimiro el Grande en 1364. Desgraciadamente, tras la muerte del monarca, perdi\u00f3 su importancia. La renov\u00f3 en 1400 Vladislao el Jagell\u00f3n, el primer de la dinastia (por eso el nombre actual es \u00ab<strong>Universidad Jagell\u00f3nica<\/strong>\u00ab). Desde los tiempos de este monarca el barrio acad\u00e9mico se situa cerca de la Plaza Mayor, entre las calles de Santa Ana y Go\u0142\u0119bia.<\/p>\n<p>Sin ver esta parte, la visita en Cracovia no es completa. Nuestros gu\u00edas le mostrar\u00e1n el encanto de este sitio, empezando por el <strong>Collegium Maius<\/strong> &#8211; el edificio m\u00e1s antiguo. Nuestro paseo termina enfrente de <strong>Collegium Novum<\/strong> del siglo XIX, pero antes le diremos la historia de la Universidad y de sus alumnos importantes &#8211; desde Nicol\u00e1s Cop\u00e9rnico hasta Juan Pablo II. Le encantar\u00e1 el ambiente tranquilo y solemne. \u00a1Visite el sitio que form\u00f3 la identidad intelectual de Cracovia![\/vc_column_text]\n<!-- lists --><div class=\"rd_list_1_alt rd_list_left\"><style type='text\/css'> @font-face{font-family: 'fa'; src:url('https:\/\/krakowzwiedzanie.pl\/wp-content\/themes\/thefox\/includes\/4k-icons\/icons\/4k-icons-pack02\/icons\/fonts\/fa.eot'); src:url('https:\/\/krakowzwiedzanie.pl\/wp-content\/themes\/thefox\/includes\/4k-icons\/icons\/4k-icons-pack02\/icons\/fonts\/fa.eot?#iefix') format('embedded-opentype'), url('https:\/\/krakowzwiedzanie.pl\/wp-content\/themes\/thefox\/includes\/4k-icons\/icons\/4k-icons-pack02\/icons\/fonts\/fa.woff') format('woff'), url('https:\/\/krakowzwiedzanie.pl\/wp-content\/themes\/thefox\/includes\/4k-icons\/icons\/4k-icons-pack02\/icons\/fonts\/fa.ttf') format('truetype'), url('https:\/\/krakowzwiedzanie.pl\/wp-content\/themes\/thefox\/includes\/4k-icons\/icons\/4k-icons-pack02\/icons\/fonts\/fa.svg#oi') format('svg'); font-weight: normal; font-style: normal;}#rand_pxlbixj4i5n97ka1glgu .fa-check-circle:before{font-family: 'fa'; font-weight: normal; font-style: normal;}#rand_pxlbixj4i5n97ka1glgu .fa-check-circle:before{content: \"\\f058\";}<\/style>\n<style type=\"text\/css\" >.rd_list_1 .list_item_ctn { border-color:#ecf0f1}.rd_list_1 #rand_pxlbixj4i5n97ka1glgu .list_icn i,.rd_list_1_alt #rand_pxlbixj4i5n97ka1glgu .list_icn i{color:#1abc9c;}.rd_list_2 #rand_pxlbixj4i5n97ka1glgu:after{background:#5a5d6b;}.rd_list_2 #rand_pxlbixj4i5n97ka1glgu .list_icn i{color:#1abc9c;}.rd_list_3 #rand_pxlbixj4i5n97ka1glgu .list_icn,.rd_list_5 #rand_pxlbixj4i5n97ka1glgu .list_icn,.rd_list_6 #rand_pxlbixj4i5n97ka1glgu .list_icn{background:#1abc9c;}.rd_list_4 #rand_pxlbixj4i5n97ka1glgu{background:#1abc9c;}#rand_pxlbixj4i5n97ka1glgu h3{color:#2c3e50;}#rand_pxlbixj4i5n97ka1glgu p{color:#5a5d6b;}.rd_list_7 #rand_pxlbixj4i5n97ka1glgu .list_icn{color:#1abc9c;}<\/style><div class=\"list_item_ctn\" id=\"rand_pxlbixj4i5n97ka1glgu\"><div class=\"list_icn\"><i class=\"fa-check-circle\"><\/i><\/div><div class=\"list_desc\"><p>Visita guiada en espa\u00f1ol, ingl\u00e9s, alem\u00e1n, sueco, ruso, franc\u00e9s, italiano o polaco<\/p><\/div><\/div><style type='text\/css'> @font-face{font-family: 'fa'; src:url('https:\/\/krakowzwiedzanie.pl\/wp-content\/themes\/thefox\/includes\/4k-icons\/icons\/4k-icons-pack02\/icons\/fonts\/fa.eot'); src:url('https:\/\/krakowzwiedzanie.pl\/wp-content\/themes\/thefox\/includes\/4k-icons\/icons\/4k-icons-pack02\/icons\/fonts\/fa.eot?#iefix') format('embedded-opentype'), url('https:\/\/krakowzwiedzanie.pl\/wp-content\/themes\/thefox\/includes\/4k-icons\/icons\/4k-icons-pack02\/icons\/fonts\/fa.woff') format('woff'), url('https:\/\/krakowzwiedzanie.pl\/wp-content\/themes\/thefox\/includes\/4k-icons\/icons\/4k-icons-pack02\/icons\/fonts\/fa.ttf') format('truetype'), url('https:\/\/krakowzwiedzanie.pl\/wp-content\/themes\/thefox\/includes\/4k-icons\/icons\/4k-icons-pack02\/icons\/fonts\/fa.svg#oi') format('svg'); font-weight: normal; font-style: normal;}#rand_nb3kyt2h7r7m6qv5ilix .fa-check-circle:before{font-family: 'fa'; font-weight: normal; font-style: normal;}#rand_nb3kyt2h7r7m6qv5ilix .fa-check-circle:before{content: \"\\f058\";}<\/style>\n<style type=\"text\/css\" >.rd_list_1 .list_item_ctn { border-color:#ecf0f1}.rd_list_1 #rand_nb3kyt2h7r7m6qv5ilix .list_icn i,.rd_list_1_alt #rand_nb3kyt2h7r7m6qv5ilix .list_icn i{color:#1abc9c;}.rd_list_2 #rand_nb3kyt2h7r7m6qv5ilix:after{background:#5a5d6b;}.rd_list_2 #rand_nb3kyt2h7r7m6qv5ilix .list_icn i{color:#1abc9c;}.rd_list_3 #rand_nb3kyt2h7r7m6qv5ilix .list_icn,.rd_list_5 #rand_nb3kyt2h7r7m6qv5ilix .list_icn,.rd_list_6 #rand_nb3kyt2h7r7m6qv5ilix .list_icn{background:#1abc9c;}.rd_list_4 #rand_nb3kyt2h7r7m6qv5ilix{background:#1abc9c;}#rand_nb3kyt2h7r7m6qv5ilix h3{color:#2c3e50;}#rand_nb3kyt2h7r7m6qv5ilix p{color:#5a5d6b;}.rd_list_7 #rand_nb3kyt2h7r7m6qv5ilix .list_icn{color:#1abc9c;}<\/style><div class=\"list_item_ctn\" id=\"rand_nb3kyt2h7r7m6qv5ilix\"><div class=\"list_icn\"><i class=\"fa-check-circle\"><\/i><\/div><div class=\"list_desc\"><p>Los tours adaptados a la edad, el inter\u00e9s y las necesidades. \u00a1Su gusto es nuestra prioridad principal!<\/p><\/div><\/div><style type='text\/css'> @font-face{font-family: 'fa'; src:url('https:\/\/krakowzwiedzanie.pl\/wp-content\/themes\/thefox\/includes\/4k-icons\/icons\/4k-icons-pack02\/icons\/fonts\/fa.eot'); src:url('https:\/\/krakowzwiedzanie.pl\/wp-content\/themes\/thefox\/includes\/4k-icons\/icons\/4k-icons-pack02\/icons\/fonts\/fa.eot?#iefix') format('embedded-opentype'), url('https:\/\/krakowzwiedzanie.pl\/wp-content\/themes\/thefox\/includes\/4k-icons\/icons\/4k-icons-pack02\/icons\/fonts\/fa.woff') format('woff'), url('https:\/\/krakowzwiedzanie.pl\/wp-content\/themes\/thefox\/includes\/4k-icons\/icons\/4k-icons-pack02\/icons\/fonts\/fa.ttf') format('truetype'), url('https:\/\/krakowzwiedzanie.pl\/wp-content\/themes\/thefox\/includes\/4k-icons\/icons\/4k-icons-pack02\/icons\/fonts\/fa.svg#oi') format('svg'); font-weight: normal; font-style: normal;}#rand_u6qv47xo9m7e4j0y53fm .fa-check-circle:before{font-family: 'fa'; font-weight: normal; font-style: normal;}#rand_u6qv47xo9m7e4j0y53fm .fa-check-circle:before{content: \"\\f058\";}<\/style>\n<style type=\"text\/css\" >.rd_list_1 .list_item_ctn { border-color:#ecf0f1}.rd_list_1 #rand_u6qv47xo9m7e4j0y53fm .list_icn i,.rd_list_1_alt #rand_u6qv47xo9m7e4j0y53fm .list_icn i{color:#1abc9c;}.rd_list_2 #rand_u6qv47xo9m7e4j0y53fm:after{background:#5a5d6b;}.rd_list_2 #rand_u6qv47xo9m7e4j0y53fm .list_icn i{color:#1abc9c;}.rd_list_3 #rand_u6qv47xo9m7e4j0y53fm .list_icn,.rd_list_5 #rand_u6qv47xo9m7e4j0y53fm .list_icn,.rd_list_6 #rand_u6qv47xo9m7e4j0y53fm .list_icn{background:#1abc9c;}.rd_list_4 #rand_u6qv47xo9m7e4j0y53fm{background:#1abc9c;}#rand_u6qv47xo9m7e4j0y53fm h3{color:#2c3e50;}#rand_u6qv47xo9m7e4j0y53fm p{color:#5a5d6b;}.rd_list_7 #rand_u6qv47xo9m7e4j0y53fm .list_icn{color:#1abc9c;}<\/style><div class=\"list_item_ctn\" id=\"rand_u6qv47xo9m7e4j0y53fm\"><div class=\"list_icn\"><i class=\"fa-check-circle\"><\/i><\/div><div class=\"list_desc\"><p>Duraci\u00f3n: 1 hora<\/p><\/div><\/div><style type='text\/css'> @font-face{font-family: 'fa'; src:url('https:\/\/krakowzwiedzanie.pl\/wp-content\/themes\/thefox\/includes\/4k-icons\/icons\/4k-icons-pack02\/icons\/fonts\/fa.eot'); src:url('https:\/\/krakowzwiedzanie.pl\/wp-content\/themes\/thefox\/includes\/4k-icons\/icons\/4k-icons-pack02\/icons\/fonts\/fa.eot?#iefix') format('embedded-opentype'), url('https:\/\/krakowzwiedzanie.pl\/wp-content\/themes\/thefox\/includes\/4k-icons\/icons\/4k-icons-pack02\/icons\/fonts\/fa.woff') format('woff'), url('https:\/\/krakowzwiedzanie.pl\/wp-content\/themes\/thefox\/includes\/4k-icons\/icons\/4k-icons-pack02\/icons\/fonts\/fa.ttf') format('truetype'), url('https:\/\/krakowzwiedzanie.pl\/wp-content\/themes\/thefox\/includes\/4k-icons\/icons\/4k-icons-pack02\/icons\/fonts\/fa.svg#oi') format('svg'); font-weight: normal; font-style: normal;}#rand_t3laotooxlde7r95u409 .fa-check-circle:before{font-family: 'fa'; font-weight: normal; font-style: normal;}#rand_t3laotooxlde7r95u409 .fa-check-circle:before{content: \"\\f058\";}<\/style>\n<style type=\"text\/css\" >.rd_list_1 .list_item_ctn { border-color:#ecf0f1}.rd_list_1 #rand_t3laotooxlde7r95u409 .list_icn i,.rd_list_1_alt #rand_t3laotooxlde7r95u409 .list_icn i{color:#1abc9c;}.rd_list_2 #rand_t3laotooxlde7r95u409:after{background:#5a5d6b;}.rd_list_2 #rand_t3laotooxlde7r95u409 .list_icn i{color:#1abc9c;}.rd_list_3 #rand_t3laotooxlde7r95u409 .list_icn,.rd_list_5 #rand_t3laotooxlde7r95u409 .list_icn,.rd_list_6 #rand_t3laotooxlde7r95u409 .list_icn{background:#1abc9c;}.rd_list_4 #rand_t3laotooxlde7r95u409{background:#1abc9c;}#rand_t3laotooxlde7r95u409 h3{color:#2c3e50;}#rand_t3laotooxlde7r95u409 p{color:#5a5d6b;}.rd_list_7 #rand_t3laotooxlde7r95u409 .list_icn{color:#1abc9c;}<\/style><div class=\"list_item_ctn\" id=\"rand_t3laotooxlde7r95u409\"><div class=\"list_icn\"><i class=\"fa-check-circle\"><\/i><\/div><div class=\"list_desc\"><p>Gu\u00edas profesionales con un conocimiento excelente y el sentido del humor<\/p>\n<p><\/p><\/div><\/div><style type='text\/css'> @font-face{font-family: 'fa'; src:url('https:\/\/krakowzwiedzanie.pl\/wp-content\/themes\/thefox\/includes\/4k-icons\/icons\/4k-icons-pack02\/icons\/fonts\/fa.eot'); src:url('https:\/\/krakowzwiedzanie.pl\/wp-content\/themes\/thefox\/includes\/4k-icons\/icons\/4k-icons-pack02\/icons\/fonts\/fa.eot?#iefix') format('embedded-opentype'), url('https:\/\/krakowzwiedzanie.pl\/wp-content\/themes\/thefox\/includes\/4k-icons\/icons\/4k-icons-pack02\/icons\/fonts\/fa.woff') format('woff'), url('https:\/\/krakowzwiedzanie.pl\/wp-content\/themes\/thefox\/includes\/4k-icons\/icons\/4k-icons-pack02\/icons\/fonts\/fa.ttf') format('truetype'), url('https:\/\/krakowzwiedzanie.pl\/wp-content\/themes\/thefox\/includes\/4k-icons\/icons\/4k-icons-pack02\/icons\/fonts\/fa.svg#oi') format('svg'); font-weight: normal; font-style: normal;}#rand_844ftrz7km3uggxhphyu .fa-check-circle:before{font-family: 'fa'; font-weight: normal; font-style: normal;}#rand_844ftrz7km3uggxhphyu .fa-check-circle:before{content: \"\\f058\";}<\/style>\n<style type=\"text\/css\" >.rd_list_1 .list_item_ctn { border-color:#ecf0f1}.rd_list_1 #rand_844ftrz7km3uggxhphyu .list_icn i,.rd_list_1_alt #rand_844ftrz7km3uggxhphyu .list_icn i{color:#1abc9c;}.rd_list_2 #rand_844ftrz7km3uggxhphyu:after{background:#5a5d6b;}.rd_list_2 #rand_844ftrz7km3uggxhphyu .list_icn i{color:#1abc9c;}.rd_list_3 #rand_844ftrz7km3uggxhphyu .list_icn,.rd_list_5 #rand_844ftrz7km3uggxhphyu .list_icn,.rd_list_6 #rand_844ftrz7km3uggxhphyu .list_icn{background:#1abc9c;}.rd_list_4 #rand_844ftrz7km3uggxhphyu{background:#1abc9c;}#rand_844ftrz7km3uggxhphyu h3{color:#2c3e50;}#rand_844ftrz7km3uggxhphyu p{color:#5a5d6b;}.rd_list_7 #rand_844ftrz7km3uggxhphyu .list_icn{color:#1abc9c;}<\/style><div class=\"list_item_ctn\" id=\"rand_844ftrz7km3uggxhphyu\"><div class=\"list_icn\"><i class=\"fa-check-circle\"><\/i><\/div><div class=\"list_desc\"><p>Punto de partida: la esquina de las calles de Sta. Ana y Jagiello\u0144ska<\/p><\/div><\/div><\/div>\r\n\r\n<!-- lists END-->\n[\/vc_column][vc_column width=\u00bb1\/2&#8243; css=\u00bb.vc_custom_1422813713213{padding-top: 6px !important;padding-bottom: 49px !important;}\u00bb][vc_single_image image=\u00bb8444&#8243; img_size=\u00bb500&#215;650&#8243; alignment=\u00bbright\u00bb style=\u00bbvc_box_outline\u00bb onclick=\u00bbimg_link_large\u00bb hover_effect=\u00bbimg_zoom_effect\u00bb el_class=\u00bbprettyphoto\u00bb][\/vc_column][\/vc_row][vc_row css=\u00bb.vc_custom_1422891257866{margin-bottom: 0px !important;padding-top: 94px !important;padding-bottom: 100px !important;}\u00bb][vc_column][vc_custom_heading text=\u00bbEl Barrio Universitario<strong>Itinerary<\/strong>\u00bb font_container=\u00bbtag:h2|font_size:36|text_align:center\u00bb google_fonts=\u00bbfont_family:Lato%3A100%2C100italic%2C300%2C300italic%2Cregular%2Citalic%2C700%2C700italic%2C900%2C900italic|font_style:300%20light%20regular%3A300%3Anormal\u00bb css=\u00bb.vc_custom_1444224677114{margin-bottom: 66px !important;}\u00bb]<style type=\"text\/css\" >#tle_wxk0wmhaxz0pb30q2950 .v_line{background: #27efd2; background: -moz-linear-gradient(top, #27efd2 1%, #22c8f3 100%); background: -webkit-gradient(linear, left top, left bottom, color-stop(1%,#27efd2), color-stop(100%,#22c8f3)); background: -webkit-linear-gradient(top, #27efd2 1%,#22c8f3 100%); background: -o-linear-gradient(top, #27efd2 1%,#22c8f3 100%); background: -ms-linear-gradient(top, #27efd2 1%,#22c8f3 100%); background: linear-gradient(to bottom, #27efd2 1%,#22c8f3 100%); filter: progid:DXImageTransform.Microsoft.gradient( startColorstr=\"#27efd2\", endColorstr=\"#22c8f3\",GradientType=0 );}#tle_wxk0wmhaxz0pb30q2950 .event_img{border-color:#ecf0f1;}#tle_wxk0wmhaxz0pb30q2950 .event_info h2{color:#2c3e50;}#tle_wxk0wmhaxz0pb30q2950 .event_info p{color:#5a5d6b;}#tle_wxk0wmhaxz0pb30q2950 span.timeline_event_date_ctn:nth-of-type(odd) .timeline_event_date,#tle_wxk0wmhaxz0pb30q2950 span.timeline_event_date_ctn:nth-of-type(odd) h2{background:#ffffff; color:#5a5d6b;}#tle_wxk0wmhaxz0pb30q2950 span.timeline_event_date_ctn:nth-of-type(even) .timeline_event_date,#tle_wxk0wmhaxz0pb30q2950 span.timeline_event_date_ctn:nth-of-type(even) h2{background:#ffffff; color:#2c3e50;}#tle_wxk0wmhaxz0pb30q2950 div.timeline_event:nth-of-type(even):after {color:#1abc9c;}#tle_wxk0wmhaxz0pb30q2950 div.timeline_event:nth-of-type(odd):before {color:#21c2f8;}#tle_wxk0wmhaxz0pb30q2950 {margin-top:0px; margin-bottom:0px; }<\/style>\n<!-- Timeline Event --><div class=\"timeline_event_ctn  clearfix\" id=\"tle_wxk0wmhaxz0pb30q2950\"><div class=\"v_line\"><\/div><span class=\"timeline_event_date_ctn\"><div class=\"timeline_event_date\"><h2>START<\/h2><\/div><\/span><div class=\"timeline_event rda_bounceInLeft\"><div class=\"event_img\"><img decoding=\"async\" class=\"\" src=\"https:\/\/krakowzwiedzanie.pl\/wp-content\/uploads\/2015\/09\/kolegiata-sw-anny-250x250.jpg\" width=\"250\" height=\"250\" alt=\"Calle de Santa Ana y la Colegiata Acad\u00e9mica\" title=\"\" \/><\/div><div class=\"event_triangle\"><\/div><div class=\"event_info\"><h2>Calle de Santa Ana y la Colegiata Acad\u00e9mica<\/h2><p><\/p>\n<p class=\"ParyskiszykEmilii\" style=\"tab-stops: 87.1pt;\">Hasta el siglo XV la calle se llamaba \u00abla calle jud\u00eda\u00bb, ya que aqu\u00ed se situaba el barrio judio antes de que sus habitantes fueron trasladados a Kazimierz. Al final de la calle se puede ver una magn\u00edfica iglesia barroca de Santa Ana, dise\u00f1ada en el siglo XVII por un arquitecto holand\u00e9s Tylman van Gameren en las ruinas de una colegiata g\u00f3tica.<\/p>\n<p><\/p><\/div><\/div><div class=\"timeline_event rda_bounceInRight\"><div class=\"event_img\"><img decoding=\"async\" class=\"\" src=\"https:\/\/krakowzwiedzanie.pl\/wp-content\/uploads\/2014\/12\/universitydistrict-250x250.jpg\" width=\"250\" height=\"250\" alt=\"Collegium Maius\" title=\"\" \/><\/div><div class=\"event_triangle\"><\/div><div class=\"event_info\"><h2>Collegium Maius<\/h2><p><\/p>\n<p class=\"ParyskiszykEmilii\" style=\"tab-stops: 87.1pt;\">El edificio m\u00e1s antiguo de la Universidad. Un hermoso colegio g\u00f3tico que antes era la sede de la Facultad de Filosof\u00eda. Desde la Edad Media hab\u00eda aqu\u00ed dos salas de conferencias y casas de profesores. Veremos un patio maravilloso rodeado por galer\u00edas porticadas. El ambiente m\u00e1gico de este lugar es dif\u00edcil de describir. Se puede sentir literalmente el esfuerzo intelectual de generaciones de estudiantes.<\/p>\n<p><\/p><\/div><\/div><div class=\"timeline_event rda_bounceInLeft\"><div class=\"event_img\"><img decoding=\"async\" class=\"\" src=\"https:\/\/krakowzwiedzanie.pl\/wp-content\/uploads\/2014\/12\/universitydistrict-250x250.jpg\" width=\"250\" height=\"250\" alt=\"Collegium Maius\" title=\"\" \/><\/div><div class=\"event_triangle\"><\/div><div class=\"event_info\"><h2>La Facultad de Filolog\u00eda Polaca<\/h2><p>Andaremos entre las facultades de la Universidad (Colegio de Hugo Ko\u0142\u0142\u0105taj, Collegium Physicum, Collegium Minus) y al lado del Jard\u00edn de los Profesores hasta el edificio de la Facultad de Filolog\u00eda Polaca la calle Go\u0142\u0119bia. \u00bfPor qu\u00e9 es tan importante? Karol Wojty\u0142a, el futuro Papa Juan Pablo II, estudi\u00f3 aqu\u00ed.<\/p><\/div><\/div><div class=\"timeline_event rda_bounceInRight\"><div class=\"event_img\"><img decoding=\"async\" class=\"\" src=\"https:\/\/krakowzwiedzanie.pl\/wp-content\/uploads\/2015\/07\/jagiellonian-university-collegium-maius-250x250.jpg\" width=\"250\" height=\"250\" alt=\"Collegium Novum\" title=\"\" \/><\/div><div class=\"event_triangle\"><\/div><div class=\"event_info\"><h2>Collegium Novum<\/h2><p><\/p>\n<p class=\"ParyskiszykEmilii\" style=\"tab-stops: 87.1pt;\">Nuestra \u00faltima parada. Un colegio del siglo XIX construido en el sitio de una residencia medieval arruinada. Hoy en d\u00eda, este edificio hermoso y monumental es el coraz\u00f3n administrativo de la Universidad. Cerca de all\u00ed, en la plaza entre el Colegio y el Instituto de Historia se encuentra una estatua de Nicol\u00e1s Cop\u00e9rnico, probablemente el graduado m\u00e1s famoso de la Academia de Cracovia.<\/p>\n<p><\/p><\/div><\/div><span class=\"timeline_event_date_ctn\"><div class=\"timeline_event_date\"><h2>END<\/h2><\/div><\/span><\/div>\r\n\r\n<!-- Timeline Event END-->\n[\/vc_column][\/vc_row][vc_row type=\u00bbfull-width-section\u00bb css=\u00bb.vc_custom_1436961495518{padding-top: 30px !important;padding-bottom: 30px !important;background-color: #ecf0f1 !important;}\u00bb][vc_column][vc_column_text]<\/p>\n\r\n            \r\n            \r\n            \r\n            <a name='map6'><\/a>\r\n            \r\n            \r\n            \r\n            \r\n            <div class=\"wpgmza_map \"  id=\"wpgmza_map_6\" style=\"display:block; overflow:auto; width:100%; height:600px; float:left;\" data-settings='{\"id\":\"6\",\"map_title\":\"University district\",\"map_width\":\"100\",\"map_height\":\"600\",\"map_start_lat\":\"50.061455\",\"map_start_lng\":\"19.933635\",\"map_start_location\":\"50.06145538655647,19.933635288360605\",\"map_start_zoom\":\"17\",\"default_marker\":\"http:\\\/\\\/krakowzwiedzanie.pl\\\/wp-content\\\/uploads\\\/2015\\\/07\\\/arch.png\",\"type\":\"1\",\"alignment\":\"1\",\"directions_enabled\":\"0\",\"styling_enabled\":\"0\",\"styling_json\":\"\",\"active\":\"0\",\"kml\":\"\",\"bicycle\":\"0\",\"traffic\":\"0\",\"dbox\":\"1\",\"dbox_width\":\"250\",\"listmarkers\":\"0\",\"listmarkers_advanced\":\"0\",\"filterbycat\":\"0\",\"ugm_enabled\":\"0\",\"ugm_category_enabled\":\"0\",\"fusion\":\"\",\"map_width_type\":\"\\\\%\",\"map_height_type\":\"px\",\"mass_marker_support\":\"1\",\"ugm_access\":\"0\",\"order_markers_by\":\"1\",\"order_markers_choice\":\"2\",\"show_user_location\":\"2\",\"default_to\":\"\",\"other_settings\":{\"store_locator_enabled\":2,\"wpgmza_store_locator_restrict\":\"\",\"store_locator_distance\":2,\"store_locator_bounce\":1,\"store_locator_hide_before_search\":2,\"store_locator_use_their_location\":2,\"store_locator_name_search\":2,\"store_locator_category\":2,\"store_locator_query_string\":\"ZIP \\\/ Address:\",\"store_locator_name_string\":\"Title \\\/ Description:\",\"wpgmza_dbox_width_type\":\"px\",\"map_max_zoom\":\"3\",\"sl_stroke_color\":\"FF0000\",\"sl_stroke_opacity\":\"0.25\",\"sl_fill_color\":\"FF0000\",\"sl_fill_opacity\":\"0.15\",\"click_open_link\":2,\"weather_layer\":2,\"weather_layer_temp_type\":1,\"cloud_layer\":2,\"transport_layer\":0,\"wpgmza_iw_type\":\"\",\"list_markers_by\":\"0\",\"push_in_map\":\"\",\"push_in_map_placement\":\"9\",\"wpgmza_push_in_map_width\":\"\",\"wpgmza_push_in_map_height\":\"\",\"shortcodeAttributes\":{\"id\":\"6\"}}}' data-map-id='6' data-shortcode-attributes='{\"id\":\"6\"}'> <\/div>\r\n            \r\n               \r\n        \n<p>[\/vc_column_text][\/vc_column][\/vc_row]<\/p>\n<\/div>","protected":false},"excerpt":{"rendered":"<p>[vc_row type=\u00bbfull-width-section\u00bb css=\u00bb.vc_custom_1422813723719{margin-bottom: 0px !important;border-top-width: 1px !important;border-bottom-width: 1px !important;padding-top: 93px !important;padding-bottom: 50px !important;background-color: #f9fafb !important;border-top-color: #ecf0f1 !important;border-top-style: solid !important;border-bottom-color: #ecf0f1 !important;border-bottom-style: solid !important;}\u00bb][vc_column width=\u00bb1\/2&#8243; css=\u00bb.vc_custom_1422813718196{padding-bottom: 49px !important;}\u00bb][vc_custom_heading text=\u00bbEl Barrio Universitario\u00bb font_container=\u00bbtag:h2|font_size:36|text_align:left\u00bb google_fonts=\u00bbfont_family:Lato%3A100%2C100italic%2C300%2C300italic%2Cregular%2Citalic%2C700%2C700italic%2C900%2C900italic|font_style:300%20light%20regular%3A300%3Anormal\u00bb css=\u00bb.vc_custom_1444223881620{margin-bottom: 15px !important;}\u00bb][vc_custom_heading text=\u00bb\u00a1Siente el ambiente \u00fanico de la universidad medieval!\u00bb font_container=\u00bbtag:h2|font_size:36|text_align:left\u00bb google_fonts=\u00bbfont_family:Lato%3A100%2C100italic%2C300%2C300italic%2Cregular%2Citalic%2C700%2C700italic%2C900%2C900italic|font_style:700%20bold%20regular%3A700%3Anormal\u00bb css=\u00bb.vc_custom_1444223909986{margin-bottom: 18px !important;}\u00bb][vc_column_text css=\u00bb.vc_custom_1444224120864{margin-bottom: 18px !important;}\u00bb]Le invitamos a visitar una<br \/><a href=\"https:\/\/krakowzwiedzanie.pl\/es\/el-barrio-universitario\/\" class=\"more\">Read more<\/a><\/p>\n","protected":false},"author":1,"featured_media":8444,"parent":0,"menu_order":0,"comment_status":"closed","ping_status":"closed","template":"","meta":{"footnotes":""},"class_list":["post-10965","page","type-page","status-publish","has-post-thumbnail","hentry"],"_links":{"self":[{"href":"https:\/\/krakowzwiedzanie.pl\/es\/wp-json\/wp\/v2\/pages\/10965","targetHints":{"allow":["GET"]}}],"collection":[{"href":"https:\/\/krakowzwiedzanie.pl\/es\/wp-json\/wp\/v2\/pages"}],"about":[{"href":"https:\/\/krakowzwiedzanie.pl\/es\/wp-json\/wp\/v2\/types\/page"}],"author":[{"embeddable":true,"href":"https:\/\/krakowzwiedzanie.pl\/es\/wp-json\/wp\/v2\/users\/1"}],"replies":[{"embeddable":true,"href":"https:\/\/krakowzwiedzanie.pl\/es\/wp-json\/wp\/v2\/comments?post=10965"}],"version-history":[{"count":0,"href":"https:\/\/krakowzwiedzanie.pl\/es\/wp-json\/wp\/v2\/pages\/10965\/revisions"}],"wp:featuredmedia":[{"embeddable":true,"href":"https:\/\/krakowzwiedzanie.pl\/es\/wp-json\/wp\/v2\/media\/8444"}],"wp:attachment":[{"href":"https:\/\/krakowzwiedzanie.pl\/es\/wp-json\/wp\/v2\/media?parent=10965"}],"curies":[{"name":"wp","href":"https:\/\/api.w.org\/{rel}","templated":true}]}}