{"id":9841,"date":"2015-09-07T16:18:17","date_gmt":"2015-09-07T14:18:17","guid":{"rendered":"http:\/\/reisefuehrerkrakau.de\/?page_id=9841"},"modified":"2025-12-13T19:26:03","modified_gmt":"2025-12-13T18:26:03","slug":"der-wawelhuegel","status":"publish","type":"page","link":"https:\/\/krakowzwiedzanie.pl\/de\/der-wawelhuegel\/","title":{"rendered":"Der Wawelh\u00fcgel"},"content":{"rendered":"<div class=\"wpb-content-wrapper\"><p>[vc_row type=&#8220;full-width-section&#8220; css=&#8220;.vc_custom_1422813723719{margin-bottom: 0px !important;border-top-width: 1px !important;border-bottom-width: 1px !important;padding-top: 93px !important;padding-bottom: 50px !important;background-color: #f9fafb !important;border-top-color: #ecf0f1 !important;border-top-style: solid !important;border-bottom-color: #ecf0f1 !important;border-bottom-style: solid !important;}&#8220;][vc_column width=&#8220;1\/2&#8243; css=&#8220;.vc_custom_1422813718196{padding-bottom: 49px !important;}&#8220;][vc_custom_heading text=&#8220;Der Wawelh\u00fcgel&#8220; font_container=&#8220;tag:h2|font_size:36|text_align:left&#8220; google_fonts=&#8220;font_family:Lato%3A100%2C100italic%2C300%2C300italic%2Cregular%2Citalic%2C700%2C700italic%2C900%2C900italic|font_style:300%20light%20regular%3A300%3Anormal&#8220; css=&#8220;.vc_custom_1441200924838{margin-bottom: 15px !important;}&#8220;][vc_custom_heading text=&#8220;Tausend Jahre der polnischen Geschichte in einem bemerkenswerten Ort&#8220; font_container=&#8220;tag:h2|font_size:36|text_align:left&#8220; google_fonts=&#8220;font_family:Lato%3A100%2C100italic%2C300%2C300italic%2Cregular%2Citalic%2C700%2C700italic%2C900%2C900italic|font_style:700%20bold%20regular%3A700%3Anormal&#8220; css=&#8220;.vc_custom_1468919832827{margin-bottom: 18px !important;}&#8220;][vc_column_text css=&#8220;.vc_custom_1437141732276{margin-bottom: 18px !important;}&#8220;]<\/p>\n<p class=\"ParyskiszykEmilii\"><strong>Wawel Hill<\/strong>, one of the most important places in our history, plays a significant role in Polish consciousness. From the reign of Prince Casimir the Restorer (<strong>11th century<\/strong>) Wawel was the seat of Polish monarchs. In the Wawel Castle they have solved the most crucial political issues and live their personal dramas. <strong>The royal court<\/strong> attracted the greatest artists and enlightened minds. Polish Kings were crowned and buried in the <strong>Wawel Cathedral<\/strong>.<\/p>\n<p class=\"ParyskiszykEmilii\">We would like to invite you to a place, that will enchant you with its rich history and and almost mystical atmosphere. This tour is a unique opportunity to marvel at the first-class architecture of different eras &#8211; from the early Middle Ages to the nineteenth century \u2013 and hear the most fascinating stories associated with <strong>the Wawel Hill<\/strong>.<\/p>\n<p class=\"ParyskiszykEmilii\">During our walk we will explore the interior of the Cathedral. For a small fee we could also see royal tombs and ascend the tower, where in the sixteenth century famous <strong>Sigismund Bell<\/strong> was suspended. Finally, the courtyard of the Wawel castle with its beautiful Renaissance colonnade will remain in Your memory for a long time.<\/p>\n<p class=\"ParyskiszykEmilii\">Do You want to experience a thousand years of history in one visit? Our tour is for You!<\/p>\n<p>[\/vc_column_text]\n<!-- lists --><div class=\"rd_list_1_alt rd_list_left\"><style type='text\/css'> @font-face{font-family: 'fa'; src:url('https:\/\/krakowzwiedzanie.pl\/wp-content\/themes\/thefox\/includes\/4k-icons\/icons\/4k-icons-pack02\/icons\/fonts\/fa.eot'); src:url('https:\/\/krakowzwiedzanie.pl\/wp-content\/themes\/thefox\/includes\/4k-icons\/icons\/4k-icons-pack02\/icons\/fonts\/fa.eot?#iefix') format('embedded-opentype'), url('https:\/\/krakowzwiedzanie.pl\/wp-content\/themes\/thefox\/includes\/4k-icons\/icons\/4k-icons-pack02\/icons\/fonts\/fa.woff') format('woff'), url('https:\/\/krakowzwiedzanie.pl\/wp-content\/themes\/thefox\/includes\/4k-icons\/icons\/4k-icons-pack02\/icons\/fonts\/fa.ttf') format('truetype'), url('https:\/\/krakowzwiedzanie.pl\/wp-content\/themes\/thefox\/includes\/4k-icons\/icons\/4k-icons-pack02\/icons\/fonts\/fa.svg#oi') format('svg'); font-weight: normal; font-style: normal;}#rand_7yu79h3keyibjqx5bqoh .fa-check-circle:before{font-family: 'fa'; font-weight: normal; font-style: normal;}#rand_7yu79h3keyibjqx5bqoh .fa-check-circle:before{content: \"\\f058\";}<\/style>\n<style type=\"text\/css\" >.rd_list_1 .list_item_ctn { border-color:#ecf0f1}.rd_list_1 #rand_7yu79h3keyibjqx5bqoh .list_icn i,.rd_list_1_alt #rand_7yu79h3keyibjqx5bqoh .list_icn i{color:#1abc9c;}.rd_list_2 #rand_7yu79h3keyibjqx5bqoh:after{background:#5a5d6b;}.rd_list_2 #rand_7yu79h3keyibjqx5bqoh .list_icn i{color:#1abc9c;}.rd_list_3 #rand_7yu79h3keyibjqx5bqoh .list_icn,.rd_list_5 #rand_7yu79h3keyibjqx5bqoh .list_icn,.rd_list_6 #rand_7yu79h3keyibjqx5bqoh .list_icn{background:#1abc9c;}.rd_list_4 #rand_7yu79h3keyibjqx5bqoh{background:#1abc9c;}#rand_7yu79h3keyibjqx5bqoh h3{color:#2c3e50;}#rand_7yu79h3keyibjqx5bqoh p{color:#5a5d6b;}.rd_list_7 #rand_7yu79h3keyibjqx5bqoh .list_icn{color:#1abc9c;}<\/style><div class=\"list_item_ctn\" id=\"rand_7yu79h3keyibjqx5bqoh\"><div class=\"list_icn\"><i class=\"fa-check-circle\"><\/i><\/div><div class=\"list_desc\"><p>Stadtf\u00fchrungen in Englisch, Deutsch, Schwedisch, Russisch, Franz\u00f6sisch, Spanisch, Italienisch und Polnisch<\/p>\n<p><\/p><\/div><\/div><style type='text\/css'> @font-face{font-family: 'fa'; src:url('https:\/\/krakowzwiedzanie.pl\/wp-content\/themes\/thefox\/includes\/4k-icons\/icons\/4k-icons-pack02\/icons\/fonts\/fa.eot'); src:url('https:\/\/krakowzwiedzanie.pl\/wp-content\/themes\/thefox\/includes\/4k-icons\/icons\/4k-icons-pack02\/icons\/fonts\/fa.eot?#iefix') format('embedded-opentype'), url('https:\/\/krakowzwiedzanie.pl\/wp-content\/themes\/thefox\/includes\/4k-icons\/icons\/4k-icons-pack02\/icons\/fonts\/fa.woff') format('woff'), url('https:\/\/krakowzwiedzanie.pl\/wp-content\/themes\/thefox\/includes\/4k-icons\/icons\/4k-icons-pack02\/icons\/fonts\/fa.ttf') format('truetype'), url('https:\/\/krakowzwiedzanie.pl\/wp-content\/themes\/thefox\/includes\/4k-icons\/icons\/4k-icons-pack02\/icons\/fonts\/fa.svg#oi') format('svg'); font-weight: normal; font-style: normal;}#rand_z5933i1o0b6nbums54cq .fa-check-circle:before{font-family: 'fa'; font-weight: normal; font-style: normal;}#rand_z5933i1o0b6nbums54cq .fa-check-circle:before{content: \"\\f058\";}<\/style>\n<style type=\"text\/css\" >.rd_list_1 .list_item_ctn { border-color:#ecf0f1}.rd_list_1 #rand_z5933i1o0b6nbums54cq .list_icn i,.rd_list_1_alt #rand_z5933i1o0b6nbums54cq .list_icn i{color:#1abc9c;}.rd_list_2 #rand_z5933i1o0b6nbums54cq:after{background:#5a5d6b;}.rd_list_2 #rand_z5933i1o0b6nbums54cq .list_icn i{color:#1abc9c;}.rd_list_3 #rand_z5933i1o0b6nbums54cq .list_icn,.rd_list_5 #rand_z5933i1o0b6nbums54cq .list_icn,.rd_list_6 #rand_z5933i1o0b6nbums54cq .list_icn{background:#1abc9c;}.rd_list_4 #rand_z5933i1o0b6nbums54cq{background:#1abc9c;}#rand_z5933i1o0b6nbums54cq h3{color:#2c3e50;}#rand_z5933i1o0b6nbums54cq p{color:#5a5d6b;}.rd_list_7 #rand_z5933i1o0b6nbums54cq .list_icn{color:#1abc9c;}<\/style><div class=\"list_item_ctn\" id=\"rand_z5933i1o0b6nbums54cq\"><div class=\"list_icn\"><i class=\"fa-check-circle\"><\/i><\/div><div class=\"list_desc\"><p>Die F\u00fchrungen werden immer an den Alter, Interessen und Bedarf angepasst<\/p>\n<p><\/p><\/div><\/div><style type='text\/css'> @font-face{font-family: 'fa'; src:url('https:\/\/krakowzwiedzanie.pl\/wp-content\/themes\/thefox\/includes\/4k-icons\/icons\/4k-icons-pack02\/icons\/fonts\/fa.eot'); src:url('https:\/\/krakowzwiedzanie.pl\/wp-content\/themes\/thefox\/includes\/4k-icons\/icons\/4k-icons-pack02\/icons\/fonts\/fa.eot?#iefix') format('embedded-opentype'), url('https:\/\/krakowzwiedzanie.pl\/wp-content\/themes\/thefox\/includes\/4k-icons\/icons\/4k-icons-pack02\/icons\/fonts\/fa.woff') format('woff'), url('https:\/\/krakowzwiedzanie.pl\/wp-content\/themes\/thefox\/includes\/4k-icons\/icons\/4k-icons-pack02\/icons\/fonts\/fa.ttf') format('truetype'), url('https:\/\/krakowzwiedzanie.pl\/wp-content\/themes\/thefox\/includes\/4k-icons\/icons\/4k-icons-pack02\/icons\/fonts\/fa.svg#oi') format('svg'); font-weight: normal; font-style: normal;}#rand_3h1f5n4sukteogd8kmw8 .fa-check-circle:before{font-family: 'fa'; font-weight: normal; font-style: normal;}#rand_3h1f5n4sukteogd8kmw8 .fa-check-circle:before{content: \"\\f058\";}<\/style>\n<style type=\"text\/css\" >.rd_list_1 .list_item_ctn { border-color:#ecf0f1}.rd_list_1 #rand_3h1f5n4sukteogd8kmw8 .list_icn i,.rd_list_1_alt #rand_3h1f5n4sukteogd8kmw8 .list_icn i{color:#1abc9c;}.rd_list_2 #rand_3h1f5n4sukteogd8kmw8:after{background:#5a5d6b;}.rd_list_2 #rand_3h1f5n4sukteogd8kmw8 .list_icn i{color:#1abc9c;}.rd_list_3 #rand_3h1f5n4sukteogd8kmw8 .list_icn,.rd_list_5 #rand_3h1f5n4sukteogd8kmw8 .list_icn,.rd_list_6 #rand_3h1f5n4sukteogd8kmw8 .list_icn{background:#1abc9c;}.rd_list_4 #rand_3h1f5n4sukteogd8kmw8{background:#1abc9c;}#rand_3h1f5n4sukteogd8kmw8 h3{color:#2c3e50;}#rand_3h1f5n4sukteogd8kmw8 p{color:#5a5d6b;}.rd_list_7 #rand_3h1f5n4sukteogd8kmw8 .list_icn{color:#1abc9c;}<\/style><div class=\"list_item_ctn\" id=\"rand_3h1f5n4sukteogd8kmw8\"><div class=\"list_icn\"><i class=\"fa-check-circle\"><\/i><\/div><div class=\"list_desc\"><p>Zeitdauer: abh\u00e4ngig von dem ausgew\u00e4hlten Thema der F\u00fchrung<\/p>\n<p><\/p><\/div><\/div><style type='text\/css'> @font-face{font-family: 'fa'; src:url('https:\/\/krakowzwiedzanie.pl\/wp-content\/themes\/thefox\/includes\/4k-icons\/icons\/4k-icons-pack02\/icons\/fonts\/fa.eot'); src:url('https:\/\/krakowzwiedzanie.pl\/wp-content\/themes\/thefox\/includes\/4k-icons\/icons\/4k-icons-pack02\/icons\/fonts\/fa.eot?#iefix') format('embedded-opentype'), url('https:\/\/krakowzwiedzanie.pl\/wp-content\/themes\/thefox\/includes\/4k-icons\/icons\/4k-icons-pack02\/icons\/fonts\/fa.woff') format('woff'), url('https:\/\/krakowzwiedzanie.pl\/wp-content\/themes\/thefox\/includes\/4k-icons\/icons\/4k-icons-pack02\/icons\/fonts\/fa.ttf') format('truetype'), url('https:\/\/krakowzwiedzanie.pl\/wp-content\/themes\/thefox\/includes\/4k-icons\/icons\/4k-icons-pack02\/icons\/fonts\/fa.svg#oi') format('svg'); font-weight: normal; font-style: normal;}#rand_y5t61058stbhp18mehtu .fa-check-circle:before{font-family: 'fa'; font-weight: normal; font-style: normal;}#rand_y5t61058stbhp18mehtu .fa-check-circle:before{content: \"\\f058\";}<\/style>\n<style type=\"text\/css\" >.rd_list_1 .list_item_ctn { border-color:#ecf0f1}.rd_list_1 #rand_y5t61058stbhp18mehtu .list_icn i,.rd_list_1_alt #rand_y5t61058stbhp18mehtu .list_icn i{color:#1abc9c;}.rd_list_2 #rand_y5t61058stbhp18mehtu:after{background:#5a5d6b;}.rd_list_2 #rand_y5t61058stbhp18mehtu .list_icn i{color:#1abc9c;}.rd_list_3 #rand_y5t61058stbhp18mehtu .list_icn,.rd_list_5 #rand_y5t61058stbhp18mehtu .list_icn,.rd_list_6 #rand_y5t61058stbhp18mehtu .list_icn{background:#1abc9c;}.rd_list_4 #rand_y5t61058stbhp18mehtu{background:#1abc9c;}#rand_y5t61058stbhp18mehtu h3{color:#2c3e50;}#rand_y5t61058stbhp18mehtu p{color:#5a5d6b;}.rd_list_7 #rand_y5t61058stbhp18mehtu .list_icn{color:#1abc9c;}<\/style><div class=\"list_item_ctn\" id=\"rand_y5t61058stbhp18mehtu\"><div class=\"list_icn\"><i class=\"fa-check-circle\"><\/i><\/div><div class=\"list_desc\"><p><\/p>\n<p>Lizenzierte Stadtf\u00fchrer mit einem ausgezeichneten Wissen, Sinn f\u00fcr Humor<\/p>\n<p><\/p><\/div><\/div><style type='text\/css'> @font-face{font-family: 'fa'; src:url('https:\/\/krakowzwiedzanie.pl\/wp-content\/themes\/thefox\/includes\/4k-icons\/icons\/4k-icons-pack02\/icons\/fonts\/fa.eot'); src:url('https:\/\/krakowzwiedzanie.pl\/wp-content\/themes\/thefox\/includes\/4k-icons\/icons\/4k-icons-pack02\/icons\/fonts\/fa.eot?#iefix') format('embedded-opentype'), url('https:\/\/krakowzwiedzanie.pl\/wp-content\/themes\/thefox\/includes\/4k-icons\/icons\/4k-icons-pack02\/icons\/fonts\/fa.woff') format('woff'), url('https:\/\/krakowzwiedzanie.pl\/wp-content\/themes\/thefox\/includes\/4k-icons\/icons\/4k-icons-pack02\/icons\/fonts\/fa.ttf') format('truetype'), url('https:\/\/krakowzwiedzanie.pl\/wp-content\/themes\/thefox\/includes\/4k-icons\/icons\/4k-icons-pack02\/icons\/fonts\/fa.svg#oi') format('svg'); font-weight: normal; font-style: normal;}#rand_8n811h4ritee8cfg4m5b .fa-check-circle:before{font-family: 'fa'; font-weight: normal; font-style: normal;}#rand_8n811h4ritee8cfg4m5b .fa-check-circle:before{content: \"\\f058\";}<\/style>\n<style type=\"text\/css\" >.rd_list_1 .list_item_ctn { border-color:#ecf0f1}.rd_list_1 #rand_8n811h4ritee8cfg4m5b .list_icn i,.rd_list_1_alt #rand_8n811h4ritee8cfg4m5b .list_icn i{color:#1abc9c;}.rd_list_2 #rand_8n811h4ritee8cfg4m5b:after{background:#5a5d6b;}.rd_list_2 #rand_8n811h4ritee8cfg4m5b .list_icn i{color:#1abc9c;}.rd_list_3 #rand_8n811h4ritee8cfg4m5b .list_icn,.rd_list_5 #rand_8n811h4ritee8cfg4m5b .list_icn,.rd_list_6 #rand_8n811h4ritee8cfg4m5b .list_icn{background:#1abc9c;}.rd_list_4 #rand_8n811h4ritee8cfg4m5b{background:#1abc9c;}#rand_8n811h4ritee8cfg4m5b h3{color:#2c3e50;}#rand_8n811h4ritee8cfg4m5b p{color:#5a5d6b;}.rd_list_7 #rand_8n811h4ritee8cfg4m5b .list_icn{color:#1abc9c;}<\/style><div class=\"list_item_ctn\" id=\"rand_8n811h4ritee8cfg4m5b\"><div class=\"list_icn\"><i class=\"fa-check-circle\"><\/i><\/div><div class=\"list_desc\"><p>Treffpunkt: das Wawel-Drache-Denkmal<\/p>\n<p><\/p><\/div><\/div><\/div>\r\n\r\n<!-- lists END-->\n[\/vc_column][vc_column width=&#8220;1\/2&#8243; css=&#8220;.vc_custom_1422813713213{padding-top: 6px !important;padding-bottom: 49px !important;}&#8220;][vc_single_image image=&#8220;9737&#8243; img_size=&#8220;500&#215;650&#8243; alignment=&#8220;right&#8220; style=&#8220;vc_box_outline&#8220; hover_effect=&#8220;img_zoom_effect&#8220; img_link_large=&#8220;yes&#8220; el_class=&#8220;prettyphoto&#8220;][\/vc_column][\/vc_row][vc_row css=&#8220;.vc_custom_1422891257866{margin-bottom: 0px !important;padding-top: 94px !important;padding-bottom: 100px !important;}&#8220;][vc_column][vc_custom_heading text=&#8220;Wawel Hill <strong>Itinerary<\/strong>&#8220; font_container=&#8220;tag:h2|font_size:36|text_align:center&#8220; google_fonts=&#8220;font_family:Lato%3A100%2C100italic%2C300%2C300italic%2Cregular%2Citalic%2C700%2C700italic%2C900%2C900italic|font_style:300%20light%20regular%3A300%3Anormal&#8220; css=&#8220;.vc_custom_1437142252082{margin-bottom: 66px !important;}&#8220;]<style type=\"text\/css\" >#tle_6jr1trt0afzazpi2z1cp .v_line{background: #27efd2; background: -moz-linear-gradient(top, #27efd2 1%, #22c8f3 100%); background: -webkit-gradient(linear, left top, left bottom, color-stop(1%,#27efd2), color-stop(100%,#22c8f3)); background: -webkit-linear-gradient(top, #27efd2 1%,#22c8f3 100%); background: -o-linear-gradient(top, #27efd2 1%,#22c8f3 100%); background: -ms-linear-gradient(top, #27efd2 1%,#22c8f3 100%); background: linear-gradient(to bottom, #27efd2 1%,#22c8f3 100%); filter: progid:DXImageTransform.Microsoft.gradient( startColorstr=\"#27efd2\", endColorstr=\"#22c8f3\",GradientType=0 );}#tle_6jr1trt0afzazpi2z1cp .event_img{border-color:#ecf0f1;}#tle_6jr1trt0afzazpi2z1cp .event_info h2{color:#2c3e50;}#tle_6jr1trt0afzazpi2z1cp .event_info p{color:#5a5d6b;}#tle_6jr1trt0afzazpi2z1cp span.timeline_event_date_ctn:nth-of-type(odd) .timeline_event_date,#tle_6jr1trt0afzazpi2z1cp span.timeline_event_date_ctn:nth-of-type(odd) h2{background:#ffffff; color:#5a5d6b;}#tle_6jr1trt0afzazpi2z1cp span.timeline_event_date_ctn:nth-of-type(even) .timeline_event_date,#tle_6jr1trt0afzazpi2z1cp span.timeline_event_date_ctn:nth-of-type(even) h2{background:#ffffff; color:#2c3e50;}#tle_6jr1trt0afzazpi2z1cp div.timeline_event:nth-of-type(even):after {color:#1abc9c;}#tle_6jr1trt0afzazpi2z1cp div.timeline_event:nth-of-type(odd):before {color:#21c2f8;}#tle_6jr1trt0afzazpi2z1cp {margin-top:0px; margin-bottom:0px; }<\/style>\n<!-- Timeline Event --><div class=\"timeline_event_ctn  clearfix\" id=\"tle_6jr1trt0afzazpi2z1cp\"><div class=\"v_line\"><\/div><span class=\"timeline_event_date_ctn\"><div class=\"timeline_event_date\"><h2>START<\/h2><\/div><\/span><div class=\"timeline_event rda_bounceInLeft\"><div class=\"event_img\"><img decoding=\"async\" class=\"\" src=\"https:\/\/krakowzwiedzanie.pl\/wp-content\/uploads\/2015\/07\/wawel-dragon-small-250x250.jpg\" width=\"250\" height=\"250\" alt=\"Wawel Dragon - Krakow Guide\" title=\"Wawel Dragon - Krakow Guide\" \/><\/div><div class=\"event_triangle\"><\/div><div class=\"event_info\"><h2>Die Drachenh\u00f6hle<\/h2><p><\/p>\n<p>Kennen Sie die Legende von dem Wawel-Drachen? Unsere Besichtigung beginnen wir mit dieser mytischen H\u00f6hle \u2013 die von der Natur in dem Wawelh\u00fcgel ausgeh\u00f6hlt wurde.<\/p>\n<p><\/p><\/div><\/div><div class=\"timeline_event rda_bounceInRight\"><div class=\"event_img\"><img decoding=\"async\" class=\"\" src=\"https:\/\/krakowzwiedzanie.pl\/wp-content\/uploads\/2015\/02\/wawel-castle-small-250x250.jpg\" width=\"250\" height=\"250\" alt=\"Der Wawel H\u00fcgel\" title=\"\" \/><\/div><div class=\"event_triangle\"><\/div><div class=\"event_info\"><h2>Der Wawelh\u00fcgel<\/h2><p><\/p>\n<p>Der ganze k\u00f6nigliche Komplex befindet sich hier seit den hunderten Jahren \u2013 st\u00e4ndig ausgebaut und umgestaltet \u2013 deswegen haben wir heutzutage eine Mischung von unterschiedlichen architektonischen Stilen. Lassen Sie sich zu einem Spaziergang einladen, wo Sie das wichtigste politische, religi\u00f6se und kulturelle Zentrum nicht nur der Stadt Krakau, aber des ganzen Landes sehen.<\/p>\n<p><\/p><\/div><\/div><div class=\"timeline_event rda_bounceInLeft\"><div class=\"event_img\"><img decoding=\"async\" class=\"\" src=\"https:\/\/krakowzwiedzanie.pl\/wp-content\/uploads\/2014\/12\/wawelhill-250x250.jpg\" width=\"250\" height=\"250\" alt=\"Krakw Guide - Wawel Cathedral\" title=\"Krakw Guide - Wawel Cathedral\" \/><\/div><div class=\"event_triangle\"><\/div><div class=\"event_info\"><h2>Die Wawel- Kathedrale<\/h2><p><\/p>\n<p>Hier schl\u00e4gt das Herz des Landes. Die Mauer von dieser Kirche haben zahlreichen k\u00f6niglichen Kr\u00f6nungen, Hochzeiten und Beerdigungen gesehen. Die ehemaligen K\u00f6nige liegen in den Gruften zusammen mit den wichtigsten Nationalhelden und herausragenden Dichtern. Alle diese Gr\u00e4ber sind einfach ein gro\u00dfes Kunstwerk. Einigen Spezialisten sogar vermuten, dass das Grabmal von dem K\u00f6nig Jagie\u0142\u0142o von Donatello Bramante gemacht wurde. Aber das sch\u00f6nste Juwel in der Krone ist die Renaissance Sigismund-Kapelle von dem italienischen Baumeister \u2013 Bartolomeo Berecci entworfen. Kommen Sie hier und schauen Sie sich alle diese Juwelen dieses Tempels an.<\/p>\n<p><\/p><\/div><\/div><div class=\"timeline_event rda_bounceInRight\"><div class=\"event_img\"><img decoding=\"async\" class=\"\" src=\"https:\/\/krakowzwiedzanie.pl\/wp-content\/uploads\/2015\/07\/wawel-castle-courtyard-250x250.jpg\" width=\"250\" height=\"250\" alt=\"Wawel Castle - Krakow sightseeing\" title=\"Wawel Castle - Krakow sightseeing\" \/><\/div><div class=\"event_triangle\"><\/div><div class=\"event_info\"><h2>Der Innenhof des Schlosses<\/h2><p><\/p>\n<p>Wir laden Sie zu einem wirklich k\u00f6niglichen Platz ein. Der Innenhof des Schlosses sicherlich z\u00e4hlt zu den sch\u00f6nsten nicht nur in Polen, aber sogar in Europa. Eine wundersch\u00f6ne Architektur &#8211; das Werk der italienischen Baumeister \u2013 wird Sie mit der Leichtigkeit und ideal geschnitzten Details bezaubern.<\/p>\n<p><\/p><\/div><\/div><span class=\"timeline_event_date_ctn\"><div class=\"timeline_event_date\"><h2>END<\/h2><\/div><\/span><\/div>\r\n\r\n<!-- Timeline Event END-->\n[\/vc_column][\/vc_row][vc_row][vc_column][vc_column_text]<br \/>\n[\/vc_column_text][\/vc_column][\/vc_row][vc_row type=&#8220;full-width-section&#8220; css=&#8220;.vc_custom_1436961495518{padding-top: 30px !important;padding-bottom: 30px !important;background-color: #ecf0f1 !important;}&#8220;][vc_column][vc_column_text]<\/p>\n\r\n            \r\n            \r\n            \r\n            <a name='map9'><\/a>\r\n            \r\n            \r\n            \r\n            \r\n            <div class=\"wpgmza_map \"  id=\"wpgmza_map_9\" style=\"display:block; overflow:auto; width:100%; height:600px; float:left;\" data-settings='{\"id\":\"9\",\"map_title\":\"Wawel Hill\",\"map_width\":\"100\",\"map_height\":\"600\",\"map_start_lat\":\"50.054399\",\"map_start_lng\":\"19.935374\",\"map_start_location\":\"50.054399474092875,19.935373571644522\",\"map_start_zoom\":\"17\",\"default_marker\":\"http:\\\/\\\/krakowzwiedzanie.pl\\\/wp-content\\\/uploads\\\/2015\\\/07\\\/arch.png\",\"type\":\"1\",\"alignment\":\"1\",\"directions_enabled\":\"0\",\"styling_enabled\":\"0\",\"styling_json\":\"\",\"active\":\"0\",\"kml\":\"\",\"bicycle\":\"0\",\"traffic\":\"0\",\"dbox\":\"1\",\"dbox_width\":\"250\",\"listmarkers\":\"0\",\"listmarkers_advanced\":\"0\",\"filterbycat\":\"0\",\"ugm_enabled\":\"0\",\"ugm_category_enabled\":\"0\",\"fusion\":\"\",\"map_width_type\":\"\\\\%\",\"map_height_type\":\"px\",\"mass_marker_support\":\"1\",\"ugm_access\":\"0\",\"order_markers_by\":\"1\",\"order_markers_choice\":\"2\",\"show_user_location\":\"2\",\"default_to\":\"\",\"other_settings\":{\"store_locator_enabled\":2,\"wpgmza_store_locator_restrict\":\"\",\"store_locator_distance\":2,\"store_locator_bounce\":1,\"store_locator_hide_before_search\":2,\"store_locator_use_their_location\":2,\"store_locator_name_search\":2,\"store_locator_category\":2,\"store_locator_query_string\":\"ZIP \\\/ Address:\",\"store_locator_name_string\":\"Title \\\/ Description:\",\"wpgmza_dbox_width_type\":\"px\",\"map_max_zoom\":\"3\",\"sl_stroke_color\":\"FF0000\",\"sl_stroke_opacity\":\"0.25\",\"sl_fill_color\":\"FF0000\",\"sl_fill_opacity\":\"0.15\",\"click_open_link\":2,\"weather_layer\":2,\"weather_layer_temp_type\":1,\"cloud_layer\":2,\"transport_layer\":0,\"wpgmza_iw_type\":\"\",\"list_markers_by\":\"0\",\"push_in_map\":\"\",\"push_in_map_placement\":\"9\",\"wpgmza_push_in_map_width\":\"\",\"wpgmza_push_in_map_height\":\"\",\"shortcodeAttributes\":{\"id\":\"9\"}}}' data-map-id='9' data-shortcode-attributes='{\"id\":\"9\"}'> <\/div>\r\n            \r\n               \r\n        \n<p>[\/vc_column_text][\/vc_column][\/vc_row]<\/p>\n<\/div>","protected":false},"excerpt":{"rendered":"<p>[vc_row type=&#8220;full-width-section&#8220; css=&#8220;.vc_custom_1422813723719{margin-bottom: 0px !important;border-top-width: 1px !important;border-bottom-width: 1px !important;padding-top: 93px !important;padding-bottom: 50px !important;background-color: #f9fafb !important;border-top-color: #ecf0f1 !important;border-top-style: solid !important;border-bottom-color: #ecf0f1 !important;border-bottom-style: solid !important;}&#8220;][vc_column width=&#8220;1\/2&#8243; css=&#8220;.vc_custom_1422813718196{padding-bottom: 49px !important;}&#8220;][vc_custom_heading text=&#8220;Der Wawelh\u00fcgel&#8220; font_container=&#8220;tag:h2|font_size:36|text_align:left&#8220; google_fonts=&#8220;font_family:Lato%3A100%2C100italic%2C300%2C300italic%2Cregular%2Citalic%2C700%2C700italic%2C900%2C900italic|font_style:300%20light%20regular%3A300%3Anormal&#8220; css=&#8220;.vc_custom_1441200924838{margin-bottom: 15px !important;}&#8220;][vc_custom_heading text=&#8220;Tausend Jahre der polnischen Geschichte in einem bemerkenswerten Ort&#8220; font_container=&#8220;tag:h2|font_size:36|text_align:left&#8220; google_fonts=&#8220;font_family:Lato%3A100%2C100italic%2C300%2C300italic%2Cregular%2Citalic%2C700%2C700italic%2C900%2C900italic|font_style:700%20bold%20regular%3A700%3Anormal&#8220; css=&#8220;.vc_custom_1468919832827{margin-bottom: 18px !important;}&#8220;][vc_column_text css=&#8220;.vc_custom_1437141732276{margin-bottom: 18px !important;}&#8220;] Wawel Hill, one of<br \/><a href=\"https:\/\/krakowzwiedzanie.pl\/de\/der-wawelhuegel\/\" class=\"more\">Read more<\/a><\/p>\n","protected":false},"author":1,"featured_media":9786,"parent":0,"menu_order":0,"comment_status":"closed","ping_status":"closed","template":"","meta":{"footnotes":""},"class_list":["post-9841","page","type-page","status-publish","has-post-thumbnail","hentry"],"_links":{"self":[{"href":"https:\/\/krakowzwiedzanie.pl\/de\/wp-json\/wp\/v2\/pages\/9841","targetHints":{"allow":["GET"]}}],"collection":[{"href":"https:\/\/krakowzwiedzanie.pl\/de\/wp-json\/wp\/v2\/pages"}],"about":[{"href":"https:\/\/krakowzwiedzanie.pl\/de\/wp-json\/wp\/v2\/types\/page"}],"author":[{"embeddable":true,"href":"https:\/\/krakowzwiedzanie.pl\/de\/wp-json\/wp\/v2\/users\/1"}],"replies":[{"embeddable":true,"href":"https:\/\/krakowzwiedzanie.pl\/de\/wp-json\/wp\/v2\/comments?post=9841"}],"version-history":[{"count":0,"href":"https:\/\/krakowzwiedzanie.pl\/de\/wp-json\/wp\/v2\/pages\/9841\/revisions"}],"wp:featuredmedia":[{"embeddable":true,"href":"https:\/\/krakowzwiedzanie.pl\/de\/wp-json\/wp\/v2\/media\/9786"}],"wp:attachment":[{"href":"https:\/\/krakowzwiedzanie.pl\/de\/wp-json\/wp\/v2\/media?parent=9841"}],"curies":[{"name":"wp","href":"https:\/\/api.w.org\/{rel}","templated":true}]}}