{"id":16465,"date":"2020-04-25T18:11:19","date_gmt":"2020-04-25T16:11:19","guid":{"rendered":"http:\/\/reisefuehrerkrakau.de\/?page_id=16465\/?page_id=16465"},"modified":"2025-12-19T08:18:02","modified_gmt":"2025-12-19T07:18:02","slug":"reservierung","status":"publish","type":"page","link":"https:\/\/krakowzwiedzanie.pl\/de\/reservierung\/","title":{"rendered":"Reservierung"},"content":{"rendered":"<div class=\"wpb-content-wrapper\"><p>[vc_row type=&#8220;full-width-section&#8220; css=&#8220;.vc_custom_1766128670623{margin-bottom: 0px !important;padding-top: 93px !important;padding-bottom: 55px !important;}&#8220;][vc_column width=&#8220;1\/2&#8243; css=&#8220;.vc_custom_1422955914236{margin-bottom: 50px !important;}&#8220;]<style type=\"text\/css\" >#rd_atvhxe0zzweiaxl7sb92 .wpcf7,#rd_atvhxe0zzweiaxl7sb92 input:not([type=submit]):not([type=checkbox]),#rd_atvhxe0zzweiaxl7sb92 textarea,#rd_atvhxe0zzweiaxl7sb92 .wpcf7 select,#rd_atvhxe0zzweiaxl7sb92 .wpcf7 input[type=\"checkbox\"]:checked{color:#2c3e50;}#rd_atvhxe0zzweiaxl7sb92 .wpcf7 input[type=\"checkbox\"]{background:rgba(0,0,0,0); color:rgba(0,0,0,0);}#rd_atvhxe0zzweiaxl7sb92 .wpcf7 {font-weight:bold;}#rd_atvhxe0zzweiaxl7sb92 .wpcf7 input[type=submit]{font-size:15px; font-weight:900; border-radius:2px; padding:11px 15px; letter-spacing: 0.5px; margin-top:3px;}#rd_atvhxe0zzweiaxl7sb92 .wpcf7 input[type=submit]:hover {background:#00cced; color:#ffffff !important;}#rd_atvhxe0zzweiaxl7sb92 .wpcf7 input:not([type=submit]):not([type=checkbox]),#rd_atvhxe0zzweiaxl7sb92 textarea,#rd_atvhxe0zzweiaxl7sb92 .wpcf7 select{border-radius:5px;}#rd_atvhxe0zzweiaxl7sb92 .wpcf7 input:not([type=submit]),#rd_atvhxe0zzweiaxl7sb92 textarea,#rd_atvhxe0zzweiaxl7sb92 .wpcf7 input[type=submit],#rd_atvhxe0zzweiaxl7sb92 .wpcf7 select{margin-top:3px;}#rd_atvhxe0zzweiaxl7sb92 p{margin-bottom:23px;}#rd_atvhxe0zzweiaxl7sb92 .wpcf7 input:not([type=submit]):not([type=checkbox]),#rd_atvhxe0zzweiaxl7sb92 .wpcf7  textarea,#rd_atvhxe0zzweiaxl7sb92 .wpcf7 select{border:1px solid #ebeef1; background:#ffffff;}#rd_atvhxe0zzweiaxl7sb92 .wpcf7 input[type=submit]{background:#1abc9c; color:#ffffff !important;}<\/style><div id=\"rd_atvhxe0zzweiaxl7sb92\" class=\"\">\n<div class=\"wpcf7 no-js\" id=\"wpcf7-f8831-o1\" lang=\"pl-PL\" dir=\"ltr\" data-wpcf7-id=\"8831\">\n<div class=\"screen-reader-response\"><p role=\"status\" aria-live=\"polite\" aria-atomic=\"true\"><\/p> <ul><\/ul><\/div>\n<form action=\"\/de\/wp-json\/wp\/v2\/pages\/16465#wpcf7-f8831-o1\" method=\"post\" class=\"wpcf7-form init\" aria-label=\"Formularz kontaktowy\" novalidate=\"novalidate\" data-status=\"init\">\n<fieldset class=\"hidden-fields-container\"><input type=\"hidden\" name=\"_wpcf7\" value=\"8831\" \/><input type=\"hidden\" name=\"_wpcf7_version\" value=\"6.1.4\" \/><input type=\"hidden\" name=\"_wpcf7_locale\" value=\"pl_PL\" \/><input type=\"hidden\" name=\"_wpcf7_unit_tag\" value=\"wpcf7-f8831-o1\" \/><input type=\"hidden\" name=\"_wpcf7_container_post\" value=\"0\" \/><input type=\"hidden\" name=\"_wpcf7_posted_data_hash\" value=\"\" \/><input type=\"hidden\" name=\"_cf7a__timestamp\" value=\"4FQGjku+LLbkYw8TS8p9Gg==\" \/><input type=\"hidden\" name=\"_cf7a_version\" value=\"1.0\" \/><input type=\"hidden\" name=\"_cf7a_address\" value=\"OHD1lSIT3ZNfUdVO2GYIIg==\" \/><input type=\"hidden\" name=\"_cf7a_referer\" value=\"FFLiumTMCCOYYSi8vMH9lQ==\" \/><input type=\"hidden\" name=\"_cf7a_protocol\" value=\"tu1xeobRkvYVfZwata4SQQ==\" \/><input type=\"hidden\" name=\"_cf7a_bot_fingerprint\" value=\"4FQGjku+LLbkYw8TS8p9Gg==\" \/><input type=\"hidden\" name=\"_cf7a_bot_fingerprint_extras\" \/><input type=\"hidden\" name=\"_cf7a_append_on_submit\" \/>\n<\/fieldset>\n<p><strong>IMI\u0118 *<\/strong><br \/>\n<span class=\"wpcf7-form-control-wrap\" data-name=\"your-name\"><input type=\"text\" name=\"name\" value=\"\" autocomplete=\"fill\" class=\"fit-the-fullspace\" aria-hidden=\"true\" tabindex=\"-1\" \/><input size=\"40\" maxlength=\"400\" class=\"wpcf7-form-control wpcf7-text wpcf7-validates-as-required\" aria-required=\"true\" aria-invalid=\"false\" placeholder=\"\" value=\"\" type=\"text\" name=\"your-name\" \/><\/span>\n<\/p>\n<p><strong>EMAIL *<\/strong><br \/>\n<span class=\"wpcf7-form-control-wrap\" data-name=\"your-email\"><input size=\"40\" maxlength=\"400\" class=\"wpcf7-form-control wpcf7-email wpcf7-validates-as-required wpcf7-text wpcf7-validates-as-email\" aria-required=\"true\" aria-invalid=\"false\" placeholder=\"\" value=\"\" type=\"email\" name=\"your-email\" \/><\/span>\n<\/p>\n<p><strong>TELEFON *<\/strong><br \/>\n<span class=\"wpcf7-form-control-wrap\" data-name=\"your-phone\"><input size=\"40\" maxlength=\"400\" class=\"wpcf7-form-control wpcf7-tel wpcf7-validates-as-required wpcf7-text wpcf7-validates-as-tel\" aria-required=\"true\" aria-invalid=\"false\" placeholder=\"\" value=\"\" type=\"tel\" name=\"your-phone\" \/><\/span>\n<\/p>\n<p><strong>TRASA *<\/strong><br \/>\n<span class=\"wpcf7-form-control-wrap\" data-name=\"your-tours\"><select class=\"wpcf7-form-control wpcf7-select wpcf7-validates-as-required\" aria-required=\"true\" aria-invalid=\"false\" name=\"your-tours\"><option value=\"Stare Miasto\">Stare Miasto<\/option><option value=\"Droga Kr\u00f3lewska\">Droga Kr\u00f3lewska<\/option><option value=\"Kazimierz \u2013 Dzielnica \u017bydowska\">Kazimierz \u2013 Dzielnica \u017bydowska<\/option><option value=\"\u015acie\u017cki Jana Paw\u0142a II\">\u015acie\u017cki Jana Paw\u0142a II<\/option><option value=\"Wycieczka szkolna do Krakowa\">Wycieczka szkolna do Krakowa<\/option><option value=\"Oskar Schindler\">Oskar Schindler<\/option><option value=\"Street Art\">Street Art<\/option><option value=\"Legendy i tradycje\">Legendy i tradycje<\/option><option value=\"Nowa Huta\">Nowa Huta<\/option><option value=\"Wzg\u00f3rze Wawelskie\">Wzg\u00f3rze Wawelskie<\/option><option value=\"Krak\u00f3w w jeden dzie\u0144\">Krak\u00f3w w jeden dzie\u0144<\/option><option value=\"Doro\u017ck\u0105 w Krakowie\">Doro\u017ck\u0105 w Krakowie<\/option><option value=\"Podziemia Rynku w Krakowie\">Podziemia Rynku w Krakowie<\/option><option value=\"Fabryka Schindlera\">Fabryka Schindlera<\/option><option value=\"Kwarta\u0142 uniwersytecki\">Kwarta\u0142 uniwersytecki<\/option><option value=\"Kopalnia soli w Wieliczce\">Kopalnia soli w Wieliczce<\/option><option value=\"Auschwitz Birkenau\">Auschwitz Birkenau<\/option><option value=\"Ojcowski Park Narodowy\">Ojcowski Park Narodowy<\/option><option value=\"Krak\u00f3w Party Busem\">Krak\u00f3w Party Busem<\/option><option value=\"Meleksem po Krakowie\">Meleksem po Krakowie<\/option><option value=\"Krakowskie sanktuaria\">Krakowskie sanktuaria<\/option><option value=\"Opactwo Benedyktyn\u00f3w w Ty\u0144cu\">Opactwo Benedyktyn\u00f3w w Ty\u0144cu<\/option><option value=\"Krak\u00f3w Rowerem\">Krak\u00f3w Rowerem<\/option><option value=\"Kalwaria i Wadowice\">Kalwaria i Wadowice<\/option><option value=\"Wioski \u015awiata\">Wioski \u015awiata<\/option><option value=\"Segway Krak\u00f3w\">Segway Krak\u00f3w<\/option><option value=\"Szlakiem krakowskich witra\u017cy\">Szlakiem krakowskich witra\u017cy<\/option><option value=\"Krak\u00f3w piwny\">Krak\u00f3w piwny<\/option><option value=\"Krak\u00f3w kryminalny\">Krak\u00f3w kryminalny<\/option><\/select><\/span>\n<\/p>\n<p><strong>MIEJSCE ODBIORU *<\/strong><br \/>\n<span class=\"wpcf7-form-control-wrap\" data-name=\"your-pickup\"><input size=\"40\" maxlength=\"400\" class=\"wpcf7-form-control wpcf7-text wpcf7-validates-as-required\" aria-required=\"true\" aria-invalid=\"false\" placeholder=\"\" value=\"\" type=\"text\" name=\"your-pickup\" \/><input type=\"text\" name=\"zip\" value=\"\" autocomplete=\"fill\" class=\"fit-the-fullspace\" aria-hidden=\"true\" tabindex=\"-1\" \/><\/span>\n<\/p>\n<p><strong>DATA *<\/strong><br \/>\n<span class=\"wpcf7-form-control-wrap\" data-name=\"your-date\"><input size=\"40\" maxlength=\"400\" class=\"wpcf7-form-control wpcf7-text wpcf7-validates-as-required\" aria-required=\"true\" aria-invalid=\"false\" placeholder=\"\" value=\"\" type=\"text\" name=\"your-date\" \/><input type=\"text\" name=\"town\" value=\"\" autocomplete=\"fill\" class=\"fit-the-fullspace\" aria-hidden=\"true\" tabindex=\"-1\" \/><\/span>\n<\/p>\n<p><strong>GODZINA *<\/strong><br \/>\n<span class=\"wpcf7-form-control-wrap\" data-name=\"your-time\"><input size=\"40\" maxlength=\"400\" class=\"wpcf7-form-control wpcf7-text wpcf7-validates-as-required\" aria-required=\"true\" aria-invalid=\"false\" placeholder=\"\" value=\"\" type=\"text\" name=\"your-time\" \/><input type=\"text\" name=\"phone\" value=\"\" autocomplete=\"fill\" class=\"fit-the-fullspace\" aria-hidden=\"true\" tabindex=\"-1\" \/><\/span>\n<\/p>\n<p><strong>CZAS TRWANIA *<\/strong><br \/>\n<span class=\"wpcf7-form-control-wrap\" data-name=\"your-duration\"><select class=\"wpcf7-form-control wpcf7-select wpcf7-validates-as-required\" aria-required=\"true\" aria-invalid=\"false\" name=\"your-duration\"><option value=\"Podstawowy 2h\">Podstawowy 2h<\/option><option value=\"Stadardowy 4h\">Stadardowy 4h<\/option><option value=\"Rozszerzony 6h\">Rozszerzony 6h<\/option><\/select><\/span>\n<\/p>\n<p ><strong>LICZBA OS\u00d3B *<\/strong><br \/>\n<span class=\"wpcf7-form-control-wrap\" data-name=\"your-group\"><input size=\"40\" maxlength=\"400\" class=\"wpcf7-form-control wpcf7-text wpcf7-validates-as-required\" aria-required=\"true\" aria-invalid=\"false\" placeholder=\"\" value=\"\" type=\"text\" name=\"your-group\" \/><\/span>\n<\/p>\n<p><strong>OBIAD *<\/strong><br \/>\n<span class=\"wpcf7-form-control-wrap\" data-name=\"dinner\"><select class=\"wpcf7-form-control wpcf7-select\" aria-invalid=\"false\" name=\"dinner\"><option value=\"Nie\">Nie<\/option><option value=\"Pakiety SZKOLNE (22\/25 z\u0142\/osoba)\">Pakiety SZKOLNE (22\/25 z\u0142\/osoba)<\/option><option value=\"Pakiety NORMAL (35\/45 z\u0142\/osoba)\">Pakiety NORMAL (35\/45 z\u0142\/osoba)<\/option><option value=\"Pakiety EXCLUSIVE (70 z\u0142\/osoba)\">Pakiety EXCLUSIVE (70 z\u0142\/osoba)<\/option><option value=\"Pakiety VIP (85\/100 z\u0142\/osoba)\">Pakiety VIP (85\/100 z\u0142\/osoba)<\/option><\/select><\/span>\n<\/p>\n<p><strong>ZAKWATEROWANIE *<\/strong><br \/>\n<span class=\"wpcf7-form-control-wrap\" data-name=\"accommodation\"><select class=\"wpcf7-form-control wpcf7-select\" aria-invalid=\"false\" name=\"accommodation\"><option value=\"Nie\">Nie<\/option><option value=\"Hostel (80 z\u0142\/osoba\/\u015bniadanie)\">Hostel (80 z\u0142\/osoba\/\u015bniadanie)<\/option><option value=\"Apartamenty 2* (85 z\u0142\/osoba\/\u015bniadanie)\">Apartamenty 2* (85 z\u0142\/osoba\/\u015bniadanie)<\/option><option value=\"Hotel 3* (110 z\u0142\/osoba\/\u015bniadanie)\">Hotel 3* (110 z\u0142\/osoba\/\u015bniadanie)<\/option><option value=\"Apartamenty 4* (90 z\u0142\/osoba\/\u015bniadanie)\">Apartamenty 4* (90 z\u0142\/osoba\/\u015bniadanie)<\/option><\/select><\/span>\n<\/p>\n<p><strong>SUGESTIE<\/strong><br \/>\n<span class=\"wpcf7-form-control-wrap\" data-name=\"your-message\"><textarea cols=\"40\" rows=\"10\" maxlength=\"2000\" class=\"wpcf7-form-control wpcf7-textarea\" aria-invalid=\"false\" placeholder=\"\" name=\"your-message\"><\/textarea><\/span>\n<\/p>\n<div id=\"cf7sr-69e240efb1dbe\" class=\"cf7sr-g-recaptcha\" data-theme=\"light\" data-type=\"image\" data-size=\"normal\" data-sitekey=\"6Lddj-YUAAAAAPnZMYh7QJ5JELv7lX5IiPuPjQXG\"><\/div><span class=\"wpcf7-form-control-wrap cf7sr-recaptcha\" data-name=\"cf7sr-recaptcha\"><input type=\"hidden\" name=\"cf7sr-recaptcha\" value=\"\" class=\"wpcf7-form-control\"><\/span>\n<\/p>\n<p><input class=\"wpcf7-form-control wpcf7-submit has-spinner\" type=\"submit\" value=\"Wy\u015blij\" \/>\n<\/p><div class=\"wpcf7-response-output\" aria-hidden=\"true\"><\/div>\n<\/form>\n<\/div>\n<\/div>[\/vc_column][vc_column width=&#8220;1\/2&#8243; css=&#8220;.vc_custom_1422955906136{margin-bottom: 50px !important;}&#8220;][vc_custom_heading text=&#8220;Es freut uns, dass Sie an uns schreiben!&#8220; font_container=&#8220;tag:h2|font_size:30|text_align:left&#8220; google_fonts=&#8220;font_family:Lato%3A100%2C100italic%2C300%2C300italic%2Cregular%2Citalic%2C700%2C700italic%2C900%2C900italic|font_style:400%20regular%3A400%3Anormal&#8220; css=&#8220;.vc_custom_1468345481893{margin-bottom: 17px !important;}&#8220;][vc_column_text]M\u00f6chten Sie unsere Dienste nutzen? Haben Sie Fragen oder noch Bedenken? Kontaktieren Sie uns einfach! Wir freuen uns und erwarten jeden Tag etwas von Ihnen zu h\u00f6ren. Zu Besuch in Krakau mit einem Reiseleiter \u2013 schreiben, rufen Sie uns an und buchen Sie jetzt![\/vc_column_text][vc_custom_heading text=&#8220;Kontaktdaten&#8220; font_container=&#8220;tag:h2|font_size:30|text_align:left&#8220; google_fonts=&#8220;font_family:Lato%3A100%2C100italic%2C300%2C300italic%2Cregular%2Citalic%2C700%2C700italic%2C900%2C900italic|font_style:400%20regular%3A400%3Anormal&#8220; css=&#8220;.vc_custom_1468345723611{margin-bottom: 12px !important;}&#8220;][vc_custom_heading text=&#8220;\u00d6ffnungszeiten&#8220; font_container=&#8220;tag:h2|font_size:14|text_align:left&#8220; google_fonts=&#8220;font_family:Lato%3A100%2C100italic%2C300%2C300italic%2Cregular%2Citalic%2C700%2C700italic%2C900%2C900italic|font_style:900%20bold%20regular%3A900%3Anormal&#8220; css=&#8220;.vc_custom_1468345745542{margin-bottom: 0px !important;}&#8220;][vc_column_text css=&#8220;.vc_custom_1439823778422{margin-bottom: 11px !important;}&#8220;]Nasza pomoc jest dost\u0119pna 24h.[\/vc_column_text][vc_custom_heading text=&#8220;EMAIL&#8220; font_container=&#8220;tag:h2|font_size:14|text_align:left&#8220; google_fonts=&#8220;font_family:Lato%3A100%2C100italic%2C300%2C300italic%2Cregular%2Citalic%2C700%2C700italic%2C900%2C900italic|font_style:900%20bold%20regular%3A900%3Anormal&#8220; css=&#8220;.vc_custom_1422955276144{margin-bottom: 0px !important;}&#8220;][vc_column_text css=&#8220;.vc_custom_1437383360465{margin-bottom: 11px !important;}&#8220;]<a href=\"mailto:info@krakowzwiedzanie.pl\">info@krakowzwiedzanie.pl<\/a>[\/vc_column_text][vc_custom_heading text=&#8220;Handynummer&#8220; font_container=&#8220;tag:h2|font_size:14|text_align:left&#8220; google_fonts=&#8220;font_family:Lato%3A100%2C100italic%2C300%2C300italic%2Cregular%2Citalic%2C700%2C700italic%2C900%2C900italic|font_style:900%20bold%20regular%3A900%3Anormal&#8220; css=&#8220;.vc_custom_1468345778212{margin-bottom: 0px !important;}&#8220;][vc_column_text css=&#8220;.vc_custom_1437383511003{margin-bottom: 11px !important;}&#8220;]+48 500 820 533<br \/>\n+48 532 555 180[\/vc_column_text][\/vc_column][\/vc_row]<\/p>\n<\/div>","protected":false},"excerpt":{"rendered":"<p>[vc_row type=&#8220;full-width-section&#8220; css=&#8220;.vc_custom_1766128670623{margin-bottom: 0px !important;padding-top: 93px !important;padding-bottom: 55px !important;}&#8220;][vc_column width=&#8220;1\/2&#8243; css=&#8220;.vc_custom_1422955914236{margin-bottom: 50px !important;}&#8220;][\/vc_column][vc_column width=&#8220;1\/2&#8243; css=&#8220;.vc_custom_1422955906136{margin-bottom: 50px !important;}&#8220;][vc_custom_heading text=&#8220;Es freut uns, dass Sie an uns schreiben!&#8220; font_container=&#8220;tag:h2|font_size:30|text_align:left&#8220; google_fonts=&#8220;font_family:Lato%3A100%2C100italic%2C300%2C300italic%2Cregular%2Citalic%2C700%2C700italic%2C900%2C900italic|font_style:400%20regular%3A400%3Anormal&#8220; css=&#8220;.vc_custom_1468345481893{margin-bottom: 17px !important;}&#8220;][vc_column_text]M\u00f6chten Sie unsere Dienste nutzen? Haben Sie Fragen oder noch Bedenken? Kontaktieren Sie uns einfach! Wir freuen uns und erwarten jeden Tag etwas von Ihnen zu<br \/><a href=\"https:\/\/krakowzwiedzanie.pl\/de\/reservierung\/\" class=\"more\">Read more<\/a><\/p>\n","protected":false},"author":1,"featured_media":0,"parent":0,"menu_order":0,"comment_status":"closed","ping_status":"closed","template":"","meta":{"footnotes":""},"class_list":["post-16465","page","type-page","status-publish","hentry"],"_links":{"self":[{"href":"https:\/\/krakowzwiedzanie.pl\/de\/wp-json\/wp\/v2\/pages\/16465","targetHints":{"allow":["GET"]}}],"collection":[{"href":"https:\/\/krakowzwiedzanie.pl\/de\/wp-json\/wp\/v2\/pages"}],"about":[{"href":"https:\/\/krakowzwiedzanie.pl\/de\/wp-json\/wp\/v2\/types\/page"}],"author":[{"embeddable":true,"href":"https:\/\/krakowzwiedzanie.pl\/de\/wp-json\/wp\/v2\/users\/1"}],"replies":[{"embeddable":true,"href":"https:\/\/krakowzwiedzanie.pl\/de\/wp-json\/wp\/v2\/comments?post=16465"}],"version-history":[{"count":0,"href":"https:\/\/krakowzwiedzanie.pl\/de\/wp-json\/wp\/v2\/pages\/16465\/revisions"}],"wp:attachment":[{"href":"https:\/\/krakowzwiedzanie.pl\/de\/wp-json\/wp\/v2\/media?parent=16465"}],"curies":[{"name":"wp","href":"https:\/\/api.w.org\/{rel}","templated":true}]}}