{"id":16139,"date":"2016-06-17T21:27:37","date_gmt":"2016-06-17T19:27:37","guid":{"rendered":"http:\/\/reisefuehrerkrakau.de\/?page_id=16139\/?page_id=16139"},"modified":"2025-12-14T10:15:32","modified_gmt":"2025-12-14T09:15:32","slug":"mit-dem-elektro-auto-durch-krakau","status":"publish","type":"page","link":"https:\/\/krakowzwiedzanie.pl\/de\/mit-dem-elektro-auto-durch-krakau\/","title":{"rendered":"Mit dem Elektro-Auto durch Krakau"},"content":{"rendered":"<div class=\"wpb-content-wrapper\"><p>[vc_row type=&#8220;full-width-section&#8220; css=&#8220;.vc_custom_1422813723719{margin-bottom: 0px !important;border-top-width: 1px !important;border-bottom-width: 1px !important;padding-top: 93px !important;padding-bottom: 50px !important;background-color: #f9fafb !important;border-top-color: #ecf0f1 !important;border-top-style: solid !important;border-bottom-color: #ecf0f1 !important;border-bottom-style: solid !important;}&#8220;][vc_column width=&#8220;1\/2&#8243; css=&#8220;.vc_custom_1422813718196{padding-bottom: 49px !important;}&#8220;][vc_custom_heading text=&#8220;Mit dem Elektro-Auto durch Krakau&#8220; font_container=&#8220;tag:h2|font_size:36|text_align:left&#8220; google_fonts=&#8220;font_family:Lato%3A100%2C100italic%2C300%2C300italic%2Cregular%2Citalic%2C700%2C700italic%2C900%2C900italic|font_style:300%20light%20regular%3A300%3Anormal&#8220; css=&#8220;.vc_custom_1466190715254{margin-bottom: 15px !important;}&#8220;][vc_custom_heading text=&#8220;F\u00fcr diejenigen, die Wert auf Komfort setzen&#8220; font_container=&#8220;tag:h2|font_size:36|text_align:left&#8220; google_fonts=&#8220;font_family:Lato%3A100%2C100italic%2C300%2C300italic%2Cregular%2Citalic%2C700%2C700italic%2C900%2C900italic|font_style:700%20bold%20regular%3A700%3Anormal&#8220; css=&#8220;.vc_custom_1466190806636{margin-bottom: 18px !important;}&#8220;][vc_column_text css=&#8220;.vc_custom_1466190994221{margin-bottom: 18px !important;}&#8220;]<strong>Wir sind uns bewusst, dass nicht alle Touristen von langen Besichtigungstouren begeistert sind. F\u00fcr Elektroauto an. W\u00e4hrend der Tour k\u00f6nnen Sie die sch\u00f6nsten und bedeutendsten Orte in Krakau ansehen diejenigen, die sich besonders f\u00fcr Komfort interessieren, bieten wir eine Tour durch Krakau mit dem.<\/strong><\/p>\n<p>Wir bieten Ihnen eine Fahrt durch die sch\u00f6nsten Stra\u00dfen <strong>der Altstadt<\/strong> an und Sie genie\u00dfen den herrlichen Blick <strong>des Wawel H\u00fcgels<\/strong>, um danach nach <strong>Kazimierz<\/strong> zu fahren. In diesem \u00e4u\u00dferst charmanten Viertel von Krakau werden wir zwei gotische Basilika sehen und die bezaubernde Sch\u00f6nheit und Exotik des <strong>j\u00fcdischen<\/strong> Viertels mit den sieben historischen Synagogen besichtigen. Unser Weg f\u00fchrt dann zu <strong>Podg\u00f3rze<\/strong>, wo wir das dramatische Schicksal der Krakauer Juden im Zweiten Weltkrieg kennenlernen und die Gedenkst\u00e4tte auf dem Gel\u00e4nde <strong>des<\/strong> ehemaligen <strong>Ghettos Krakau<\/strong> besuchen. Die Tour endet in <strong>der Oskar Schindler Fabrik<\/strong> (ein deutscher Unternehmer, der mehr als 1.000 Juden rettete, indem er sie in seiner Fabrik besch\u00e4ftigte).<\/p>\n<p>Die pr\u00e4sentierte Route ist nur ein Vorschlag. Wir sind offen f\u00fcr alle Vorschl\u00e4ge und Ideen. Es ist auch m\u00f6glich, nur einen Teil des Programmes zu besichtigen. W\u00e4hrend der Tour k\u00f6nnen Sie von einem professionellen Reisef\u00fchrer begleitet werden oder Sie k\u00f6nnen den Audio-Reisef\u00fchrer verwenden. Die Elektroautos garantieren eine angemessene Stereoanlage und eine ausgezeichnete Sicht. Die \u00f6kologischen Elektroautos sind eine gute Idee, wenn w\u00e4hrend Ihres Aufenthaltes in Krakau es kein sch\u00f6nes Wetter gibt (die Wagen sind mit speziellen Folien ausger\u00fcstet, die die Passagiere vor Regen und Wind sch\u00fctzen). Genie\u00dfen Sie den \u00a0sch\u00f6nsten Blick auf Krakau in komfortablen Bedingungen![\/vc_column_text]\n<!-- lists --><div class=\"rd_list_1_alt rd_list_left\"><style type='text\/css'> @font-face{font-family: 'fa'; src:url('https:\/\/krakowzwiedzanie.pl\/wp-content\/themes\/thefox\/includes\/4k-icons\/icons\/4k-icons-pack02\/icons\/fonts\/fa.eot'); src:url('https:\/\/krakowzwiedzanie.pl\/wp-content\/themes\/thefox\/includes\/4k-icons\/icons\/4k-icons-pack02\/icons\/fonts\/fa.eot?#iefix') format('embedded-opentype'), url('https:\/\/krakowzwiedzanie.pl\/wp-content\/themes\/thefox\/includes\/4k-icons\/icons\/4k-icons-pack02\/icons\/fonts\/fa.woff') format('woff'), url('https:\/\/krakowzwiedzanie.pl\/wp-content\/themes\/thefox\/includes\/4k-icons\/icons\/4k-icons-pack02\/icons\/fonts\/fa.ttf') format('truetype'), url('https:\/\/krakowzwiedzanie.pl\/wp-content\/themes\/thefox\/includes\/4k-icons\/icons\/4k-icons-pack02\/icons\/fonts\/fa.svg#oi') format('svg'); font-weight: normal; font-style: normal;}#rand_6lsh7ygv568dlifrealt .fa-check-circle:before{font-family: 'fa'; font-weight: normal; font-style: normal;}#rand_6lsh7ygv568dlifrealt .fa-check-circle:before{content: \"\\f058\";}<\/style>\n<style type=\"text\/css\" >.rd_list_1 .list_item_ctn { border-color:#ecf0f1}.rd_list_1 #rand_6lsh7ygv568dlifrealt .list_icn i,.rd_list_1_alt #rand_6lsh7ygv568dlifrealt .list_icn i{color:#1abc9c;}.rd_list_2 #rand_6lsh7ygv568dlifrealt:after{background:#5a5d6b;}.rd_list_2 #rand_6lsh7ygv568dlifrealt .list_icn i{color:#1abc9c;}.rd_list_3 #rand_6lsh7ygv568dlifrealt .list_icn,.rd_list_5 #rand_6lsh7ygv568dlifrealt .list_icn,.rd_list_6 #rand_6lsh7ygv568dlifrealt .list_icn{background:#1abc9c;}.rd_list_4 #rand_6lsh7ygv568dlifrealt{background:#1abc9c;}#rand_6lsh7ygv568dlifrealt h3{color:#2c3e50;}#rand_6lsh7ygv568dlifrealt p{color:#5a5d6b;}.rd_list_7 #rand_6lsh7ygv568dlifrealt .list_icn{color:#1abc9c;}<\/style><div class=\"list_item_ctn\" id=\"rand_6lsh7ygv568dlifrealt\"><div class=\"list_icn\"><i class=\"fa-check-circle\"><\/i><\/div><div class=\"list_desc\"><p>Audio-F\u00fchrung (16 Sprachen zur Auswahl) und gegen eine zus\u00e4tzliche Geb\u00fchr bieten wir eine Besichtigungstour mit einem professionellen, lizenzierten Reisef\u00fchrer durch Krakau (F\u00fchrungen in Polnisch, Englisch, Deutsch, Schwedisch, Russisch, Franz\u00f6sisch, Spanisch oder Italienisch)<\/p><\/div><\/div><style type='text\/css'> @font-face{font-family: 'fa'; src:url('https:\/\/krakowzwiedzanie.pl\/wp-content\/themes\/thefox\/includes\/4k-icons\/icons\/4k-icons-pack02\/icons\/fonts\/fa.eot'); src:url('https:\/\/krakowzwiedzanie.pl\/wp-content\/themes\/thefox\/includes\/4k-icons\/icons\/4k-icons-pack02\/icons\/fonts\/fa.eot?#iefix') format('embedded-opentype'), url('https:\/\/krakowzwiedzanie.pl\/wp-content\/themes\/thefox\/includes\/4k-icons\/icons\/4k-icons-pack02\/icons\/fonts\/fa.woff') format('woff'), url('https:\/\/krakowzwiedzanie.pl\/wp-content\/themes\/thefox\/includes\/4k-icons\/icons\/4k-icons-pack02\/icons\/fonts\/fa.ttf') format('truetype'), url('https:\/\/krakowzwiedzanie.pl\/wp-content\/themes\/thefox\/includes\/4k-icons\/icons\/4k-icons-pack02\/icons\/fonts\/fa.svg#oi') format('svg'); font-weight: normal; font-style: normal;}#rand_qplp6kgroawlmnctf40c .fa-check-circle:before{font-family: 'fa'; font-weight: normal; font-style: normal;}#rand_qplp6kgroawlmnctf40c .fa-check-circle:before{content: \"\\f058\";}<\/style>\n<style type=\"text\/css\" >.rd_list_1 .list_item_ctn { border-color:#ecf0f1}.rd_list_1 #rand_qplp6kgroawlmnctf40c .list_icn i,.rd_list_1_alt #rand_qplp6kgroawlmnctf40c .list_icn i{color:#1abc9c;}.rd_list_2 #rand_qplp6kgroawlmnctf40c:after{background:#5a5d6b;}.rd_list_2 #rand_qplp6kgroawlmnctf40c .list_icn i{color:#1abc9c;}.rd_list_3 #rand_qplp6kgroawlmnctf40c .list_icn,.rd_list_5 #rand_qplp6kgroawlmnctf40c .list_icn,.rd_list_6 #rand_qplp6kgroawlmnctf40c .list_icn{background:#1abc9c;}.rd_list_4 #rand_qplp6kgroawlmnctf40c{background:#1abc9c;}#rand_qplp6kgroawlmnctf40c h3{color:#2c3e50;}#rand_qplp6kgroawlmnctf40c p{color:#5a5d6b;}.rd_list_7 #rand_qplp6kgroawlmnctf40c .list_icn{color:#1abc9c;}<\/style><div class=\"list_item_ctn\" id=\"rand_qplp6kgroawlmnctf40c\"><div class=\"list_icn\"><i class=\"fa-check-circle\"><\/i><\/div><div class=\"list_desc\"><p>Die M\u00f6glichkeit, das Programm an die Bed\u00fcrfnisse der Gruppe anpassen<br \/>\n<\/p><\/div><\/div><style type='text\/css'> @font-face{font-family: 'fa'; src:url('https:\/\/krakowzwiedzanie.pl\/wp-content\/themes\/thefox\/includes\/4k-icons\/icons\/4k-icons-pack02\/icons\/fonts\/fa.eot'); src:url('https:\/\/krakowzwiedzanie.pl\/wp-content\/themes\/thefox\/includes\/4k-icons\/icons\/4k-icons-pack02\/icons\/fonts\/fa.eot?#iefix') format('embedded-opentype'), url('https:\/\/krakowzwiedzanie.pl\/wp-content\/themes\/thefox\/includes\/4k-icons\/icons\/4k-icons-pack02\/icons\/fonts\/fa.woff') format('woff'), url('https:\/\/krakowzwiedzanie.pl\/wp-content\/themes\/thefox\/includes\/4k-icons\/icons\/4k-icons-pack02\/icons\/fonts\/fa.ttf') format('truetype'), url('https:\/\/krakowzwiedzanie.pl\/wp-content\/themes\/thefox\/includes\/4k-icons\/icons\/4k-icons-pack02\/icons\/fonts\/fa.svg#oi') format('svg'); font-weight: normal; font-style: normal;}#rand_4ctmj8vqqlvvuw3ywv21 .fa-check-circle:before{font-family: 'fa'; font-weight: normal; font-style: normal;}#rand_4ctmj8vqqlvvuw3ywv21 .fa-check-circle:before{content: \"\\f058\";}<\/style>\n<style type=\"text\/css\" >.rd_list_1 .list_item_ctn { border-color:#ecf0f1}.rd_list_1 #rand_4ctmj8vqqlvvuw3ywv21 .list_icn i,.rd_list_1_alt #rand_4ctmj8vqqlvvuw3ywv21 .list_icn i{color:#1abc9c;}.rd_list_2 #rand_4ctmj8vqqlvvuw3ywv21:after{background:#5a5d6b;}.rd_list_2 #rand_4ctmj8vqqlvvuw3ywv21 .list_icn i{color:#1abc9c;}.rd_list_3 #rand_4ctmj8vqqlvvuw3ywv21 .list_icn,.rd_list_5 #rand_4ctmj8vqqlvvuw3ywv21 .list_icn,.rd_list_6 #rand_4ctmj8vqqlvvuw3ywv21 .list_icn{background:#1abc9c;}.rd_list_4 #rand_4ctmj8vqqlvvuw3ywv21{background:#1abc9c;}#rand_4ctmj8vqqlvvuw3ywv21 h3{color:#2c3e50;}#rand_4ctmj8vqqlvvuw3ywv21 p{color:#5a5d6b;}.rd_list_7 #rand_4ctmj8vqqlvvuw3ywv21 .list_icn{color:#1abc9c;}<\/style><div class=\"list_item_ctn\" id=\"rand_4ctmj8vqqlvvuw3ywv21\"><div class=\"list_icn\"><i class=\"fa-check-circle\"><\/i><\/div><div class=\"list_desc\"><p>Die Kosten, um ein Elektroauto zu mieten, wenn im Fahrzeug alle Pl\u00e4tze besetzt sind(im jedem Fahrzeug ist Platz f\u00fcr 8 Personen): nur die Altstadt (0,5 h) \u2013 210Zl; Altstadt + Kazimierz (1h) &#8211; 330 Zl; Altstadt + Kazimierz + Ghetto und Schindlers Fabrik (1,5 h) &#8211; 490 Zl; der Preis ist bei geringer Anzahl der Passagiere niedriger <\/p><\/div><\/div><\/div>\r\n\r\n<!-- lists END-->\n[\/vc_column][vc_column width=&#8220;1\/2&#8243; css=&#8220;.vc_custom_1422813713213{padding-top: 6px !important;padding-bottom: 49px !important;}&#8220;][vc_single_image image=&#8220;10859&#8243; img_size=&#8220;500&#215;650&#8243; alignment=&#8220;right&#8220; style=&#8220;vc_box_outline&#8220; onclick=&#8220;img_link_large&#8220; hover_effect=&#8220;img_zoom_effect&#8220; el_class=&#8220;prettyphoto&#8220;][\/vc_column][\/vc_row][vc_row css=&#8220;.vc_custom_1422891257866{margin-bottom: 0px !important;padding-top: 94px !important;padding-bottom: 100px !important;}&#8220;][vc_column][vc_custom_heading text=&#8220;Elektro-Auto Krakau &#8211; <strong>Program zwiedzania<\/strong>&#8220; font_container=&#8220;tag:h1|font_size:36|text_align:center&#8220; google_fonts=&#8220;font_family:Lato%3A100%2C100italic%2C300%2C300italic%2Cregular%2Citalic%2C700%2C700italic%2C900%2C900italic|font_style:300%20light%20regular%3A300%3Anormal&#8220; css=&#8220;.vc_custom_1466191090343{margin-bottom: 66px !important;}&#8220;]<style type=\"text\/css\" >#tle_oxwdt08ea3nsg0xf2leo .v_line{background: #27efd2; background: -moz-linear-gradient(top, #27efd2 1%, #22c8f3 100%); background: -webkit-gradient(linear, left top, left bottom, color-stop(1%,#27efd2), color-stop(100%,#22c8f3)); background: -webkit-linear-gradient(top, #27efd2 1%,#22c8f3 100%); background: -o-linear-gradient(top, #27efd2 1%,#22c8f3 100%); background: -ms-linear-gradient(top, #27efd2 1%,#22c8f3 100%); background: linear-gradient(to bottom, #27efd2 1%,#22c8f3 100%); filter: progid:DXImageTransform.Microsoft.gradient( startColorstr=\"#27efd2\", endColorstr=\"#22c8f3\",GradientType=0 );}#tle_oxwdt08ea3nsg0xf2leo .event_img{border-color:#ecf0f1;}#tle_oxwdt08ea3nsg0xf2leo .event_info h2{color:#2c3e50;}#tle_oxwdt08ea3nsg0xf2leo .event_info p{color:#5a5d6b;}#tle_oxwdt08ea3nsg0xf2leo span.timeline_event_date_ctn:nth-of-type(odd) .timeline_event_date,#tle_oxwdt08ea3nsg0xf2leo span.timeline_event_date_ctn:nth-of-type(odd) h2{background:#ffffff; color:#5a5d6b;}#tle_oxwdt08ea3nsg0xf2leo span.timeline_event_date_ctn:nth-of-type(even) .timeline_event_date,#tle_oxwdt08ea3nsg0xf2leo span.timeline_event_date_ctn:nth-of-type(even) h2{background:#ffffff; color:#2c3e50;}#tle_oxwdt08ea3nsg0xf2leo div.timeline_event:nth-of-type(even):after {color:#1abc9c;}#tle_oxwdt08ea3nsg0xf2leo div.timeline_event:nth-of-type(odd):before {color:#21c2f8;}#tle_oxwdt08ea3nsg0xf2leo {margin-top:0px; margin-bottom:0px; }<\/style>\n<!-- Timeline Event --><div class=\"timeline_event_ctn  clearfix\" id=\"tle_oxwdt08ea3nsg0xf2leo\"><div class=\"v_line\"><\/div><span class=\"timeline_event_date_ctn\"><div class=\"timeline_event_date\"><h2>START<\/h2><\/div><\/span><div class=\"timeline_event rda_bounceInLeft\"><div class=\"event_img\"><img decoding=\"async\" class=\"\" src=\"https:\/\/krakowzwiedzanie.pl\/wp-content\/uploads\/2015\/02\/st-marys-church-small-250x250.jpg\" width=\"250\" height=\"250\" alt=\"Die Altstadt\" title=\"\" \/><\/div><div class=\"event_triangle\"><\/div><div class=\"event_info\"><h2>Die Altstadt<\/h2><p>Eine unvergessliche Fahrt durch die Stra\u00dfen der Altstadt von Krakau. Der ber\u00fchmte Barbakan und Florianstor &#8211; w\u00e4hrend der Tour werden wir nat\u00fcrlich die monumentalen \u00dcberreste der Stadtmauer von Krakau ebenfalls besichtigen. Sicherlich werden Sie auch durch die gro\u00dfe Fl\u00e4che des Marktplatzes, die noch im Mittelalter abgegrenzt worden war, beeindruckt sein. Hier sehen Sie Geb\u00e4ude, die ein wahres Statussymbole in Krakau haben \u2013 die Marienkirche, die Tuchhalle und der Rathausturm. Was k\u00f6nnen wir noch auf dem Weg zum Wawel besuchen? Es h\u00e4ngt von Ihren W\u00fcnschen ab!<\/p><\/div><\/div><div class=\"timeline_event rda_bounceInRight\"><div class=\"event_img\"><img decoding=\"async\" class=\"\" src=\"https:\/\/krakowzwiedzanie.pl\/wp-content\/uploads\/2015\/07\/wawel-castle-main-250x250.jpg\" width=\"250\" height=\"250\" alt=\"Wawel\" title=\"\" \/><\/div><div class=\"event_triangle\"><\/div><div class=\"event_info\"><h2>Wawel<\/h2><p><\/p>\n<p class=\"ParyskiszykEmilii\">Auf dem Wawel H\u00fcgel k\u00f6nnen wir die mittelalterliche, k\u00f6nigliche Basilika und Erzkathedrale der Heiligen Stanislaus und Wenzeslaus und dem K\u00f6nigspalast mit seinem sch\u00f6nen Innenhof bewundern. Wir hei\u00dfen Sie an einem Ort herzlichst Willkommen, an dem seit Jahrhunderten die Geschichte Polens geformt wurde und zum ersten Mal auf dem polnischen Boden der Kunst der Renaissance bl\u00fchte! Hier n\u00e4mlich liegen unsere ehemaligen K\u00f6nige im ewigen Schlaf und in ihren beeindruckenden Gr\u00e4bern. Die beindruckende Architektur, atemberaubende Kunstwerke und einzigartige historische Denkm\u00e4ler &#8211; das sind die wichtigsten Sehensw\u00fcrdigkeiten des Wawel H\u00fcgels. Jedoch sollen wir nicht \u00fcber den tollen Anblick auf die Altstadt, die Weichsel und den Wawel Drachen vergessen!<\/p>\n<p><\/p><\/div><\/div><div class=\"timeline_event rda_bounceInLeft\"><div class=\"event_img\"><img decoding=\"async\" class=\"\" src=\"https:\/\/krakowzwiedzanie.pl\/wp-content\/uploads\/2015\/07\/remuh-cementary-small-250x250.jpg\" width=\"250\" height=\"250\" alt=\"Kazimierz\" title=\"\" \/><\/div><div class=\"event_triangle\"><\/div><div class=\"event_info\"><h2>Kazimierz<\/h2><p>Damals war es eine separate Stadt, die im Mittelalter von K\u00f6nig Kasimir dem Gro\u00dfen gegr\u00fcndet war und derzeit einer der sch\u00f6nsten Stadtteile von Krakau ist. Am Ende des f\u00fcnfzehnten Jahrhunderts sammelten sich an der Szeroka Stra\u00dfe grunds\u00e4tzlich die Gemeinschaft der Krakauer Juden. Vor uns liegt ein christlicher, wie auch j\u00fcdisches Erbe vor. Wir m\u00f6chten Ihnen die ber\u00fchmte Kirchen und Kloster zeigen. Zu denen geh\u00f6ren das Paulinerkloster auf dem Ska\u0142kah\u00fcgel und die gro\u00dfen mittelalterlichen Kirchen von Kazimierz \u2013 der Heiligen Katharina und die Fronleichnamkirche. Unsere Reise ist auch eine Gelegenheit, die einzigartigen und europaweiten sieben Synagogen im j\u00fcdischen Viertel zu bewundern, darunter auch die im f\u00fcnfzehnten Jahrhundert entstandene Alte und Remuh Synagoge, an der sich ein fast 500 Jahre alter Friedhof befindet.<\/p><\/div><\/div><div class=\"timeline_event rda_bounceInRight\"><div class=\"event_img\"><img decoding=\"async\" class=\"\" src=\"https:\/\/krakowzwiedzanie.pl\/wp-content\/uploads\/2015\/07\/ghetto-wall-250x250.jpg\" width=\"250\" height=\"250\" alt=\"Das Ghetto in Podg\u00f3rze\" title=\"\" \/><\/div><div class=\"event_triangle\"><\/div><div class=\"event_info\"><h2>Das Ghetto in Podg\u00f3rze<\/h2><p><\/p>\n<p class=\"ParyskiszykEmilii\"><span lang=\"PL\"><a class=\"wpil_keyword_link\" href=\"https:\/\/krakowzwiedzanie.pl\/getto-krakowskie\/\"   title=\"Koszmar zag\u0142ady i Getto Krakowskie\" data-wpil-keyword-link=\"linked\"  data-wpil-monitor-id=\"1980\">Krakowskie Getto<\/a> zosta\u0142o utworzone na terenie dzielnicy Podg\u00f3rze przez niemieckie w\u0142adze okupacyjne w 1941 roku i istnia\u0142o przez ponad dwa lata. Likwidacja zamkni\u0119tej dzielnicy \u017cydowskiej w marcu 1943 roku poch\u0142on\u0119\u0142a tysi\u0105ce ofiar. Te tragiczne i przera\u017caj\u0105ce wydarzenia zosta\u0142y upami\u0119tnione m. in. na Placu Bohater\u00f3w Getta, gdzie gromadzono \u017byd\u00f3w przed wywiezieniem ich do oboz\u00f3w koncentracyjnych. Dzi\u015b mo\u017cna tu zobaczy\u0107 niezwyk\u0142y pomnik \u2013 dziesi\u0105tki r\u00f3wnomiernie rozstawionych, monumentalnych krzese\u0142. Jest to nawi\u0105zanie do mebli i przedmiot\u00f3w codziennego u\u017cytku pozostawionych na ulicach przez deportowanych lub zamordowanych w\u0142a\u015bcicieli. Na Placu Bohater\u00f3w Getta znajduje si\u0119 r\u00f3wnie\u017c s\u0142ynna Apteka pod Or\u0142em, kt\u00f3rej polski w\u0142a\u015bciciel, J\u00f3zef Pankiewicz i jego wsp\u00f3\u0142pracownicy pomagali \u017bydom. W trakcie zwiedzania zobaczymy r\u00f3wnie\u017c zachowane fragmenty mur\u00f3w getta.<\/span><\/p>\n<p><\/p><\/div><\/div><div class=\"timeline_event rda_bounceInLeft\"><div class=\"event_img\"><img decoding=\"async\" class=\"\" src=\"https:\/\/krakowzwiedzanie.pl\/wp-content\/uploads\/2014\/12\/shindler-factory-250x250.jpg\" width=\"250\" height=\"250\" alt=\"Schindlers Fabrik\" title=\"\" \/><\/div><div class=\"event_triangle\"><\/div><div class=\"event_info\"><h2>Schindlers Fabrik<\/h2><p>Oskar Schindler war ein deutscher Gesch\u00e4ftsmann, der in seiner Krakauer Fabrik Hunderte von j\u00fcdischen Zwangsarbeiter besch\u00e4ftigt hat. Als er merkte, wie schrecklich das Schicksal der Juden unter der deutschen Besatzung war, fing er seine Mitarbeiter zu sch\u00fctzen. Dank der Arbeit in seiner Emallienfabrik entkamen mehr als tausend Menschen dem Todeslager. Diese ungew\u00f6hnliche Geschichte erfasste in einem Film Steven Spielberg unter dem Titel Schindlers Liste. Heute ist die ehemalige Fabrik ein wunderbares Museum. Mit authentischen Erinnerungsst\u00fccken aus der Vergangenheit, zahlreichen Multimedien und Szenografen ist die \u00a0Ausstellung \u2013 Krakau unter der Nazi Besatzung 1939-1945 mit ihren eindrucksvollen Rekonstruktion nah an der Realit\u00e4t der damaligen Besatzung. Nach unserer Tour mit dem Elektrowagen wird unser professioneller F\u00fchrer gerne Sie durch die Ausstellung f\u00fchren.<\/p><\/div><\/div><span class=\"timeline_event_date_ctn\"><div class=\"timeline_event_date\"><h2>END<\/h2><\/div><\/span><\/div>\r\n\r\n<!-- Timeline Event END-->\n[\/vc_column][\/vc_row][vc_row type=&#8220;full-width-section&#8220; css=&#8220;.vc_custom_1436961495518{padding-top: 30px !important;padding-bottom: 30px !important;background-color: #ecf0f1 !important;}&#8220;][vc_column][vc_column_text]\r\n            \r\n            \r\n            \r\n            <a name='map18'><\/a>\r\n            \r\n            \r\n            \r\n            \r\n            <div class=\"wpgmza_map \"  id=\"wpgmza_map_18\" style=\"display:block; overflow:auto; width:100%; height:600px; float:left;\" data-settings='{\"id\":\"18\",\"map_title\":\"Melex\",\"map_width\":\"100\",\"map_height\":\"600\",\"map_start_lat\":\"50.056732\",\"map_start_lng\":\"19.944052\",\"map_start_location\":\"50.056731563691656,19.944051502685518\",\"map_start_zoom\":\"15\",\"default_marker\":\"http:\\\/\\\/krakowzwiedzanie.pl\\\/wp-content\\\/uploads\\\/2015\\\/07\\\/arch.png\",\"type\":\"1\",\"alignment\":\"1\",\"directions_enabled\":\"0\",\"styling_enabled\":\"0\",\"styling_json\":\"\",\"active\":\"0\",\"kml\":\"\",\"bicycle\":\"0\",\"traffic\":\"0\",\"dbox\":\"1\",\"dbox_width\":\"250\",\"listmarkers\":\"0\",\"listmarkers_advanced\":\"0\",\"filterbycat\":\"0\",\"ugm_enabled\":\"0\",\"ugm_category_enabled\":\"0\",\"fusion\":\"\",\"map_width_type\":\"\\\\%\",\"map_height_type\":\"px\",\"mass_marker_support\":\"1\",\"ugm_access\":\"0\",\"order_markers_by\":\"1\",\"order_markers_choice\":\"2\",\"show_user_location\":\"2\",\"default_to\":\"\",\"other_settings\":{\"store_locator_enabled\":2,\"wpgmza_store_locator_restrict\":\"\",\"store_locator_distance\":2,\"store_locator_bounce\":1,\"store_locator_hide_before_search\":2,\"store_locator_use_their_location\":2,\"store_locator_name_search\":2,\"store_locator_category\":2,\"store_locator_query_string\":\"ZIP \\\/ Address:\",\"store_locator_name_string\":\"Title \\\/ Description:\",\"wpgmza_dbox_width_type\":\"px\",\"map_max_zoom\":\"3\",\"sl_stroke_color\":\"FF0000\",\"sl_stroke_opacity\":\"0.25\",\"sl_fill_color\":\"FF0000\",\"sl_fill_opacity\":\"0.15\",\"click_open_link\":2,\"weather_layer\":2,\"weather_layer_temp_type\":1,\"cloud_layer\":2,\"transport_layer\":0,\"wpgmza_iw_type\":\"\",\"list_markers_by\":\"0\",\"push_in_map\":\"\",\"push_in_map_placement\":\"9\",\"wpgmza_push_in_map_width\":\"\",\"wpgmza_push_in_map_height\":\"\",\"shortcodeAttributes\":{\"id\":\"18\"}}}' data-map-id='18' data-shortcode-attributes='{\"id\":\"18\"}'> <\/div>\r\n            \r\n               \r\n        [\/vc_column_text][\/vc_column][\/vc_row]<\/p>\n<\/div>","protected":false},"excerpt":{"rendered":"<p>[vc_row type=&#8220;full-width-section&#8220; css=&#8220;.vc_custom_1422813723719{margin-bottom: 0px !important;border-top-width: 1px !important;border-bottom-width: 1px !important;padding-top: 93px !important;padding-bottom: 50px !important;background-color: #f9fafb !important;border-top-color: #ecf0f1 !important;border-top-style: solid !important;border-bottom-color: #ecf0f1 !important;border-bottom-style: solid !important;}&#8220;][vc_column width=&#8220;1\/2&#8243; css=&#8220;.vc_custom_1422813718196{padding-bottom: 49px !important;}&#8220;][vc_custom_heading text=&#8220;Mit dem Elektro-Auto durch Krakau&#8220; font_container=&#8220;tag:h2|font_size:36|text_align:left&#8220; google_fonts=&#8220;font_family:Lato%3A100%2C100italic%2C300%2C300italic%2Cregular%2Citalic%2C700%2C700italic%2C900%2C900italic|font_style:300%20light%20regular%3A300%3Anormal&#8220; css=&#8220;.vc_custom_1466190715254{margin-bottom: 15px !important;}&#8220;][vc_custom_heading text=&#8220;F\u00fcr diejenigen, die Wert auf Komfort setzen&#8220; font_container=&#8220;tag:h2|font_size:36|text_align:left&#8220; google_fonts=&#8220;font_family:Lato%3A100%2C100italic%2C300%2C300italic%2Cregular%2Citalic%2C700%2C700italic%2C900%2C900italic|font_style:700%20bold%20regular%3A700%3Anormal&#8220; css=&#8220;.vc_custom_1466190806636{margin-bottom: 18px !important;}&#8220;][vc_column_text css=&#8220;.vc_custom_1466190994221{margin-bottom: 18px !important;}&#8220;]Wir sind uns bewusst,<br \/><a href=\"https:\/\/krakowzwiedzanie.pl\/de\/mit-dem-elektro-auto-durch-krakau\/\" class=\"more\">Read more<\/a><\/p>\n","protected":false},"author":1,"featured_media":10859,"parent":0,"menu_order":0,"comment_status":"closed","ping_status":"closed","template":"","meta":{"footnotes":""},"class_list":["post-16139","page","type-page","status-publish","has-post-thumbnail","hentry"],"_links":{"self":[{"href":"https:\/\/krakowzwiedzanie.pl\/de\/wp-json\/wp\/v2\/pages\/16139","targetHints":{"allow":["GET"]}}],"collection":[{"href":"https:\/\/krakowzwiedzanie.pl\/de\/wp-json\/wp\/v2\/pages"}],"about":[{"href":"https:\/\/krakowzwiedzanie.pl\/de\/wp-json\/wp\/v2\/types\/page"}],"author":[{"embeddable":true,"href":"https:\/\/krakowzwiedzanie.pl\/de\/wp-json\/wp\/v2\/users\/1"}],"replies":[{"embeddable":true,"href":"https:\/\/krakowzwiedzanie.pl\/de\/wp-json\/wp\/v2\/comments?post=16139"}],"version-history":[{"count":0,"href":"https:\/\/krakowzwiedzanie.pl\/de\/wp-json\/wp\/v2\/pages\/16139\/revisions"}],"wp:featuredmedia":[{"embeddable":true,"href":"https:\/\/krakowzwiedzanie.pl\/de\/wp-json\/wp\/v2\/media\/10859"}],"wp:attachment":[{"href":"https:\/\/krakowzwiedzanie.pl\/de\/wp-json\/wp\/v2\/media?parent=16139"}],"curies":[{"name":"wp","href":"https:\/\/api.w.org\/{rel}","templated":true}]}}