{"id":16098,"date":"2016-06-17T14:53:31","date_gmt":"2016-06-17T12:53:31","guid":{"rendered":"http:\/\/reisefuehrerkrakau.de\/?page_id=16098\/?page_id=16098"},"modified":"2025-12-13T20:07:50","modified_gmt":"2025-12-13T19:07:50","slug":"das-universitaet-viertel","status":"publish","type":"page","link":"https:\/\/krakowzwiedzanie.pl\/de\/das-universitaet-viertel\/","title":{"rendered":"Das Universit\u00e4t Viertel"},"content":{"rendered":"<div class=\"wpb-content-wrapper\"><p>[vc_row type=&#8220;full-width-section&#8220; css=&#8220;.vc_custom_1422813723719{margin-bottom: 0px !important;border-top-width: 1px !important;border-bottom-width: 1px !important;padding-top: 93px !important;padding-bottom: 50px !important;background-color: #f9fafb !important;border-top-color: #ecf0f1 !important;border-top-style: solid !important;border-bottom-color: #ecf0f1 !important;border-bottom-style: solid !important;}&#8220;][vc_column width=&#8220;1\/2&#8243; css=&#8220;.vc_custom_1422813718196{padding-bottom: 49px !important;}&#8220;][vc_custom_heading text=&#8220;Das Universit\u00e4t Viertel&#8220; font_container=&#8220;tag:h2|font_size:36|text_align:left&#8220; google_fonts=&#8220;font_family:Lato%3A100%2C100italic%2C300%2C300italic%2Cregular%2Citalic%2C700%2C700italic%2C900%2C900italic|font_style:300%20light%20regular%3A300%3Anormal&#8220; css=&#8220;.vc_custom_1466106745618{margin-bottom: 15px !important;}&#8220;][vc_custom_heading text=&#8220;Erleben Sie die einzigartige Atmosph\u00e4re der mittelalterlichen Universit\u00e4t&#8220; font_container=&#8220;tag:h2|font_size:36|text_align:left&#8220; google_fonts=&#8220;font_family:Lato%3A100%2C100italic%2C300%2C300italic%2Cregular%2Citalic%2C700%2C700italic%2C900%2C900italic|font_style:700%20bold%20regular%3A700%3Anormal&#8220; css=&#8220;.vc_custom_1466106962899{margin-bottom: 18px !important;}&#8220;][vc_column_text css=&#8220;.vc_custom_1466107682536{margin-bottom: 18px !important;}&#8220;]<strong>Wir laden Sie zu einer Erkundigung des einzigartigen Viertels der Altstadt ein. Universit\u00e4ten sind in Krakau eines der \u00e4ltesten in Polen und einer der \u00e4ltesten in Mitteleuropa.<\/strong><\/p>\n<p><em>Die erste Studie Generale<\/em> (mittelalterliche, lateinische Bezeichnung f\u00fcr das, was wir heute unter Universit\u00e4t kennen) wurde von K\u00f6nig Kasimir dem Gro\u00dfen im Jahre 1364 gegr\u00fcndet, aber leider fiel es nach seinem Tod in Verfall. Die Erneuerung der Universit\u00e4t fand im Jahre 1400 w\u00e4hrend der Herrschaft von Wladislaus, dem ersten, polnischen K\u00f6nig der Jagiellonen-Dynastie statt (daher der heutige Name der Akademie \u2013 <strong>Jagiellonen Universit\u00e4t<\/strong>).<\/p>\n<p>Seitdem ist das akademische Viertel nahe gelegen zum Marktplatz, zwischen <strong>den Stra\u00dfen der Heiligen Anna<\/strong> und Golebia. Die Besichtigung Krakaus wird nicht ohne einen Besuch eines au\u00dfergew\u00f6hnlichen Ortes enden. Unsere Reisef\u00fchrer zeigt Ihnen den einzigartigen Charme vom <strong>Collegium Maius<\/strong> &#8211; das \u00e4lteste Universit\u00e4ts Geb\u00e4ude. Nachdem unser kurzer Spaziergang vor dem aus dem neunzehnten Jahrhundert kommenden Geb\u00e4ude <strong>Collegium Novum<\/strong> endet, erz\u00e4hlen wir Ihnen die Geschichte der Akademie und ihrer au\u00dfergew\u00f6hnlichen Absolventen, wie Nicolaus Copernicus bis zu Johannes Paul II.<\/p>\n<p>Sie werden von der herrschenden Atmosph\u00e4re der Ruhe begeistert sein, die die Ernsthaftigkeit und W\u00fcrde ausspr\u00fcht. Besichtigen Sie Orte, die die Identit\u00e4t des intellektuellen Krakau pr\u00e4gt![\/vc_column_text]\n<!-- lists --><div class=\"rd_list_1_alt rd_list_left\"><style type='text\/css'> @font-face{font-family: 'fa'; src:url('https:\/\/krakowzwiedzanie.pl\/wp-content\/themes\/thefox\/includes\/4k-icons\/icons\/4k-icons-pack02\/icons\/fonts\/fa.eot'); src:url('https:\/\/krakowzwiedzanie.pl\/wp-content\/themes\/thefox\/includes\/4k-icons\/icons\/4k-icons-pack02\/icons\/fonts\/fa.eot?#iefix') format('embedded-opentype'), url('https:\/\/krakowzwiedzanie.pl\/wp-content\/themes\/thefox\/includes\/4k-icons\/icons\/4k-icons-pack02\/icons\/fonts\/fa.woff') format('woff'), url('https:\/\/krakowzwiedzanie.pl\/wp-content\/themes\/thefox\/includes\/4k-icons\/icons\/4k-icons-pack02\/icons\/fonts\/fa.ttf') format('truetype'), url('https:\/\/krakowzwiedzanie.pl\/wp-content\/themes\/thefox\/includes\/4k-icons\/icons\/4k-icons-pack02\/icons\/fonts\/fa.svg#oi') format('svg'); font-weight: normal; font-style: normal;}#rand_m8ryi85aj1nuf9ygfida .fa-check-circle:before{font-family: 'fa'; font-weight: normal; font-style: normal;}#rand_m8ryi85aj1nuf9ygfida .fa-check-circle:before{content: \"\\f058\";}<\/style>\n<style type=\"text\/css\" >.rd_list_1 .list_item_ctn { border-color:#ecf0f1}.rd_list_1 #rand_m8ryi85aj1nuf9ygfida .list_icn i,.rd_list_1_alt #rand_m8ryi85aj1nuf9ygfida .list_icn i{color:#1abc9c;}.rd_list_2 #rand_m8ryi85aj1nuf9ygfida:after{background:#5a5d6b;}.rd_list_2 #rand_m8ryi85aj1nuf9ygfida .list_icn i{color:#1abc9c;}.rd_list_3 #rand_m8ryi85aj1nuf9ygfida .list_icn,.rd_list_5 #rand_m8ryi85aj1nuf9ygfida .list_icn,.rd_list_6 #rand_m8ryi85aj1nuf9ygfida .list_icn{background:#1abc9c;}.rd_list_4 #rand_m8ryi85aj1nuf9ygfida{background:#1abc9c;}#rand_m8ryi85aj1nuf9ygfida h3{color:#2c3e50;}#rand_m8ryi85aj1nuf9ygfida p{color:#5a5d6b;}.rd_list_7 #rand_m8ryi85aj1nuf9ygfida .list_icn{color:#1abc9c;}<\/style><div class=\"list_item_ctn\" id=\"rand_m8ryi85aj1nuf9ygfida\"><div class=\"list_icn\"><i class=\"fa-check-circle\"><\/i><\/div><div class=\"list_desc\"><p>F\u00fchrung in Englisch, Deutsch, Schwedisch, Russisch, Franz\u00f6sisch, Italienisch, Spanisch oder Polnisch<br \/>\n<\/p><\/div><\/div><style type='text\/css'> @font-face{font-family: 'fa'; src:url('https:\/\/krakowzwiedzanie.pl\/wp-content\/themes\/thefox\/includes\/4k-icons\/icons\/4k-icons-pack02\/icons\/fonts\/fa.eot'); src:url('https:\/\/krakowzwiedzanie.pl\/wp-content\/themes\/thefox\/includes\/4k-icons\/icons\/4k-icons-pack02\/icons\/fonts\/fa.eot?#iefix') format('embedded-opentype'), url('https:\/\/krakowzwiedzanie.pl\/wp-content\/themes\/thefox\/includes\/4k-icons\/icons\/4k-icons-pack02\/icons\/fonts\/fa.woff') format('woff'), url('https:\/\/krakowzwiedzanie.pl\/wp-content\/themes\/thefox\/includes\/4k-icons\/icons\/4k-icons-pack02\/icons\/fonts\/fa.ttf') format('truetype'), url('https:\/\/krakowzwiedzanie.pl\/wp-content\/themes\/thefox\/includes\/4k-icons\/icons\/4k-icons-pack02\/icons\/fonts\/fa.svg#oi') format('svg'); font-weight: normal; font-style: normal;}#rand_px2k9ae2xu02t7bgypqr .fa-check-circle:before{font-family: 'fa'; font-weight: normal; font-style: normal;}#rand_px2k9ae2xu02t7bgypqr .fa-check-circle:before{content: \"\\f058\";}<\/style>\n<style type=\"text\/css\" >.rd_list_1 .list_item_ctn { border-color:#ecf0f1}.rd_list_1 #rand_px2k9ae2xu02t7bgypqr .list_icn i,.rd_list_1_alt #rand_px2k9ae2xu02t7bgypqr .list_icn i{color:#1abc9c;}.rd_list_2 #rand_px2k9ae2xu02t7bgypqr:after{background:#5a5d6b;}.rd_list_2 #rand_px2k9ae2xu02t7bgypqr .list_icn i{color:#1abc9c;}.rd_list_3 #rand_px2k9ae2xu02t7bgypqr .list_icn,.rd_list_5 #rand_px2k9ae2xu02t7bgypqr .list_icn,.rd_list_6 #rand_px2k9ae2xu02t7bgypqr .list_icn{background:#1abc9c;}.rd_list_4 #rand_px2k9ae2xu02t7bgypqr{background:#1abc9c;}#rand_px2k9ae2xu02t7bgypqr h3{color:#2c3e50;}#rand_px2k9ae2xu02t7bgypqr p{color:#5a5d6b;}.rd_list_7 #rand_px2k9ae2xu02t7bgypqr .list_icn{color:#1abc9c;}<\/style><div class=\"list_item_ctn\" id=\"rand_px2k9ae2xu02t7bgypqr\"><div class=\"list_icn\"><i class=\"fa-check-circle\"><\/i><\/div><div class=\"list_desc\"><p>Die Besichtigung werden an die Bed\u00fcrfnisse, das Alter und Interessen angepasst. Die Umsetzung der Erwartungen der Reisenden ist unsere Priorit\u00e4t.<\/p><\/div><\/div><style type='text\/css'> @font-face{font-family: 'fa'; src:url('https:\/\/krakowzwiedzanie.pl\/wp-content\/themes\/thefox\/includes\/4k-icons\/icons\/4k-icons-pack02\/icons\/fonts\/fa.eot'); src:url('https:\/\/krakowzwiedzanie.pl\/wp-content\/themes\/thefox\/includes\/4k-icons\/icons\/4k-icons-pack02\/icons\/fonts\/fa.eot?#iefix') format('embedded-opentype'), url('https:\/\/krakowzwiedzanie.pl\/wp-content\/themes\/thefox\/includes\/4k-icons\/icons\/4k-icons-pack02\/icons\/fonts\/fa.woff') format('woff'), url('https:\/\/krakowzwiedzanie.pl\/wp-content\/themes\/thefox\/includes\/4k-icons\/icons\/4k-icons-pack02\/icons\/fonts\/fa.ttf') format('truetype'), url('https:\/\/krakowzwiedzanie.pl\/wp-content\/themes\/thefox\/includes\/4k-icons\/icons\/4k-icons-pack02\/icons\/fonts\/fa.svg#oi') format('svg'); font-weight: normal; font-style: normal;}#rand_23xmrb780hw17p2qqw3k .fa-check-circle:before{font-family: 'fa'; font-weight: normal; font-style: normal;}#rand_23xmrb780hw17p2qqw3k .fa-check-circle:before{content: \"\\f058\";}<\/style>\n<style type=\"text\/css\" >.rd_list_1 .list_item_ctn { border-color:#ecf0f1}.rd_list_1 #rand_23xmrb780hw17p2qqw3k .list_icn i,.rd_list_1_alt #rand_23xmrb780hw17p2qqw3k .list_icn i{color:#1abc9c;}.rd_list_2 #rand_23xmrb780hw17p2qqw3k:after{background:#5a5d6b;}.rd_list_2 #rand_23xmrb780hw17p2qqw3k .list_icn i{color:#1abc9c;}.rd_list_3 #rand_23xmrb780hw17p2qqw3k .list_icn,.rd_list_5 #rand_23xmrb780hw17p2qqw3k .list_icn,.rd_list_6 #rand_23xmrb780hw17p2qqw3k .list_icn{background:#1abc9c;}.rd_list_4 #rand_23xmrb780hw17p2qqw3k{background:#1abc9c;}#rand_23xmrb780hw17p2qqw3k h3{color:#2c3e50;}#rand_23xmrb780hw17p2qqw3k p{color:#5a5d6b;}.rd_list_7 #rand_23xmrb780hw17p2qqw3k .list_icn{color:#1abc9c;}<\/style><div class=\"list_item_ctn\" id=\"rand_23xmrb780hw17p2qqw3k\"><div class=\"list_icn\"><i class=\"fa-check-circle\"><\/i><\/div><div class=\"list_desc\"><p>Dauer: 1 Stunde<br \/>\n<\/p><\/div><\/div><style type='text\/css'> @font-face{font-family: 'fa'; src:url('https:\/\/krakowzwiedzanie.pl\/wp-content\/themes\/thefox\/includes\/4k-icons\/icons\/4k-icons-pack02\/icons\/fonts\/fa.eot'); src:url('https:\/\/krakowzwiedzanie.pl\/wp-content\/themes\/thefox\/includes\/4k-icons\/icons\/4k-icons-pack02\/icons\/fonts\/fa.eot?#iefix') format('embedded-opentype'), url('https:\/\/krakowzwiedzanie.pl\/wp-content\/themes\/thefox\/includes\/4k-icons\/icons\/4k-icons-pack02\/icons\/fonts\/fa.woff') format('woff'), url('https:\/\/krakowzwiedzanie.pl\/wp-content\/themes\/thefox\/includes\/4k-icons\/icons\/4k-icons-pack02\/icons\/fonts\/fa.ttf') format('truetype'), url('https:\/\/krakowzwiedzanie.pl\/wp-content\/themes\/thefox\/includes\/4k-icons\/icons\/4k-icons-pack02\/icons\/fonts\/fa.svg#oi') format('svg'); font-weight: normal; font-style: normal;}#rand_46p84ulkdxsu5qsbcpxa .fa-check-circle:before{font-family: 'fa'; font-weight: normal; font-style: normal;}#rand_46p84ulkdxsu5qsbcpxa .fa-check-circle:before{content: \"\\f058\";}<\/style>\n<style type=\"text\/css\" >.rd_list_1 .list_item_ctn { border-color:#ecf0f1}.rd_list_1 #rand_46p84ulkdxsu5qsbcpxa .list_icn i,.rd_list_1_alt #rand_46p84ulkdxsu5qsbcpxa .list_icn i{color:#1abc9c;}.rd_list_2 #rand_46p84ulkdxsu5qsbcpxa:after{background:#5a5d6b;}.rd_list_2 #rand_46p84ulkdxsu5qsbcpxa .list_icn i{color:#1abc9c;}.rd_list_3 #rand_46p84ulkdxsu5qsbcpxa .list_icn,.rd_list_5 #rand_46p84ulkdxsu5qsbcpxa .list_icn,.rd_list_6 #rand_46p84ulkdxsu5qsbcpxa .list_icn{background:#1abc9c;}.rd_list_4 #rand_46p84ulkdxsu5qsbcpxa{background:#1abc9c;}#rand_46p84ulkdxsu5qsbcpxa h3{color:#2c3e50;}#rand_46p84ulkdxsu5qsbcpxa p{color:#5a5d6b;}.rd_list_7 #rand_46p84ulkdxsu5qsbcpxa .list_icn{color:#1abc9c;}<\/style><div class=\"list_item_ctn\" id=\"rand_46p84ulkdxsu5qsbcpxa\"><div class=\"list_icn\"><i class=\"fa-check-circle\"><\/i><\/div><div class=\"list_desc\"><p>Lizenzierte F\u00fchrung durch Krakau mit umfassenden Kenntnissen und einem gro\u00dfen Sinn f\u00fcr Humor<\/p>\n<p><\/p><\/div><\/div><style type='text\/css'> @font-face{font-family: 'fa'; src:url('https:\/\/krakowzwiedzanie.pl\/wp-content\/themes\/thefox\/includes\/4k-icons\/icons\/4k-icons-pack02\/icons\/fonts\/fa.eot'); src:url('https:\/\/krakowzwiedzanie.pl\/wp-content\/themes\/thefox\/includes\/4k-icons\/icons\/4k-icons-pack02\/icons\/fonts\/fa.eot?#iefix') format('embedded-opentype'), url('https:\/\/krakowzwiedzanie.pl\/wp-content\/themes\/thefox\/includes\/4k-icons\/icons\/4k-icons-pack02\/icons\/fonts\/fa.woff') format('woff'), url('https:\/\/krakowzwiedzanie.pl\/wp-content\/themes\/thefox\/includes\/4k-icons\/icons\/4k-icons-pack02\/icons\/fonts\/fa.ttf') format('truetype'), url('https:\/\/krakowzwiedzanie.pl\/wp-content\/themes\/thefox\/includes\/4k-icons\/icons\/4k-icons-pack02\/icons\/fonts\/fa.svg#oi') format('svg'); font-weight: normal; font-style: normal;}#rand_8k8lzb1wa88g8n1d2kp4 .fa-check-circle:before{font-family: 'fa'; font-weight: normal; font-style: normal;}#rand_8k8lzb1wa88g8n1d2kp4 .fa-check-circle:before{content: \"\\f058\";}<\/style>\n<style type=\"text\/css\" >.rd_list_1 .list_item_ctn { border-color:#ecf0f1}.rd_list_1 #rand_8k8lzb1wa88g8n1d2kp4 .list_icn i,.rd_list_1_alt #rand_8k8lzb1wa88g8n1d2kp4 .list_icn i{color:#1abc9c;}.rd_list_2 #rand_8k8lzb1wa88g8n1d2kp4:after{background:#5a5d6b;}.rd_list_2 #rand_8k8lzb1wa88g8n1d2kp4 .list_icn i{color:#1abc9c;}.rd_list_3 #rand_8k8lzb1wa88g8n1d2kp4 .list_icn,.rd_list_5 #rand_8k8lzb1wa88g8n1d2kp4 .list_icn,.rd_list_6 #rand_8k8lzb1wa88g8n1d2kp4 .list_icn{background:#1abc9c;}.rd_list_4 #rand_8k8lzb1wa88g8n1d2kp4{background:#1abc9c;}#rand_8k8lzb1wa88g8n1d2kp4 h3{color:#2c3e50;}#rand_8k8lzb1wa88g8n1d2kp4 p{color:#5a5d6b;}.rd_list_7 #rand_8k8lzb1wa88g8n1d2kp4 .list_icn{color:#1abc9c;}<\/style><div class=\"list_item_ctn\" id=\"rand_8k8lzb1wa88g8n1d2kp4\"><div class=\"list_icn\"><i class=\"fa-check-circle\"><\/i><\/div><div class=\"list_desc\"><p>Die Tour beginnt an der Ecke von der Heiligen Anna und der Jagiellonen Stra\u00dfe<\/p>\n<p><\/p><\/div><\/div><\/div>\r\n\r\n<!-- lists END-->\n[\/vc_column][vc_column width=&#8220;1\/2&#8243; css=&#8220;.vc_custom_1422813713213{padding-top: 6px !important;padding-bottom: 49px !important;}&#8220;][vc_single_image image=&#8220;14068&#8243; img_size=&#8220;500&#215;650&#8243; alignment=&#8220;right&#8220; style=&#8220;vc_box_outline&#8220; onclick=&#8220;img_link_large&#8220; hover_effect=&#8220;img_zoom_effect&#8220; el_class=&#8220;prettyphoto&#8220;][\/vc_column][\/vc_row][vc_row css=&#8220;.vc_custom_1422891257866{margin-bottom: 0px !important;padding-top: 94px !important;padding-bottom: 100px !important;}&#8220;][vc_column][vc_custom_heading text=&#8220;Das Universit\u00e4t Viertel &#8211; <strong>Zwiedzanie Krakowa program<\/strong>&#8220; font_container=&#8220;tag:h1|font_size:36|text_align:center&#8220; google_fonts=&#8220;font_family:Lato%3A100%2C100italic%2C300%2C300italic%2Cregular%2Citalic%2C700%2C700italic%2C900%2C900italic|font_style:300%20light%20regular%3A300%3Anormal&#8220; css=&#8220;.vc_custom_1466107820280{margin-bottom: 66px !important;}&#8220;]<style type=\"text\/css\" >#tle_sym3ei8twyb3fjmm8s4g .v_line{background: #27efd2; background: -moz-linear-gradient(top, #27efd2 1%, #22c8f3 100%); background: -webkit-gradient(linear, left top, left bottom, color-stop(1%,#27efd2), color-stop(100%,#22c8f3)); background: -webkit-linear-gradient(top, #27efd2 1%,#22c8f3 100%); background: -o-linear-gradient(top, #27efd2 1%,#22c8f3 100%); background: -ms-linear-gradient(top, #27efd2 1%,#22c8f3 100%); background: linear-gradient(to bottom, #27efd2 1%,#22c8f3 100%); filter: progid:DXImageTransform.Microsoft.gradient( startColorstr=\"#27efd2\", endColorstr=\"#22c8f3\",GradientType=0 );}#tle_sym3ei8twyb3fjmm8s4g .event_img{border-color:#ecf0f1;}#tle_sym3ei8twyb3fjmm8s4g .event_info h2{color:#2c3e50;}#tle_sym3ei8twyb3fjmm8s4g .event_info p{color:#5a5d6b;}#tle_sym3ei8twyb3fjmm8s4g span.timeline_event_date_ctn:nth-of-type(odd) .timeline_event_date,#tle_sym3ei8twyb3fjmm8s4g span.timeline_event_date_ctn:nth-of-type(odd) h2{background:#ffffff; color:#5a5d6b;}#tle_sym3ei8twyb3fjmm8s4g span.timeline_event_date_ctn:nth-of-type(even) .timeline_event_date,#tle_sym3ei8twyb3fjmm8s4g span.timeline_event_date_ctn:nth-of-type(even) h2{background:#ffffff; color:#2c3e50;}#tle_sym3ei8twyb3fjmm8s4g div.timeline_event:nth-of-type(even):after {color:#1abc9c;}#tle_sym3ei8twyb3fjmm8s4g div.timeline_event:nth-of-type(odd):before {color:#21c2f8;}#tle_sym3ei8twyb3fjmm8s4g {margin-top:0px; margin-bottom:0px; }<\/style>\n<!-- Timeline Event --><div class=\"timeline_event_ctn  clearfix\" id=\"tle_sym3ei8twyb3fjmm8s4g\"><div class=\"v_line\"><\/div><span class=\"timeline_event_date_ctn\"><div class=\"timeline_event_date\"><h2>START<\/h2><\/div><\/span><div class=\"timeline_event rda_bounceInLeft\"><div class=\"event_img\"><img decoding=\"async\" class=\"\" src=\"https:\/\/krakowzwiedzanie.pl\/wp-content\/uploads\/2015\/09\/kolegiata-sw-anny-250x250.jpg\" width=\"250\" height=\"250\" alt=\"kolegiata-sw-anny\" title=\"kolegiata-sw-anny\" \/><\/div><div class=\"event_triangle\"><\/div><div class=\"event_info\"><h2>Die Heilige Anna Stra\u00dfe und die akademische Stiftskirche <\/h2><p><\/p>\n<p class=\"ParyskiszykEmilii\">Die Heilige Anna Stra\u00dfe wurde bis zum f\u00fcnfzehnten Jahrhundert die j\u00fcdische Stra\u00dfe genannt\u00a0 und an der Stelle des heutigen Universit\u00e4tsviertel lebten im Mittelalter die Juden von Krakau. Im f\u00fcnfzehnten Jahrhundert wurden sie zuerst in die N\u00e4he des heutigen Szczepanski Platz und sp\u00e4ter nach Kazimierz verlegt. Am Ende der Stra\u00dfe wurde im siebzehnten Jahrhundert durch den niederl\u00e4ndischen Meister Tylman Gamer eine wunderbare, im barocker Stil Kirche der Heiligen Anna erbaut und an dem Ort, wo sich fr\u00fcher die gotischen Stifts befand.<\/p>\n<p><\/p><\/div><\/div><div class=\"timeline_event rda_bounceInRight\"><div class=\"event_img\"><img decoding=\"async\" class=\"\" src=\"https:\/\/krakowzwiedzanie.pl\/wp-content\/uploads\/2014\/12\/universitydistrict-250x250.jpg\" width=\"250\" height=\"250\" alt=\"Collegium Maius\" title=\"\" \/><\/div><div class=\"event_triangle\"><\/div><div class=\"event_info\"><h2>Collegium Maius<\/h2><p>Das \u00e4lteste Universit\u00e4tsgeb\u00e4ude. Eine sch\u00f6ne, gotische Kolleg, was der urspr\u00fcnglich der Sitz der Philosophie Fakult\u00e4t\u00a0 war(Geisteswissenschaften). Seitdem Mittelalter waren hier Klassenzimmer und Wohnungen der Professoren. Wir werden einen gro\u00dfen Innenhof, der von Arkaden umgeben ist, sehen. Es ist schwer, die magische Atmosph\u00e4re des Ortes zu beschreiben. Sie k\u00f6nnen buchst\u00e4blich die Aura von Generationen von Studenten und ihrer intellektuellen Anstrengungen f\u00fchlen.<\/p><\/div><\/div><div class=\"timeline_event rda_bounceInLeft\"><div class=\"event_img\"><img decoding=\"async\" class=\"\" src=\"https:\/\/krakowzwiedzanie.pl\/wp-content\/uploads\/2014\/12\/universitydistrict-250x250.jpg\" width=\"250\" height=\"250\" alt=\"Collegium Maius\" title=\"\" \/><\/div><div class=\"event_triangle\"><\/div><div class=\"event_info\"><h2>Das Geb\u00e4ude der Fakult\u00e4t f\u00fcr Polonistik<\/h2><p>Unsere Route f\u00fchrt dann zwischen den ehrw\u00fcrdigen Universit\u00e4tsgeb\u00e4uden (Kollegium Ko\u0142\u0142\u0105taja, Physicum Collegium, Collegium Minus) und neben dem so genannten Professoren Garten. Die n\u00e4chste Station ist jedoch das Geb\u00e4ude der Fakult\u00e4t f\u00fcr polnische Studie an der Go\u0142\u0119bia Stra\u00dfe. Was macht es so wichtig? Hier studierte einmal der sp\u00e4tere Papst Johannes Paul II!<\/p><\/div><\/div><div class=\"timeline_event rda_bounceInRight\"><div class=\"event_img\"><img decoding=\"async\" class=\"\" src=\"https:\/\/krakowzwiedzanie.pl\/wp-content\/uploads\/2016\/06\/poeci-w-krakowie-250x250.jpg\" width=\"250\" height=\"250\" alt=\"Collegium Novum\" title=\"\" \/><\/div><div class=\"event_triangle\"><\/div><div class=\"event_info\"><h2>Collegium Novum<\/h2><p><\/p>\n<p class=\"ParyskiszykEmilii\">Das ist unsere letzte Haltestelle. Das aus dem Neunzehnten Jahrhundert kommende Cellegium Novum wurde an der Stelle der im Mittelalter abgerissenen Studentenwohnheime errichtet. Das sch\u00f6ne, monumentale Geb\u00e4ude ist das Verwaltungszentrum der Jagiellonen Universit\u00e4t. In der N\u00e4he des Institutes f\u00fcr Geschichte, steht vor dem Geb\u00e4ude eine Statue von Nikolaus Kopernikus, der wohl bekannteste Absolvent der Geschichte.<\/p>\n<p><\/p><\/div><\/div><span class=\"timeline_event_date_ctn\"><div class=\"timeline_event_date\"><h2>END<\/h2><\/div><\/span><\/div>\r\n\r\n<!-- Timeline Event END-->\n[\/vc_column][\/vc_row][vc_row type=&#8220;full-width-section&#8220; css=&#8220;.vc_custom_1436961495518{padding-top: 30px !important;padding-bottom: 30px !important;background-color: #ecf0f1 !important;}&#8220;][vc_column][vc_column_text]<\/p>\n\r\n            \r\n            \r\n            \r\n            <a name='map6'><\/a>\r\n            \r\n            \r\n            \r\n            \r\n            <div class=\"wpgmza_map \"  id=\"wpgmza_map_6\" style=\"display:block; overflow:auto; width:100%; height:600px; float:left;\" data-settings='{\"id\":\"6\",\"map_title\":\"University district\",\"map_width\":\"100\",\"map_height\":\"600\",\"map_start_lat\":\"50.061455\",\"map_start_lng\":\"19.933635\",\"map_start_location\":\"50.06145538655647,19.933635288360605\",\"map_start_zoom\":\"17\",\"default_marker\":\"http:\\\/\\\/krakowzwiedzanie.pl\\\/wp-content\\\/uploads\\\/2015\\\/07\\\/arch.png\",\"type\":\"1\",\"alignment\":\"1\",\"directions_enabled\":\"0\",\"styling_enabled\":\"0\",\"styling_json\":\"\",\"active\":\"0\",\"kml\":\"\",\"bicycle\":\"0\",\"traffic\":\"0\",\"dbox\":\"1\",\"dbox_width\":\"250\",\"listmarkers\":\"0\",\"listmarkers_advanced\":\"0\",\"filterbycat\":\"0\",\"ugm_enabled\":\"0\",\"ugm_category_enabled\":\"0\",\"fusion\":\"\",\"map_width_type\":\"\\\\%\",\"map_height_type\":\"px\",\"mass_marker_support\":\"1\",\"ugm_access\":\"0\",\"order_markers_by\":\"1\",\"order_markers_choice\":\"2\",\"show_user_location\":\"2\",\"default_to\":\"\",\"other_settings\":{\"store_locator_enabled\":2,\"wpgmza_store_locator_restrict\":\"\",\"store_locator_distance\":2,\"store_locator_bounce\":1,\"store_locator_hide_before_search\":2,\"store_locator_use_their_location\":2,\"store_locator_name_search\":2,\"store_locator_category\":2,\"store_locator_query_string\":\"ZIP \\\/ Address:\",\"store_locator_name_string\":\"Title \\\/ Description:\",\"wpgmza_dbox_width_type\":\"px\",\"map_max_zoom\":\"3\",\"sl_stroke_color\":\"FF0000\",\"sl_stroke_opacity\":\"0.25\",\"sl_fill_color\":\"FF0000\",\"sl_fill_opacity\":\"0.15\",\"click_open_link\":2,\"weather_layer\":2,\"weather_layer_temp_type\":1,\"cloud_layer\":2,\"transport_layer\":0,\"wpgmza_iw_type\":\"\",\"list_markers_by\":\"0\",\"push_in_map\":\"\",\"push_in_map_placement\":\"9\",\"wpgmza_push_in_map_width\":\"\",\"wpgmza_push_in_map_height\":\"\",\"shortcodeAttributes\":{\"id\":\"6\"}}}' data-map-id='6' data-shortcode-attributes='{\"id\":\"6\"}'> <\/div>\r\n            \r\n               \r\n        \n<p>[\/vc_column_text][\/vc_column][\/vc_row]<\/p>\n<\/div>","protected":false},"excerpt":{"rendered":"<p>[vc_row type=&#8220;full-width-section&#8220; css=&#8220;.vc_custom_1422813723719{margin-bottom: 0px !important;border-top-width: 1px !important;border-bottom-width: 1px !important;padding-top: 93px !important;padding-bottom: 50px !important;background-color: #f9fafb !important;border-top-color: #ecf0f1 !important;border-top-style: solid !important;border-bottom-color: #ecf0f1 !important;border-bottom-style: solid !important;}&#8220;][vc_column width=&#8220;1\/2&#8243; css=&#8220;.vc_custom_1422813718196{padding-bottom: 49px !important;}&#8220;][vc_custom_heading text=&#8220;Das Universit\u00e4t Viertel&#8220; font_container=&#8220;tag:h2|font_size:36|text_align:left&#8220; google_fonts=&#8220;font_family:Lato%3A100%2C100italic%2C300%2C300italic%2Cregular%2Citalic%2C700%2C700italic%2C900%2C900italic|font_style:300%20light%20regular%3A300%3Anormal&#8220; css=&#8220;.vc_custom_1466106745618{margin-bottom: 15px !important;}&#8220;][vc_custom_heading text=&#8220;Erleben Sie die einzigartige Atmosph\u00e4re der mittelalterlichen Universit\u00e4t&#8220; font_container=&#8220;tag:h2|font_size:36|text_align:left&#8220; google_fonts=&#8220;font_family:Lato%3A100%2C100italic%2C300%2C300italic%2Cregular%2Citalic%2C700%2C700italic%2C900%2C900italic|font_style:700%20bold%20regular%3A700%3Anormal&#8220; css=&#8220;.vc_custom_1466106962899{margin-bottom: 18px !important;}&#8220;][vc_column_text css=&#8220;.vc_custom_1466107682536{margin-bottom: 18px !important;}&#8220;]Wir laden Sie zu einer<br \/><a href=\"https:\/\/krakowzwiedzanie.pl\/de\/das-universitaet-viertel\/\" class=\"more\">Read more<\/a><\/p>\n","protected":false},"author":1,"featured_media":9863,"parent":0,"menu_order":0,"comment_status":"closed","ping_status":"closed","template":"","meta":{"footnotes":""},"class_list":["post-16098","page","type-page","status-publish","has-post-thumbnail","hentry"],"_links":{"self":[{"href":"https:\/\/krakowzwiedzanie.pl\/de\/wp-json\/wp\/v2\/pages\/16098","targetHints":{"allow":["GET"]}}],"collection":[{"href":"https:\/\/krakowzwiedzanie.pl\/de\/wp-json\/wp\/v2\/pages"}],"about":[{"href":"https:\/\/krakowzwiedzanie.pl\/de\/wp-json\/wp\/v2\/types\/page"}],"author":[{"embeddable":true,"href":"https:\/\/krakowzwiedzanie.pl\/de\/wp-json\/wp\/v2\/users\/1"}],"replies":[{"embeddable":true,"href":"https:\/\/krakowzwiedzanie.pl\/de\/wp-json\/wp\/v2\/comments?post=16098"}],"version-history":[{"count":0,"href":"https:\/\/krakowzwiedzanie.pl\/de\/wp-json\/wp\/v2\/pages\/16098\/revisions"}],"wp:featuredmedia":[{"embeddable":true,"href":"https:\/\/krakowzwiedzanie.pl\/de\/wp-json\/wp\/v2\/media\/9863"}],"wp:attachment":[{"href":"https:\/\/krakowzwiedzanie.pl\/de\/wp-json\/wp\/v2\/media?parent=16098"}],"curies":[{"name":"wp","href":"https:\/\/api.w.org\/{rel}","templated":true}]}}